{"id":31702,"date":"2026-02-26T16:31:17","date_gmt":"2026-02-26T14:31:17","guid":{"rendered":"https:\/\/toolhouse.fi\/?post_type=product&#038;p=31702"},"modified":"2026-03-12T17:24:12","modified_gmt":"2026-03-12T15:24:12","slug":"vedklyv-geko-7-ton","status":"publish","type":"product","link":"https:\/\/toolhouse.fi\/sv\/produkt\/vedklyv-geko-7-ton\/","title":{"rendered":"Vedklyv Geko 7 ton"},"content":{"rendered":"<h2 data-start=\"1407\" data-end=\"1434\"><\/h2>\n<div class=\"TyagGW_tableContainer\">\n<div class=\"group TyagGW_tableWrapper flex flex-col-reverse w-fit\" tabindex=\"-1\">\n<table class=\"w-fit min-w-(--thread-content-width)\" data-start=\"1436\" data-end=\"1833\">\n<thead data-start=\"1436\" data-end=\"1460\">\n<tr data-start=\"1436\" data-end=\"1460\">\n<th data-start=\"1436\" data-end=\"1452\" data-col-size=\"sm\"><\/th>\n<th data-start=\"1452\" data-end=\"1460\" data-col-size=\"sm\"><\/th>\n<\/tr>\n<\/thead>\n<tbody data-start=\"1484\" data-end=\"1833\">\n<tr data-start=\"1484\" data-end=\"1517\">\n<td data-start=\"1484\" data-end=\"1492\" data-col-size=\"sm\">Motor<\/td>\n<td data-col-size=\"sm\" data-start=\"1492\" data-end=\"1517\">2,2 kW\u00a0 230 V<\/td>\n<\/tr>\n<tr data-start=\"1518\" data-end=\"1539\">\n<td data-start=\"1518\" data-end=\"1530\" data-col-size=\"sm\">Klyvkraft<\/td>\n<td data-col-size=\"sm\" data-start=\"1530\" data-end=\"1539\">7 ton<\/td>\n<\/tr>\n<tr data-start=\"1540\" data-end=\"1567\">\n<td data-start=\"1540\" data-end=\"1557\" data-col-size=\"sm\">Max vedl\u00e4ngd<\/p>\n<p>Max veddiameter<\/td>\n<td data-col-size=\"sm\" data-start=\"1557\" data-end=\"1567\">520 mm<\/p>\n<p>250 mm<\/td>\n<\/tr>\n<tr data-start=\"1568\" data-end=\"1599\">\n<td data-start=\"1568\" data-end=\"1584\" data-col-size=\"sm\">Max hydraultryck<\/td>\n<td data-col-size=\"sm\" data-start=\"1584\" data-end=\"1599\">208 bar<\/td>\n<\/tr>\n<tr data-start=\"1600\" data-end=\"1646\">\n<td data-start=\"1600\" data-end=\"1626\" data-col-size=\"sm\">Slagl\u00e4ngd cylinder<\/td>\n<td data-col-size=\"sm\" data-start=\"1626\" data-end=\"1646\">370 mm<\/td>\n<\/tr>\n<tr data-start=\"1647\" data-end=\"1683\">\n<td data-start=\"1647\" data-end=\"1671\" data-col-size=\"sm\">Klyvhastighet<\/td>\n<td data-col-size=\"sm\" data-start=\"1671\" data-end=\"1683\">3,08 cm\/s<\/td>\n<\/tr>\n<tr data-start=\"1684\" data-end=\"1714\">\n<td data-start=\"1684\" data-end=\"1703\" data-col-size=\"sm\">Returhastighet<\/td>\n<td data-col-size=\"sm\" data-start=\"1703\" data-end=\"1714\">5,29 cm\/s<\/td>\n<\/tr>\n<tr data-start=\"1715\" data-end=\"1744\">\n<td data-start=\"1715\" data-end=\"1733\" data-col-size=\"sm\">Oljem\u00e4ngd<\/td>\n<td data-col-size=\"sm\" data-start=\"1733\" data-end=\"1744\">3,5 l<\/td>\n<\/tr>\n<tr data-start=\"1745\" data-end=\"1790\">\n<td data-start=\"1745\" data-end=\"1764\" data-col-size=\"sm\">Bredd<\/p>\n<p>L\u00e4ngd<\/td>\n<td data-col-size=\"sm\" data-start=\"1764\" data-end=\"1790\">520 mm<\/p>\n<p>1180 mm<\/td>\n<\/tr>\n<tr data-start=\"1791\" data-end=\"1808\">\n<td data-start=\"1791\" data-end=\"1798\" data-col-size=\"sm\">Vikt<\/td>\n<td data-col-size=\"sm\" data-start=\"1798\" data-end=\"1808\">62 kg<\/td>\n<\/tr>\n<tr data-start=\"1809\" data-end=\"1833\">\n<td data-start=\"1809\" data-end=\"1823\" data-col-size=\"sm\">Tillverkare<\/td>\n<td data-col-size=\"sm\" data-start=\"1823\" data-end=\"1833\">Geko<\/td>\n<\/tr>\n<\/tbody>\n<\/table>\n<\/div>\n<\/div>\n","protected":false},"excerpt":{"rendered":"<h3 data-start=\"92\" data-end=\"136\">Vedklyv 7 Ton Geko 230V<\/h3>\n<p data-start=\"138\" data-end=\"287\">Effektiv och stabil vedklyv med en klyvkraft p\u00e5 7 ton och kapacitet f\u00f6r ved upp till 520 mm l\u00e4ngd. Utrustad med stativ som ger en bekv\u00e4m och ergonomisk arbetsh\u00f6jd.<\/p>\n<h3 data-start=\"453\" data-end=\"467\"><\/h3>\n<h3 data-start=\"453\" data-end=\"467\">Egenskaper<\/h3>\n<p>&nbsp;<\/p>\n<ul>\n<li>Stativ med tranporthjul<\/li>\n<li>Driftsp\u00e4nning: 230V<\/li>\n<li>Hydraulcylinder med automatisk kolvretur<\/li>\n<li>Justerbar returl\u00e4ngd f\u00f6r effektivare arbete<\/li>\n<li>Sidobord ing\u00e5r f\u00f6r att underl\u00e4tta hantering av ved vid klyvning.<\/li>\n<li>P\u00e5litlig och kraftfull 2,2kW-motor.<\/li>\n<li>Rej\u00e4la skydd \u00f6ver klyvkniven<\/li>\n<li data-start=\"584\" data-end=\"611\">S\u00e4ker tv\u00e5handsman\u00f6vrering<\/li>\n<li data-start=\"584\" data-end=\"611\">Levereras f\u00f6rfylld med hydraulolja<\/li>\n<li>Niv\u00e5indikator f\u00f6r hydraulolja.<\/li>\n<li>Transporthjul f\u00f6r enkel f\u00f6rflyttning.<\/li>\n<\/ul>\n<hr data-start=\"1402\" data-end=\"1405\" \/>\n<div class=\"TyagGW_tableContainer\">\n<div class=\"group TyagGW_tableWrapper flex flex-col-reverse w-fit\" tabindex=\"-1\"><\/div>\n<\/div>\n","protected":false},"featured_media":31726,"template":"","meta":{"_acf_changed":false,"_seopress_robots_primary_cat":"none","_seopress_titles_title":"","_seopress_titles_desc":"","_seopress_robots_index":""},"product_cat":[781,784],"product_tag":[],"class_list":{"0":"post-31702","1":"product","2":"type-product","3":"status-publish","4":"has-post-thumbnail","6":"product_cat-hem-tradgard","7":"product_cat-vedklyvar","9":"first","10":"instock","11":"sale","12":"taxable","13":"shipping-taxable","14":"purchasable","15":"product-type-simple","swatches":"rey-swatches","show_selected":""},"acf":[],"_links":{"self":[{"href":"https:\/\/toolhouse.fi\/sv\/wp-json\/wp\/v2\/product\/31702","targetHints":{"allow":["GET"]}}],"collection":[{"href":"https:\/\/toolhouse.fi\/sv\/wp-json\/wp\/v2\/product"}],"about":[{"href":"https:\/\/toolhouse.fi\/sv\/wp-json\/wp\/v2\/types\/product"}],"version-history":[{"count":5,"href":"https:\/\/toolhouse.fi\/sv\/wp-json\/wp\/v2\/product\/31702\/revisions"}],"predecessor-version":[{"id":31742,"href":"https:\/\/toolhouse.fi\/sv\/wp-json\/wp\/v2\/product\/31702\/revisions\/31742"}],"wp:featuredmedia":[{"embeddable":true,"href":"https:\/\/toolhouse.fi\/sv\/wp-json\/wp\/v2\/media\/31726"}],"wp:attachment":[{"href":"https:\/\/toolhouse.fi\/sv\/wp-json\/wp\/v2\/media?parent=31702"}],"wp:term":[{"taxonomy":"product_cat","embeddable":true,"href":"https:\/\/toolhouse.fi\/sv\/wp-json\/wp\/v2\/product_cat?post=31702"},{"taxonomy":"product_tag","embeddable":true,"href":"https:\/\/toolhouse.fi\/sv\/wp-json\/wp\/v2\/product_tag?post=31702"}],"curies":[{"name":"wp","href":"https:\/\/api.w.org\/{rel}","templated":true}]}}