{"id":31743,"date":"2026-03-03T17:01:27","date_gmt":"2026-03-03T15:01:27","guid":{"rendered":"https:\/\/toolhouse.fi\/?post_type=product&#038;p=31743"},"modified":"2026-03-04T14:29:58","modified_gmt":"2026-03-04T12:29:58","slug":"frasverktyg-for-spridarsaten-7-delar","status":"publish","type":"product","link":"https:\/\/toolhouse.fi\/sv\/produkt\/frasverktyg-for-spridarsaten-7-delar\/","title":{"rendered":"Fr\u00e4sverktyg F\u00f6r Spridars\u00e4ten 7 delar"},"content":{"rendered":"","protected":false},"excerpt":{"rendered":"<p>Professionell verktygssats f\u00f6r fr\u00e4sning och reng\u00f6ring av koksbel\u00e4ggningar i injektors\u00e4ten. Perfekt f\u00f6r anv\u00e4ndning vid byte av spridare. Kompatibel med de flesta moderna dieselmotorer.<\/p>\n<p><strong>Inneh\u00e5ll:<\/strong><\/p>\n<ul>\n<li>T handtag<\/li>\n<li>Centreringshandtag<\/li>\n<li>15&#215;19 mm planfr\u00e4s \u2013 universal<\/li>\n<li><span dir=\"auto\"><span dir=\"auto\">17x17mm vinkelfr\u00e4s \u2013 f\u00f6r Mercedes-Benz CDI<\/span><\/span><\/li>\n<li>17&#215;17 mm planfr\u00e4s \u2013 f\u00f6r Delphi\/Bosch-spridare (BMW\/PSA\/RENAULT\/FORD)<\/li>\n<li>17&#215;19 mm planfr\u00e4s \u2013 f\u00f6r Bosch-spridare (Mercedes CRD)<\/li>\n<li>17&#215;21 mm vinkelfr\u00e4s \u2013 f\u00f6r Fiat\/Iveco<\/li>\n<li>Insexnyckel<\/li>\n<\/ul>\n<p>Tillverkare: Geko<\/p>\n","protected":false},"featured_media":31747,"template":"","meta":{"_acf_changed":false,"_seopress_robots_primary_cat":"none","_seopress_titles_title":"","_seopress_titles_desc":"","_seopress_robots_index":""},"product_cat":[338,582,21],"product_tag":[],"class_list":{"0":"post-31743","1":"product","2":"type-product","3":"status-publish","4":"has-post-thumbnail","6":"product_cat-fordonsverktyg","7":"product_cat-motorverktyg","8":"product_cat-verkstadsutrustning","10":"first","11":"instock","12":"taxable","13":"shipping-taxable","14":"purchasable","15":"product-type-simple","swatches":"rey-swatches","show_selected":""},"acf":[],"_links":{"self":[{"href":"https:\/\/toolhouse.fi\/sv\/wp-json\/wp\/v2\/product\/31743","targetHints":{"allow":["GET"]}}],"collection":[{"href":"https:\/\/toolhouse.fi\/sv\/wp-json\/wp\/v2\/product"}],"about":[{"href":"https:\/\/toolhouse.fi\/sv\/wp-json\/wp\/v2\/types\/product"}],"version-history":[{"count":3,"href":"https:\/\/toolhouse.fi\/sv\/wp-json\/wp\/v2\/product\/31743\/revisions"}],"predecessor-version":[{"id":31754,"href":"https:\/\/toolhouse.fi\/sv\/wp-json\/wp\/v2\/product\/31743\/revisions\/31754"}],"wp:featuredmedia":[{"embeddable":true,"href":"https:\/\/toolhouse.fi\/sv\/wp-json\/wp\/v2\/media\/31747"}],"wp:attachment":[{"href":"https:\/\/toolhouse.fi\/sv\/wp-json\/wp\/v2\/media?parent=31743"}],"wp:term":[{"taxonomy":"product_cat","embeddable":true,"href":"https:\/\/toolhouse.fi\/sv\/wp-json\/wp\/v2\/product_cat?post=31743"},{"taxonomy":"product_tag","embeddable":true,"href":"https:\/\/toolhouse.fi\/sv\/wp-json\/wp\/v2\/product_tag?post=31743"}],"curies":[{"name":"wp","href":"https:\/\/api.w.org\/{rel}","templated":true}]}}