{"id":31757,"date":"2026-03-04T11:13:30","date_gmt":"2026-03-04T09:13:30","guid":{"rendered":"https:\/\/toolhouse.fi\/?post_type=product&#038;p=31757"},"modified":"2026-04-21T09:36:50","modified_gmt":"2026-04-21T06:36:50","slug":"bussningsverktyg-volvo-ford-mazda","status":"publish","type":"product","link":"https:\/\/toolhouse.fi\/sv\/produkt\/bussningsverktyg-volvo-ford-mazda\/","title":{"rendered":"Bussningsverktyg Volvo, Ford, Mazda"},"content":{"rendered":"","protected":false},"excerpt":{"rendered":"<p data-start=\"81\" data-end=\"249\">Ett h\u00f6gkvalitativt verktygssats f\u00f6r snabb, s\u00e4ker och effektiv demontering samt montering av bakre l\u00e4nkarmens bussning. Den smarta konstruktionen g\u00f6r det m\u00f6jligt att byta bussningar utan att demontera hela l\u00e4nkarmen.<\/p>\n<h3 data-start=\"797\" data-end=\"824\"><\/h3>\n<h3 data-start=\"797\" data-end=\"824\">Passar f\u00f6ljande modeller<\/h3>\n<p data-start=\"826\" data-end=\"834\"><strong data-start=\"826\" data-end=\"834\">Ford<\/strong><\/p>\n<ul>\n<li data-start=\"837\" data-end=\"860\">Focus MK1 (1998\u20132007)<\/li>\n<li data-start=\"863\" data-end=\"886\">Focus MK2 (2004\u20132012)<\/li>\n<li data-start=\"889\" data-end=\"904\">C-Max (2007\u2013)<\/li>\n<li data-start=\"907\" data-end=\"925\">Kuga MK1 (2008\u2013)<\/li>\n<\/ul>\n<p data-start=\"927\" data-end=\"936\"><strong data-start=\"927\" data-end=\"936\">Mazda<\/strong><\/p>\n<ul>\n<li data-start=\"939\" data-end=\"972\">3 Sedan \/ Halvkombi (2003\u20132008)<\/li>\n<li data-start=\"975\" data-end=\"1004\">5 CR \/ CW \/ MPV (fr\u00e5n 2005)<\/li>\n<\/ul>\n<p data-start=\"1006\" data-end=\"1015\"><strong data-start=\"1006\" data-end=\"1015\">Volvo<\/strong><\/p>\n<ul>\n<li>V50 (2004\u20132012)<\/li>\n<li>S40 (2003\u20132012)<\/li>\n<li data-end=\"1945\" data-start=\"1928\">C30 (2006\u20132012)<\/li>\n<li data-end=\"1968\" data-start=\"1948\">C70 II (2006\u20132013)<\/li>\n<\/ul>\n<p>Tillverkare: Geko<\/p>\n","protected":false},"featured_media":31766,"template":"","meta":{"_acf_changed":false,"_seopress_robots_primary_cat":"none","_seopress_titles_title":"","_seopress_titles_desc":"","_seopress_robots_index":""},"product_cat":[338,585,21],"product_tag":[],"class_list":{"0":"post-31757","1":"product","2":"type-product","3":"status-publish","4":"has-post-thumbnail","6":"product_cat-fordonsverktyg","7":"product_cat-verktyg-for-underrede-och-transmission","8":"product_cat-verkstadsutrustning","10":"first","11":"instock","12":"taxable","13":"shipping-taxable","14":"purchasable","15":"product-type-simple","swatches":"rey-swatches","show_selected":""},"acf":[],"_links":{"self":[{"href":"https:\/\/toolhouse.fi\/sv\/wp-json\/wp\/v2\/product\/31757","targetHints":{"allow":["GET"]}}],"collection":[{"href":"https:\/\/toolhouse.fi\/sv\/wp-json\/wp\/v2\/product"}],"about":[{"href":"https:\/\/toolhouse.fi\/sv\/wp-json\/wp\/v2\/types\/product"}],"version-history":[{"count":2,"href":"https:\/\/toolhouse.fi\/sv\/wp-json\/wp\/v2\/product\/31757\/revisions"}],"predecessor-version":[{"id":31776,"href":"https:\/\/toolhouse.fi\/sv\/wp-json\/wp\/v2\/product\/31757\/revisions\/31776"}],"wp:featuredmedia":[{"embeddable":true,"href":"https:\/\/toolhouse.fi\/sv\/wp-json\/wp\/v2\/media\/31766"}],"wp:attachment":[{"href":"https:\/\/toolhouse.fi\/sv\/wp-json\/wp\/v2\/media?parent=31757"}],"wp:term":[{"taxonomy":"product_cat","embeddable":true,"href":"https:\/\/toolhouse.fi\/sv\/wp-json\/wp\/v2\/product_cat?post=31757"},{"taxonomy":"product_tag","embeddable":true,"href":"https:\/\/toolhouse.fi\/sv\/wp-json\/wp\/v2\/product_tag?post=31757"}],"curies":[{"name":"wp","href":"https:\/\/api.w.org\/{rel}","templated":true}]}}