{"id":31777,"date":"2026-03-04T14:43:35","date_gmt":"2026-03-04T12:43:35","guid":{"rendered":"https:\/\/toolhouse.fi\/?post_type=product&#038;p=31777"},"modified":"2026-03-05T17:41:36","modified_gmt":"2026-03-05T15:41:36","slug":"dornpress-2000-kg","status":"publish","type":"product","link":"https:\/\/toolhouse.fi\/sv\/produkt\/dornpress-2000-kg\/","title":{"rendered":"Dornpress 2000 kg"},"content":{"rendered":"","protected":false},"excerpt":{"rendered":"<p data-start=\"56\" data-end=\"227\">Mekanisk press l\u00e4mplig f\u00f6r t.ex. inpressning och urdragning av lager och bussningar.<\/p>\n<ul>\n<li data-start=\"231\" data-end=\"278\">Slipade t\u00e4nder s\u00e4kerst\u00e4ller exakt funktion<\/li>\n<li data-start=\"281\" data-end=\"323\">Pressplatta med fyra urtag<\/li>\n<li data-start=\"326\" data-end=\"367\">Stomme av h\u00f6gkvalitativt gjutj\u00e4rn, kuggst\u00e5ng och kugghjul av st\u00e5l.<\/li>\n<\/ul>\n<p data-start=\"369\" data-end=\"388\"><strong data-start=\"369\" data-end=\"386\">Tekniska data<\/strong><\/p>\n<ul>\n<li data-start=\"391\" data-end=\"410\">Presskraft: 2 ton<\/li>\n<li data-start=\"413\" data-end=\"445\">Kuggst\u00e5ng: 30 x 30 x 325 mm<\/li>\n<li data-start=\"413\" data-end=\"445\">Monteringsh\u00e5l for dorn i \u00e4ndan p\u00e5 kuggst\u00e5ng: 12 mm<\/li>\n<li data-start=\"413\" data-end=\"445\">Slagl\u00e4ngd: 218 mm<\/li>\n<li data-start=\"448\" data-end=\"471\">Basm\u00e5tt: 400 x 165 mm<\/li>\n<li data-start=\"448\" data-end=\"471\">Bash\u00f6jd 75 mm<\/li>\n<li>Ramh\u00f6jd: 430 mm<\/li>\n<li>Maximal h\u00f6jd: 590 mm<\/li>\n<li data-start=\"474\" data-end=\"515\">Maximalt gap (h\u00f6jd): 190 \/ 212 mm<\/li>\n<li data-start=\"474\" data-end=\"515\">Maximalt djup: 140 mm<\/li>\n<li data-start=\"518\" data-end=\"539\">Basens urtag: 52 mm<\/li>\n<li data-start=\"542\" data-end=\"564\">Pressplatta: 165 x 22 mm<\/li>\n<li data-start=\"542\" data-end=\"564\">Urtag i pressplatta: 23, 28, 38, 52 mm<\/li>\n<li data-start=\"601\" data-end=\"622\">Vikt 28 kg<\/li>\n<li data-start=\"601\" data-end=\"622\">Tillverkare: Geko<\/li>\n<\/ul>\n","protected":false},"featured_media":31785,"template":"","meta":{"_acf_changed":false,"_seopress_robots_primary_cat":"none","_seopress_titles_title":"","_seopress_titles_desc":"","_seopress_robots_index":""},"product_cat":[137,621,21],"product_tag":[],"class_list":{"0":"post-31777","1":"product","2":"type-product","3":"status-publish","4":"has-post-thumbnail","6":"product_cat-hydraulpressar","7":"product_cat-pressar","8":"product_cat-verkstadsutrustning","10":"first","11":"instock","12":"taxable","13":"shipping-taxable","14":"purchasable","15":"product-type-simple","swatches":"rey-swatches","show_selected":""},"acf":[],"_links":{"self":[{"href":"https:\/\/toolhouse.fi\/sv\/wp-json\/wp\/v2\/product\/31777","targetHints":{"allow":["GET"]}}],"collection":[{"href":"https:\/\/toolhouse.fi\/sv\/wp-json\/wp\/v2\/product"}],"about":[{"href":"https:\/\/toolhouse.fi\/sv\/wp-json\/wp\/v2\/types\/product"}],"version-history":[{"count":3,"href":"https:\/\/toolhouse.fi\/sv\/wp-json\/wp\/v2\/product\/31777\/revisions"}],"predecessor-version":[{"id":31794,"href":"https:\/\/toolhouse.fi\/sv\/wp-json\/wp\/v2\/product\/31777\/revisions\/31794"}],"wp:featuredmedia":[{"embeddable":true,"href":"https:\/\/toolhouse.fi\/sv\/wp-json\/wp\/v2\/media\/31785"}],"wp:attachment":[{"href":"https:\/\/toolhouse.fi\/sv\/wp-json\/wp\/v2\/media?parent=31777"}],"wp:term":[{"taxonomy":"product_cat","embeddable":true,"href":"https:\/\/toolhouse.fi\/sv\/wp-json\/wp\/v2\/product_cat?post=31777"},{"taxonomy":"product_tag","embeddable":true,"href":"https:\/\/toolhouse.fi\/sv\/wp-json\/wp\/v2\/product_tag?post=31777"}],"curies":[{"name":"wp","href":"https:\/\/api.w.org\/{rel}","templated":true}]}}