{"id":31797,"date":"2026-03-04T15:53:57","date_gmt":"2026-03-04T13:53:57","guid":{"rendered":"https:\/\/toolhouse.fi\/?post_type=product&#038;p=31797"},"modified":"2026-03-05T17:29:44","modified_gmt":"2026-03-05T15:29:44","slug":"verktygsserie-for-ac-kompressorns-magnetkoppling","status":"publish","type":"product","link":"https:\/\/toolhouse.fi\/sv\/produkt\/verktygsserie-for-ac-kompressorns-magnetkoppling\/","title":{"rendered":"Verktygsserie f\u00f6r ac-kompressorns magnetkoppling"},"content":{"rendered":"","protected":false},"excerpt":{"rendered":"<p data-start=\"56\" data-end=\"116\"><strong data-start=\"56\" data-end=\"114\">Avdragar samt monteringsverktyg f\u00f6r luftkonditioneringens kompressorkoppling<\/strong><\/p>\n<p data-start=\"118\" data-end=\"185\">Kitet anv\u00e4nds f\u00f6r att lossa och montera kopplingen p\u00e5 bland annat f\u00f6ljande kompressorer:<\/p>\n<ul>\n<li data-start=\"189\" data-end=\"244\">Ford Fs6, C171, 6P och 148<\/li>\n<li data-start=\"189\" data-end=\"244\">GM \/ Delphi \/ Harrison R4 och A6, Hr6, DA-6 och V5<\/li>\n<li data-start=\"247\" data-end=\"297\">Sanden SD 505, 507, 510, 575, 708, 709<\/li>\n<li>Nippon Denso 6P<\/li>\n<li>Universalavdragaren passar de flesta kopplingar med 2 eller 3 bultar.<\/li>\n<\/ul>\n<p data-start=\"299\" data-end=\"403\">Tillverkare: Geko<\/p>\n","protected":false},"featured_media":31808,"template":"","meta":{"_acf_changed":false,"_seopress_robots_primary_cat":"none","_seopress_titles_title":"","_seopress_titles_desc":"","_seopress_robots_index":""},"product_cat":[338,582,21],"product_tag":[],"class_list":{"0":"post-31797","1":"product","2":"type-product","3":"status-publish","4":"has-post-thumbnail","6":"product_cat-fordonsverktyg","7":"product_cat-motorverktyg","8":"product_cat-verkstadsutrustning","10":"first","11":"instock","12":"taxable","13":"shipping-taxable","14":"purchasable","15":"product-type-simple","swatches":"rey-swatches","show_selected":""},"acf":[],"_links":{"self":[{"href":"https:\/\/toolhouse.fi\/sv\/wp-json\/wp\/v2\/product\/31797","targetHints":{"allow":["GET"]}}],"collection":[{"href":"https:\/\/toolhouse.fi\/sv\/wp-json\/wp\/v2\/product"}],"about":[{"href":"https:\/\/toolhouse.fi\/sv\/wp-json\/wp\/v2\/types\/product"}],"version-history":[{"count":5,"href":"https:\/\/toolhouse.fi\/sv\/wp-json\/wp\/v2\/product\/31797\/revisions"}],"predecessor-version":[{"id":31819,"href":"https:\/\/toolhouse.fi\/sv\/wp-json\/wp\/v2\/product\/31797\/revisions\/31819"}],"wp:featuredmedia":[{"embeddable":true,"href":"https:\/\/toolhouse.fi\/sv\/wp-json\/wp\/v2\/media\/31808"}],"wp:attachment":[{"href":"https:\/\/toolhouse.fi\/sv\/wp-json\/wp\/v2\/media?parent=31797"}],"wp:term":[{"taxonomy":"product_cat","embeddable":true,"href":"https:\/\/toolhouse.fi\/sv\/wp-json\/wp\/v2\/product_cat?post=31797"},{"taxonomy":"product_tag","embeddable":true,"href":"https:\/\/toolhouse.fi\/sv\/wp-json\/wp\/v2\/product_tag?post=31797"}],"curies":[{"name":"wp","href":"https:\/\/api.w.org\/{rel}","templated":true}]}}