{"id":31820,"date":"2026-03-04T17:26:59","date_gmt":"2026-03-04T15:26:59","guid":{"rendered":"https:\/\/toolhouse.fi\/?post_type=product&#038;p=31820"},"modified":"2026-03-05T17:53:19","modified_gmt":"2026-03-05T15:53:19","slug":"platsax-tvardy-300mm-hoger","status":"publish","type":"product","link":"https:\/\/toolhouse.fi\/sv\/produkt\/platsax-tvardy-300mm-hoger\/","title":{"rendered":"Pl\u00e5tsax Tvardy 300mm h\u00f6ger"},"content":{"rendered":"","protected":false},"excerpt":{"rendered":"<p data-start=\"59\" data-end=\"101\"><strong data-start=\"59\" data-end=\"99\">Tvardy Pelikan pl\u00e5tsax h\u00f6ger, 300 mm<\/strong><\/p>\n<p data-start=\"103\" data-end=\"368\">Tvardy Pelikan h\u00f6gersax med vinklat huvud \u00e4r ett professionellt\u00a0verktyg som l\u00e4mpar sig perfekt f\u00f6r exakt klippning av pl\u00e5t i olika former. Tack vare sin robusta konstruktion och ergonomiska design m\u00f6jligg\u00f6r saxen bekv\u00e4mt och effektivt arbete med minimal anstr\u00e4ngning.<\/p>\n<p data-start=\"370\" data-end=\"392\"><strong data-start=\"370\" data-end=\"390\">Specifikationer:<\/strong><\/p>\n<ul>\n<li data-start=\"395\" data-end=\"416\">Tillverkare: Tvardy<\/li>\n<li data-start=\"419\" data-end=\"457\">Material: CrV-st\u00e5l (kromvanadinst\u00e5l)<\/li>\n<li data-start=\"460\" data-end=\"533\">H\u00e4rdade sk\u00e4r: 55\u201360 HRC \u2013 ger l\u00e5ngvarig sk\u00e4rpa och h\u00f6g slitstyrka<\/li>\n<li data-start=\"536\" data-end=\"551\">L\u00e4ngd: 300 mm<\/li>\n<li data-start=\"536\" data-end=\"551\">Sk\u00e4rl\u00e4ngd: 68 mm<\/li>\n<li data-start=\"554\" data-end=\"575\">Typ: H\u00f6ger, vinklad<\/li>\n<li data-start=\"578\" data-end=\"597\">Handtag: Halkfria<\/li>\n<li data-start=\"578\" data-end=\"597\">Vikt: 0,85 kg<\/li>\n<\/ul>\n","protected":false},"featured_media":31828,"template":"","meta":{"_acf_changed":false,"_seopress_robots_primary_cat":"none","_seopress_titles_title":"","_seopress_titles_desc":"","_seopress_robots_index":""},"product_cat":[578,583,336,21],"product_tag":[],"class_list":{"0":"post-31820","1":"product","2":"type-product","3":"status-publish","4":"has-post-thumbnail","6":"product_cat-handverktyg","7":"product_cat-karosseriverktyg","8":"product_cat-verktyg","9":"product_cat-verkstadsutrustning","11":"first","12":"instock","13":"taxable","14":"shipping-taxable","15":"purchasable","16":"product-type-simple","swatches":"rey-swatches","show_selected":""},"acf":[],"_links":{"self":[{"href":"https:\/\/toolhouse.fi\/sv\/wp-json\/wp\/v2\/product\/31820","targetHints":{"allow":["GET"]}}],"collection":[{"href":"https:\/\/toolhouse.fi\/sv\/wp-json\/wp\/v2\/product"}],"about":[{"href":"https:\/\/toolhouse.fi\/sv\/wp-json\/wp\/v2\/types\/product"}],"version-history":[{"count":2,"href":"https:\/\/toolhouse.fi\/sv\/wp-json\/wp\/v2\/product\/31820\/revisions"}],"predecessor-version":[{"id":31834,"href":"https:\/\/toolhouse.fi\/sv\/wp-json\/wp\/v2\/product\/31820\/revisions\/31834"}],"wp:featuredmedia":[{"embeddable":true,"href":"https:\/\/toolhouse.fi\/sv\/wp-json\/wp\/v2\/media\/31828"}],"wp:attachment":[{"href":"https:\/\/toolhouse.fi\/sv\/wp-json\/wp\/v2\/media?parent=31820"}],"wp:term":[{"taxonomy":"product_cat","embeddable":true,"href":"https:\/\/toolhouse.fi\/sv\/wp-json\/wp\/v2\/product_cat?post=31820"},{"taxonomy":"product_tag","embeddable":true,"href":"https:\/\/toolhouse.fi\/sv\/wp-json\/wp\/v2\/product_tag?post=31820"}],"curies":[{"name":"wp","href":"https:\/\/api.w.org\/{rel}","templated":true}]}}