{"id":31852,"date":"2026-03-05T16:18:19","date_gmt":"2026-03-05T14:18:19","guid":{"rendered":"https:\/\/toolhouse.fi\/?post_type=product&#038;p=31852"},"modified":"2026-03-05T18:05:05","modified_gmt":"2026-03-05T16:05:05","slug":"oljepluggshylsor-23-delar","status":"publish","type":"product","link":"https:\/\/toolhouse.fi\/sv\/produkt\/oljepluggshylsor-23-delar\/","title":{"rendered":"Oljepluggshylsor 23 delar"},"content":{"rendered":"","protected":false},"excerpt":{"rendered":"<p data-pm-slice=\"1 1 []\"><strong>23-delars 3\/8&#8243;-verktygsset <\/strong>f\u00f6r oljepluggar p\u00e5 motorer, v\u00e4xell\u00e5dor och slutv\u00e4xlar. Tillverkat i slitstarkt kromvanadiumst\u00e5l (CrV).<\/p>\n<p><strong>Inneh\u00e5ll:<\/strong><\/p>\n<ul>\n<li>T-skaft 3\/8&#8243;, 165 mm<\/li>\n<li>F\u00f6rl\u00e4ngare 3\/8&#8243;, 75 mm<\/li>\n<li>F\u00f6rl\u00e4ngare 3\/8&#8243;, 150 mm<\/li>\n<li data-start=\"1577\" data-end=\"1596\">3-kant: XT10 (10 mm)<\/li>\n<li data-start=\"1599\" data-end=\"1660\">4-kant: S7, S8, S10, S11, S12, S13, S14 (mm), S5\/16&#8243;, S3\/8&#8243;<\/li>\n<li data-start=\"1663\" data-end=\"1716\">6-kant (HEX): H8, H9, H10, H12, H13, H14, H17 (mm)<\/li>\n<li data-start=\"1719\" data-end=\"1743\">Torx: XT45<\/li>\n<li data-start=\"1746\" data-end=\"1773\">12-kant med h\u00e5l: M16 (mm)<\/li>\n<li data-start=\"1776\" data-end=\"1802\">Inv\u00e4ndig fyrkant: XS10 (10 mm)<\/li>\n<\/ul>\n<div class=\"flex flex-col text-sm pb-25\">\n<article class=\"text-token-text-primary w-full focus:outline-none [--shadow-height:45px] has-data-writing-block:pointer-events-none has-data-writing-block:-mt-(--shadow-height) has-data-writing-block:pt-(--shadow-height) [&amp;:has([data-writing-block])&gt;*]:pointer-events-auto scroll-mt-[calc(var(--header-height)+min(200px,max(70px,20svh)))]\" dir=\"auto\" tabindex=\"-1\" data-turn-id=\"request-WEB:b96914b8-6d83-4f40-aa5d-360439a27f6b-19\" data-testid=\"conversation-turn-20\" data-scroll-anchor=\"true\" data-turn=\"assistant\">\n<div class=\"text-base my-auto mx-auto pb-10 [--thread-content-margin:--spacing(4)] @w-sm\/main:[--thread-content-margin:--spacing(6)] @w-lg\/main:[--thread-content-margin:--spacing(16)] px-(--thread-content-margin)\">\n<div class=\"[--thread-content-max-width:40rem] @w-lg\/main:[--thread-content-max-width:48rem] mx-auto max-w-(--thread-content-max-width) flex-1 group\/turn-messages focus-visible:outline-hidden relative flex w-full min-w-0 flex-col agent-turn\" tabindex=\"-1\">\n<div class=\"flex max-w-full flex-col grow\">\n<div class=\"min-h-8 text-message relative flex w-full flex-col items-end gap-2 text-start break-words whitespace-normal [.text-message+&amp;]:mt-1\" dir=\"auto\" data-message-author-role=\"assistant\" data-message-id=\"6e411dae-9ddc-4159-8b7b-6e4aa198d12b\" data-message-model-slug=\"gpt-5-mini\">\n<div class=\"flex w-full flex-col gap-1 empty:hidden first:pt-[1px]\">\n<div class=\"markdown prose dark:prose-invert w-full wrap-break-word light markdown-new-styling\">\n<p data-start=\"23\" data-end=\"67\" data-is-last-node=\"\" data-is-only-node=\"\"><strong data-start=\"23\" data-end=\"67\" data-is-last-node=\"\">Passar bland annat till f\u00f6ljande m\u00e4rken:<\/strong><\/p>\n<\/div>\n<\/div>\n<\/div>\n<\/div>\n<\/div>\n<\/div>\n<\/article>\n<\/div>\n<ul>\n<li data-start=\"162\" data-end=\"168\">AUDI<\/li>\n<li data-start=\"171\" data-end=\"179\">AUSTIN<\/li>\n<li data-start=\"182\" data-end=\"187\">BMW<\/li>\n<li data-start=\"190\" data-end=\"199\">CITROEN<\/li>\n<li data-start=\"202\" data-end=\"208\">FIAT<\/li>\n<li data-start=\"211\" data-end=\"217\">FORD<\/li>\n<li data-start=\"220\" data-end=\"224\">GM<\/li>\n<li data-start=\"227\" data-end=\"234\">HONDA<\/li>\n<li data-start=\"237\" data-end=\"245\">LANCIA<\/li>\n<li data-start=\"248\" data-end=\"255\">MAZDA<\/li>\n<li data-start=\"258\" data-end=\"284\">MERCEDES-BENZ<\/li>\n<li data-start=\"287\" data-end=\"295\">NISSAN<\/li>\n<li data-start=\"298\" data-end=\"304\">OPEL<\/li>\n<li data-start=\"307\" data-end=\"316\">PEUGEOT<\/li>\n<li data-start=\"319\" data-end=\"328\">RENAULT<\/li>\n<li data-start=\"331\" data-end=\"337\">SAAB<\/li>\n<li data-start=\"340\" data-end=\"348\">SUBARU<\/li>\n<li data-start=\"351\" data-end=\"359\">TOYOTA<\/li>\n<li data-start=\"362\" data-end=\"367\">VAG<\/li>\n<li data-start=\"370\" data-end=\"377\">VOLVO<\/li>\n<li data-start=\"380\" data-end=\"384\">VW<\/li>\n<\/ul>\n<p>Tillverkare: Geko<\/p>\n","protected":false},"featured_media":31864,"template":"","meta":{"_acf_changed":false,"_seopress_robots_primary_cat":"none","_seopress_titles_title":"","_seopress_titles_desc":"","_seopress_robots_index":""},"product_cat":[338,581,582,336,340,21],"product_tag":[],"class_list":{"0":"post-31852","1":"product","2":"type-product","3":"status-publish","4":"has-post-thumbnail","6":"product_cat-fordonsverktyg","7":"product_cat-hylsverktyg-och-vridverktyg","8":"product_cat-motorverktyg","9":"product_cat-verktyg","10":"product_cat-oljeverktyg","11":"product_cat-verkstadsutrustning","12":"product_shipping_class-tillbehor-790","14":"first","15":"instock","16":"taxable","17":"shipping-taxable","18":"purchasable","19":"product-type-simple","swatches":"rey-swatches","show_selected":""},"acf":[],"_links":{"self":[{"href":"https:\/\/toolhouse.fi\/sv\/wp-json\/wp\/v2\/product\/31852","targetHints":{"allow":["GET"]}}],"collection":[{"href":"https:\/\/toolhouse.fi\/sv\/wp-json\/wp\/v2\/product"}],"about":[{"href":"https:\/\/toolhouse.fi\/sv\/wp-json\/wp\/v2\/types\/product"}],"version-history":[{"count":2,"href":"https:\/\/toolhouse.fi\/sv\/wp-json\/wp\/v2\/product\/31852\/revisions"}],"predecessor-version":[{"id":31868,"href":"https:\/\/toolhouse.fi\/sv\/wp-json\/wp\/v2\/product\/31852\/revisions\/31868"}],"wp:featuredmedia":[{"embeddable":true,"href":"https:\/\/toolhouse.fi\/sv\/wp-json\/wp\/v2\/media\/31864"}],"wp:attachment":[{"href":"https:\/\/toolhouse.fi\/sv\/wp-json\/wp\/v2\/media?parent=31852"}],"wp:term":[{"taxonomy":"product_cat","embeddable":true,"href":"https:\/\/toolhouse.fi\/sv\/wp-json\/wp\/v2\/product_cat?post=31852"},{"taxonomy":"product_tag","embeddable":true,"href":"https:\/\/toolhouse.fi\/sv\/wp-json\/wp\/v2\/product_tag?post=31852"}],"curies":[{"name":"wp","href":"https:\/\/api.w.org\/{rel}","templated":true}]}}