{"id":31904,"date":"2026-03-09T16:44:46","date_gmt":"2026-03-09T14:44:46","guid":{"rendered":"https:\/\/toolhouse.fi\/?post_type=product&#038;p=31904"},"modified":"2026-03-14T19:47:12","modified_gmt":"2026-03-14T17:47:12","slug":"skruv-och-mutterutdragarsats-26-delar","status":"publish","type":"product","link":"https:\/\/toolhouse.fi\/sv\/produkt\/skruv-och-mutterutdragarsats-26-delar\/","title":{"rendered":"Skruv- och mutterutdragarsats 26 delar"},"content":{"rendered":"","protected":false},"excerpt":{"rendered":"<p data-start=\"49\" data-end=\"307\"><strong data-start=\"49\" data-end=\"97\">Geko 26-delars skruv- och mutterutdragarsats<\/strong> \u00e4r ett verktyg f\u00f6r skadade och fastrostade bultar, skruvar och muttrar. Tillverkad i h\u00f6gkvalitativt krom-molybdenst\u00e5l (CrMo), vilket ger utm\u00e4rkt h\u00e5llbarhet.<\/p>\n<ul>\n<li>26 delar<\/li>\n<li>Hylsor med 3\/8&#8243; fattning<\/li>\n<li data-start=\"961\" data-end=\"980\">Tillverkare: Geko<\/li>\n<li data-start=\"983\" data-end=\"1020\">Material: CrMo-st\u00e5l (krom-molybden)<\/li>\n<\/ul>\n<p data-start=\"1217\" data-end=\"1240\"><strong data-start=\"1217\" data-end=\"1238\">Inneh\u00e5ll:<\/strong><\/p>\n<ul data-start=\"1241\" data-end=\"1298\">\n<li data-start=\"1241\" data-end=\"1262\">Mutterspr\u00e4ckare Nr 2, 12 &#8211; 16 mm<\/li>\n<li>Mutterspr\u00e4ckare Nr 3, 16 &#8211; 21\u00a0 mm<\/li>\n<li data-start=\"1241\" data-end=\"1262\">Sk\u00e4rande hylsor 13st: 1\/4&#8243;, 8mm, 3\/8&#8243;, 10mm, 11mm, 1\/2&#8243;, 12mm, 13mm, 14mm, 16mm, 17mm, 11\/16&#8243;, 19mm<\/li>\n<li data-start=\"1241\" data-end=\"1262\">Skruvutdragare 5st: 4mm, 5mm, 6,5mm, 8mm, 11mm<\/li>\n<li data-start=\"1241\" data-end=\"1262\">Borrar 5st: 2mm, 3mm, 4mm, 6,3mm, 7mm<\/li>\n<li data-start=\"1241\" data-end=\"1262\">\n<p data-start=\"1243\" data-end=\"1262\">3\/8&#8243;-1\/4&#8243; adapter<\/p>\n<\/li>\n<\/ul>\n<p data-start=\"1300\" data-end=\"1359\">\n","protected":false},"featured_media":31948,"template":"","meta":{"_acf_changed":false,"_seopress_robots_primary_cat":"none","_seopress_titles_title":"","_seopress_titles_desc":"","_seopress_robots_index":""},"product_cat":[588,581,336,21],"product_tag":[],"class_list":{"0":"post-31904","1":"product","2":"type-product","3":"status-publish","4":"has-post-thumbnail","6":"product_cat-avdragare","7":"product_cat-hylsverktyg-och-vridverktyg","8":"product_cat-verktyg","9":"product_cat-verkstadsutrustning","11":"first","12":"instock","13":"taxable","14":"shipping-taxable","15":"purchasable","16":"product-type-simple","swatches":"rey-swatches","show_selected":""},"acf":[],"_links":{"self":[{"href":"https:\/\/toolhouse.fi\/sv\/wp-json\/wp\/v2\/product\/31904","targetHints":{"allow":["GET"]}}],"collection":[{"href":"https:\/\/toolhouse.fi\/sv\/wp-json\/wp\/v2\/product"}],"about":[{"href":"https:\/\/toolhouse.fi\/sv\/wp-json\/wp\/v2\/types\/product"}],"version-history":[{"count":3,"href":"https:\/\/toolhouse.fi\/sv\/wp-json\/wp\/v2\/product\/31904\/revisions"}],"predecessor-version":[{"id":31942,"href":"https:\/\/toolhouse.fi\/sv\/wp-json\/wp\/v2\/product\/31904\/revisions\/31942"}],"wp:featuredmedia":[{"embeddable":true,"href":"https:\/\/toolhouse.fi\/sv\/wp-json\/wp\/v2\/media\/31948"}],"wp:attachment":[{"href":"https:\/\/toolhouse.fi\/sv\/wp-json\/wp\/v2\/media?parent=31904"}],"wp:term":[{"taxonomy":"product_cat","embeddable":true,"href":"https:\/\/toolhouse.fi\/sv\/wp-json\/wp\/v2\/product_cat?post=31904"},{"taxonomy":"product_tag","embeddable":true,"href":"https:\/\/toolhouse.fi\/sv\/wp-json\/wp\/v2\/product_tag?post=31904"}],"curies":[{"name":"wp","href":"https:\/\/api.w.org\/{rel}","templated":true}]}}