{"id":31980,"date":"2026-03-13T15:03:27","date_gmt":"2026-03-13T13:03:27","guid":{"rendered":"https:\/\/toolhouse.fi\/?post_type=product&#038;p=31980"},"modified":"2026-03-14T19:50:42","modified_gmt":"2026-03-14T17:50:42","slug":"drivknutsklammertang","status":"publish","type":"product","link":"https:\/\/toolhouse.fi\/sv\/produkt\/drivknutsklammertang\/","title":{"rendered":"Drivknutsklammert\u00e5ng"},"content":{"rendered":"","protected":false},"excerpt":{"rendered":"<p data-start=\"71\" data-end=\"117\"><strong data-start=\"71\" data-end=\"115\">Drivknutsklammert\u00e5ng f\u00f6r metallsp\u00e4nnband<\/strong><\/p>\n<p data-start=\"119\" data-end=\"245\">Verktyget \u00e4r utformat f\u00f6r att enkelt sp\u00e4nna kl\u00e4mbara metallsp\u00e4nnband p\u00e5 drivknutsdamasker, kylarslangar och br\u00e4nsleslangar.<\/p>\n<ul>\n<li>L\u00e4ngd; 235 mm<\/li>\n<li>Tillverkare: Geko<\/li>\n<\/ul>\n","protected":false},"featured_media":31988,"template":"","meta":{"_acf_changed":false,"_seopress_robots_primary_cat":"none","_seopress_titles_title":"","_seopress_titles_desc":"","_seopress_robots_index":""},"product_cat":[338,585,21],"product_tag":[],"class_list":{"0":"post-31980","1":"product","2":"type-product","3":"status-publish","4":"has-post-thumbnail","6":"product_cat-fordonsverktyg","7":"product_cat-verktyg-for-underrede-och-transmission","8":"product_cat-verkstadsutrustning","10":"first","11":"instock","12":"taxable","13":"shipping-taxable","14":"purchasable","15":"product-type-simple","swatches":"rey-swatches","show_selected":""},"acf":[],"_links":{"self":[{"href":"https:\/\/toolhouse.fi\/sv\/wp-json\/wp\/v2\/product\/31980","targetHints":{"allow":["GET"]}}],"collection":[{"href":"https:\/\/toolhouse.fi\/sv\/wp-json\/wp\/v2\/product"}],"about":[{"href":"https:\/\/toolhouse.fi\/sv\/wp-json\/wp\/v2\/types\/product"}],"version-history":[{"count":2,"href":"https:\/\/toolhouse.fi\/sv\/wp-json\/wp\/v2\/product\/31980\/revisions"}],"predecessor-version":[{"id":31994,"href":"https:\/\/toolhouse.fi\/sv\/wp-json\/wp\/v2\/product\/31980\/revisions\/31994"}],"wp:featuredmedia":[{"embeddable":true,"href":"https:\/\/toolhouse.fi\/sv\/wp-json\/wp\/v2\/media\/31988"}],"wp:attachment":[{"href":"https:\/\/toolhouse.fi\/sv\/wp-json\/wp\/v2\/media?parent=31980"}],"wp:term":[{"taxonomy":"product_cat","embeddable":true,"href":"https:\/\/toolhouse.fi\/sv\/wp-json\/wp\/v2\/product_cat?post=31980"},{"taxonomy":"product_tag","embeddable":true,"href":"https:\/\/toolhouse.fi\/sv\/wp-json\/wp\/v2\/product_tag?post=31980"}],"curies":[{"name":"wp","href":"https:\/\/api.w.org\/{rel}","templated":true}]}}