{"id":32016,"date":"2026-03-13T16:27:53","date_gmt":"2026-03-13T14:27:53","guid":{"rendered":"https:\/\/toolhouse.fi\/?post_type=product&#038;p=32016"},"modified":"2026-03-14T20:03:04","modified_gmt":"2026-03-14T18:03:04","slug":"skiftnyckel-tvardy-0-50mm-10","status":"publish","type":"product","link":"https:\/\/toolhouse.fi\/sv\/produkt\/skiftnyckel-tvardy-0-50mm-10\/","title":{"rendered":"Skiftnyckel Tvardy 0-50mm 10&#8243;"},"content":{"rendered":"","protected":false},"excerpt":{"rendered":"<p data-start=\"67\" data-end=\"121\"><strong data-start=\"67\" data-end=\"121\">Robust skiftnyckel med extra stor \u00f6ppning \u2013 Tvardy<\/strong><\/p>\n<p>Skiftnyckeln \u00e4r designad f\u00f6r att ge maximal \u00e5tkomlighet p\u00e5 tr\u00e5nga utrymmen. Kort skaft och sm\u00e4ckra, h\u00e4rdade k\u00e4ftar g\u00f6r det enkelt att hantera tunna muttrar, r\u00f6rkopplingar och andra sv\u00e5r\u00e5tkomliga delar.<\/p>\n<p>Tillverkad av h\u00f6gkvalitativt CrV-st\u00e5l med h\u00e4rdade k\u00e4ftar f\u00f6r l\u00e5ng livsl\u00e4ngd. Handtaget \u00e4r ergonomiskt kl\u00e4tt i TPR-material f\u00f6r ett bekv\u00e4mt och s\u00e4kert grepp.<\/p>\n<ul>\n<li data-start=\"1051\" data-end=\"1070\">Tillverkare: Tvardy<\/li>\n<li data-start=\"1106\" data-end=\"1124\">L\u00e4ngd: 10\u201d (250 mm)<\/li>\n<li data-start=\"1127\" data-end=\"1153\">K\u00e4ft\u00f6ppning: 0\u201350 mm<\/li>\n<li data-start=\"1127\" data-end=\"1153\">H\u00e4rdade k\u00e4ftar: 46-48 HRC<\/li>\n<li data-start=\"1156\" data-end=\"1188\">Material: CrV-st\u00e5l<\/li>\n<li data-start=\"1191\" data-end=\"1218\">Handtag: TPR-material<\/li>\n<li data-start=\"1191\" data-end=\"1218\">Vikt: 0,55 kg<\/li>\n<\/ul>\n<p>&nbsp;<\/p>\n","protected":false},"featured_media":32021,"template":"","meta":{"_acf_changed":false,"_seopress_robots_primary_cat":"none","_seopress_titles_title":"","_seopress_titles_desc":"","_seopress_robots_index":""},"product_cat":[581,336,21],"product_tag":[],"class_list":{"0":"post-32016","1":"product","2":"type-product","3":"status-publish","4":"has-post-thumbnail","6":"product_cat-hylsverktyg-och-vridverktyg","7":"product_cat-verktyg","8":"product_cat-verkstadsutrustning","10":"first","11":"instock","12":"taxable","13":"shipping-taxable","14":"purchasable","15":"product-type-simple","swatches":"rey-swatches","show_selected":""},"acf":[],"_links":{"self":[{"href":"https:\/\/toolhouse.fi\/sv\/wp-json\/wp\/v2\/product\/32016","targetHints":{"allow":["GET"]}}],"collection":[{"href":"https:\/\/toolhouse.fi\/sv\/wp-json\/wp\/v2\/product"}],"about":[{"href":"https:\/\/toolhouse.fi\/sv\/wp-json\/wp\/v2\/types\/product"}],"version-history":[{"count":2,"href":"https:\/\/toolhouse.fi\/sv\/wp-json\/wp\/v2\/product\/32016\/revisions"}],"predecessor-version":[{"id":32019,"href":"https:\/\/toolhouse.fi\/sv\/wp-json\/wp\/v2\/product\/32016\/revisions\/32019"}],"wp:featuredmedia":[{"embeddable":true,"href":"https:\/\/toolhouse.fi\/sv\/wp-json\/wp\/v2\/media\/32021"}],"wp:attachment":[{"href":"https:\/\/toolhouse.fi\/sv\/wp-json\/wp\/v2\/media?parent=32016"}],"wp:term":[{"taxonomy":"product_cat","embeddable":true,"href":"https:\/\/toolhouse.fi\/sv\/wp-json\/wp\/v2\/product_cat?post=32016"},{"taxonomy":"product_tag","embeddable":true,"href":"https:\/\/toolhouse.fi\/sv\/wp-json\/wp\/v2\/product_tag?post=32016"}],"curies":[{"name":"wp","href":"https:\/\/api.w.org\/{rel}","templated":true}]}}