{"id":32072,"date":"2026-03-17T11:36:38","date_gmt":"2026-03-17T09:36:38","guid":{"rendered":"https:\/\/toolhouse.fi\/?post_type=product&#038;p=32072"},"modified":"2026-03-17T11:37:56","modified_gmt":"2026-03-17T09:37:56","slug":"pk-4000p-230v","status":"publish","type":"product","link":"https:\/\/toolhouse.fi\/sv\/produkt\/pk-4000p-230v\/","title":{"rendered":"PK-4000P 230V"},"content":{"rendered":"<table border=\"0\" width=\"436\" cellspacing=\"0\" cellpadding=\"2\">\n<tbody>\n<tr>\n<td width=\"322\"><b>H\u00f6gsta till\u00e5tna vikt\u00a0:<\/b><\/td>\n<td width=\"93\">4000 kg<\/td>\n<\/tr>\n<tr>\n<td bgcolor=\"#f1f1f1\" width=\"322\"><b>Lyfth\u00f6jd:<\/b><\/td>\n<td bgcolor=\"#f1f1f1\" width=\"93\">100 \u20131800mm<\/td>\n<\/tr>\n<tr>\n<td width=\"322\"><b>Mekaniska s\u00e4kerhetsl\u00e5s :<\/b><\/td>\n<td width=\"93\">Ja<\/td>\n<\/tr>\n<tr>\n<td bgcolor=\"#f1f1f1\" width=\"322\"><b>Drift\u00a0:<\/b><\/td>\n<td bgcolor=\"#f1f1f1\" width=\"93\">Hydraulisk<\/td>\n<\/tr>\n<tr>\n<td width=\"322\"><b>Lyfttid\u00a0:<\/b><\/td>\n<td width=\"93\">40 sekunder<\/td>\n<\/tr>\n<tr>\n<td bgcolor=\"#f1f1f1\" width=\"322\"><\/td>\n<td bgcolor=\"#f1f1f1\" width=\"93\"><\/td>\n<\/tr>\n<tr>\n<td width=\"322\"><b>Bredd mellan pelare:<\/b><\/p>\n<p><strong>Genomk\u00f6rningsbredd:<\/strong><\/td>\n<td width=\"93\">2910 mm<\/p>\n<p>2670 mm<\/td>\n<\/tr>\n<tr>\n<td bgcolor=\"#f1f1f1\" width=\"322\"><b>H\u00f6jd :<\/b><\/td>\n<td bgcolor=\"#f1f1f1\" width=\"93\">2794 mm<\/td>\n<\/tr>\n<tr>\n<td width=\"322\"><b>Bredd\u00a0:<\/b><\/p>\n<p><strong>Vikt:<\/strong><\/td>\n<td width=\"93\">3470 mm<\/p>\n<p>564kg<\/td>\n<\/tr>\n<tr>\n<td bgcolor=\"#f1f1f1\" width=\"322\"><b>Sp\u00e4nning\u00a0:<\/b><\/td>\n<td bgcolor=\"#f1f1f1\" width=\"93\">230V<\/td>\n<\/tr>\n<tr>\n<td width=\"322\"><b>Garanti\u00a0:<\/b><\/td>\n<td width=\"93\">12 m\u00e5nader<\/td>\n<\/tr>\n<tr>\n<td bgcolor=\"#f1f1f1\" width=\"322\"><strong>Ce m\u00e4rkt\u00a0:<\/strong><\/td>\n<td bgcolor=\"#f1f1f1\" width=\"93\">Ja<\/td>\n<\/tr>\n<tr>\n<td width=\"322\"><\/td>\n<td width=\"93\"><\/td>\n<\/tr>\n<tr>\n<td bgcolor=\"#f1f1f1\" width=\"322\"><strong>Motoreffekt:<\/strong><\/td>\n<td bgcolor=\"#f1f1f1\" width=\"93\">2,2kw<\/td>\n<\/tr>\n<tr>\n<td width=\"322\">&nbsp;<\/p>\n<p><strong>Modell<\/strong><\/td>\n<td width=\"93\">&nbsp;<\/p>\n<p><strong>Pk-4000P<\/strong><\/td>\n<\/tr>\n<\/tbody>\n<\/table>\n","protected":false},"excerpt":{"rendered":"<ul>\n<li>Hydraulisk tv\u00e5pelarlyft.<\/li>\n<li>230 V<\/li>\n<li>Lyftkapacitet 4000 kg.<\/li>\n<li>Lyfth\u00f6jd 100 \u2013 1800 mm<\/li>\n<li>Mekaniska s\u00e4kerhetsl\u00e5s<\/li>\n<li>L\u00e5sen p\u00e5 b\u00e5da pelarna frig\u00f6rs med samma spak<\/li>\n<li>Genomk\u00f6rningsbredd: 2670 mm<\/li>\n<\/ul>\n<p>&nbsp;<\/p>\n<p>PK-4000P erbjuder en bredare genomk\u00f6rningsbredd och l\u00e4ngre lyftarmar j\u00e4mf\u00f6rt med motsvarande lyftar, vilket ger st\u00f6rre flexibilitet och anv\u00e4ndarv\u00e4nlighet.<\/p>\n<p>Lyften \u00e4r tillverkad med h\u00f6g byggkvalitet, vilket s\u00e4kerst\u00e4ller b\u00e5de s\u00e4kerhet och h\u00e5llbarhet under l\u00e5ngvarig anv\u00e4ndning.<\/p>\n<p>Lyftdynorna \u00e4r tillverkade av slitstarkt, oljebest\u00e4ndigt gummi f\u00f6r maximal livsl\u00e4ngd och grepp. F\u00f6rh\u00f6jningar i tv\u00e5 olika l\u00e4ngder finns tillg\u00e4ngliga som tillval, vilket g\u00f6r lyften anpassningsbar till olika fordonstyper.<\/p>\n<p>&nbsp;<\/p>\n<p><strong>H\u00f6g s\u00e4kerhet<\/strong><\/p>\n<p>P\u00e5 PK-4000P aktiveras s\u00e4kerhetsl\u00e5sen automatiskt n\u00e4r fordonet lyfts. Frig\u00f6ringen av s\u00e4kerhetsl\u00e5sen \u00e4r mycket enkel \u2013 b\u00e5da pelarnas l\u00e5s frig\u00f6rs samtidigt med hj\u00e4lp av en spak som \u00e4r placerad p\u00e5 utsidan av ena pelaren.<\/p>\n<p>Standardutrustad med gummiskydd som skyddar bild\u00f6rrarna vid \u00f6ppning.<\/p>\n<p>Lyften \u00e4r \u00e4ven utrustad med kl\u00e4mskydd f\u00f6r \u00f6kad s\u00e4kerhet.<\/p>\n","protected":false},"featured_media":21821,"template":"","meta":{"_acf_changed":false,"_seopress_robots_primary_cat":"none","_seopress_titles_title":"","_seopress_titles_desc":"","_seopress_robots_index":""},"product_cat":[278,458,20],"product_tag":[],"class_list":{"0":"post-32072","1":"product","2":"type-product","3":"status-publish","4":"has-post-thumbnail","6":"product_cat-2-pelarlyft","7":"product_cat-fordonslyftar","8":"product_cat-lyftteknik","10":"first","11":"instock","12":"taxable","13":"shipping-taxable","14":"purchasable","15":"product-type-simple","swatches":"rey-swatches","show_selected":""},"acf":[],"_links":{"self":[{"href":"https:\/\/toolhouse.fi\/sv\/wp-json\/wp\/v2\/product\/32072","targetHints":{"allow":["GET"]}}],"collection":[{"href":"https:\/\/toolhouse.fi\/sv\/wp-json\/wp\/v2\/product"}],"about":[{"href":"https:\/\/toolhouse.fi\/sv\/wp-json\/wp\/v2\/types\/product"}],"version-history":[{"count":1,"href":"https:\/\/toolhouse.fi\/sv\/wp-json\/wp\/v2\/product\/32072\/revisions"}],"predecessor-version":[{"id":32074,"href":"https:\/\/toolhouse.fi\/sv\/wp-json\/wp\/v2\/product\/32072\/revisions\/32074"}],"wp:featuredmedia":[{"embeddable":true,"href":"https:\/\/toolhouse.fi\/sv\/wp-json\/wp\/v2\/media\/21821"}],"wp:attachment":[{"href":"https:\/\/toolhouse.fi\/sv\/wp-json\/wp\/v2\/media?parent=32072"}],"wp:term":[{"taxonomy":"product_cat","embeddable":true,"href":"https:\/\/toolhouse.fi\/sv\/wp-json\/wp\/v2\/product_cat?post=32072"},{"taxonomy":"product_tag","embeddable":true,"href":"https:\/\/toolhouse.fi\/sv\/wp-json\/wp\/v2\/product_tag?post=32072"}],"curies":[{"name":"wp","href":"https:\/\/api.w.org\/{rel}","templated":true}]}}