{"id":32106,"date":"2026-03-17T18:05:45","date_gmt":"2026-03-17T16:05:45","guid":{"rendered":"https:\/\/toolhouse.fi\/?post_type=product&#038;p=32106"},"modified":"2026-03-18T15:33:29","modified_gmt":"2026-03-18T13:33:29","slug":"lyftkudde-for-billyft-38mm-4st","status":"publish","type":"product","link":"https:\/\/toolhouse.fi\/sv\/produkt\/lyftkudde-for-billyft-38mm-4st\/","title":{"rendered":"Lyftkudde f\u00f6r billyft 38mm 4st"},"content":{"rendered":"","protected":false},"excerpt":{"rendered":"<ul>\n<li>Mjuk yta f\u00f6r b\u00e4sta grepp och skonsam f\u00f6r fordonet p\u00e5 lyften<\/li>\n<li>M\u00f6nster p\u00e5 b\u00e5da sidorna<\/li>\n<li>Tillverkad av oljeresistent gummi<\/li>\n<li class=\"product_name__name m-0\">200x110x38mm<\/li>\n<li>Leveransen Inneh\u00e5ller 4st lyftkuddar<\/li>\n<\/ul>\n","protected":false},"featured_media":32108,"template":"","meta":{"_acf_changed":false,"_seopress_robots_primary_cat":"none","_seopress_titles_title":"","_seopress_titles_desc":"","_seopress_robots_index":""},"product_cat":[20,282],"product_tag":[],"class_list":{"0":"post-32106","1":"product","2":"type-product","3":"status-publish","4":"has-post-thumbnail","6":"product_cat-lyftteknik","7":"product_cat-tillbehor-reservdelar","8":"product_shipping_class-tillbehor-790","10":"first","11":"instock","12":"taxable","13":"shipping-taxable","14":"purchasable","15":"product-type-simple","swatches":"rey-swatches","show_selected":""},"acf":[],"_links":{"self":[{"href":"https:\/\/toolhouse.fi\/sv\/wp-json\/wp\/v2\/product\/32106","targetHints":{"allow":["GET"]}}],"collection":[{"href":"https:\/\/toolhouse.fi\/sv\/wp-json\/wp\/v2\/product"}],"about":[{"href":"https:\/\/toolhouse.fi\/sv\/wp-json\/wp\/v2\/types\/product"}],"version-history":[{"count":1,"href":"https:\/\/toolhouse.fi\/sv\/wp-json\/wp\/v2\/product\/32106\/revisions"}],"predecessor-version":[{"id":32112,"href":"https:\/\/toolhouse.fi\/sv\/wp-json\/wp\/v2\/product\/32106\/revisions\/32112"}],"wp:featuredmedia":[{"embeddable":true,"href":"https:\/\/toolhouse.fi\/sv\/wp-json\/wp\/v2\/media\/32108"}],"wp:attachment":[{"href":"https:\/\/toolhouse.fi\/sv\/wp-json\/wp\/v2\/media?parent=32106"}],"wp:term":[{"taxonomy":"product_cat","embeddable":true,"href":"https:\/\/toolhouse.fi\/sv\/wp-json\/wp\/v2\/product_cat?post=32106"},{"taxonomy":"product_tag","embeddable":true,"href":"https:\/\/toolhouse.fi\/sv\/wp-json\/wp\/v2\/product_tag?post=32106"}],"curies":[{"name":"wp","href":"https:\/\/api.w.org\/{rel}","templated":true}]}}