{"id":32124,"date":"2026-03-18T14:45:09","date_gmt":"2026-03-18T12:45:09","guid":{"rendered":"https:\/\/toolhouse.fi\/?post_type=product&#038;p=32124"},"modified":"2026-03-18T15:30:23","modified_gmt":"2026-03-18T13:30:23","slug":"tvavags-karosseriklamma-5-ton","status":"publish","type":"product","link":"https:\/\/toolhouse.fi\/sv\/produkt\/tvavags-karosseriklamma-5-ton\/","title":{"rendered":"Tv\u00e5v\u00e4gs karosserikl\u00e4mma 5 ton"},"content":{"rendered":"","protected":false},"excerpt":{"rendered":"<div class=\"flex max-w-full flex-col gap-4\">\n<div class=\"min-h-8 text-message relative flex w-full flex-col items-end gap-2 text-start break-words whitespace-normal outline-none keyboard-focused:focus-ring [.text-message+&amp;]:mt-1\" dir=\"auto\" data-message-author-role=\"assistant\" data-message-id=\"ac18d07b-9899-41bc-9305-3e8262452c3c\" data-message-model-slug=\"gpt-5-3\">\n<div class=\"flex w-full flex-col gap-1 empty:hidden\">\n<div class=\"markdown prose dark:prose-invert w-full wrap-break-word light markdown-new-styling\">\n<p data-start=\"0\" data-end=\"216\">Geko tv\u00e5v\u00e4gs karosserikl\u00e4mma m\u00f6jligg\u00f6r samtidig dragning av karossdelar i tv\u00e5 riktningar. Tandade k\u00e4ftar ger b\u00e4ttre grepp om pl\u00e5ten. Det sj\u00e4lvl\u00e5sande systemet \u00f6kar kl\u00e4mkraften via en kil som sitter i kl\u00e4mmans led.<\/p>\n<ul>\n<li><strong data-start=\"218\" data-end=\"235\">Tekniska data<\/strong><\/li>\n<li>Typ: Tv\u00e5v\u00e4gs sj\u00e4lvl\u00e5sande kl\u00e4mma<\/li>\n<li>K\u00e4ftstorlek: 23 \u00d7 42 mm<\/li>\n<li>K\u00e4ftens \u00f6ppning: 0\u201310 mm<\/li>\n<li>Total l\u00e4ngd: 220 mm<\/li>\n<li>Vikt: 2,2 kg<\/li>\n<li>Dragkraft l\u00e4ngdriktning: 5 ton<\/li>\n<li>Dragkraft tv\u00e4rriktning: 2 ton<\/li>\n<li>Material: kl\u00e4mma \u2013 krom-molybdenst\u00e5l (CrMo)<\/li>\n<\/ul>\n<\/div>\n<\/div>\n<\/div>\n<div class=\"puik-root not-prose not-markdown\" data-theme=\"light\">\n<div class=\"general-agent-cot-root\"><\/div>\n<\/div>\n<\/div>\n<div class=\"flex items-center justify-center\"><\/div>\n","protected":false},"featured_media":32132,"template":"","meta":{"_acf_changed":false,"_seopress_robots_primary_cat":"none","_seopress_titles_title":"","_seopress_titles_desc":"","_seopress_robots_index":""},"product_cat":[583,463,615,21],"product_tag":[],"class_list":{"0":"post-32124","1":"product","2":"type-product","3":"status-publish","4":"has-post-thumbnail","6":"product_cat-karosseriverktyg","7":"product_cat-riktverktyg","8":"product_cat-svetstillbehor","9":"product_cat-verkstadsutrustning","11":"first","12":"instock","13":"taxable","14":"shipping-taxable","15":"purchasable","16":"product-type-simple","swatches":"rey-swatches","show_selected":""},"acf":[],"_links":{"self":[{"href":"https:\/\/toolhouse.fi\/sv\/wp-json\/wp\/v2\/product\/32124","targetHints":{"allow":["GET"]}}],"collection":[{"href":"https:\/\/toolhouse.fi\/sv\/wp-json\/wp\/v2\/product"}],"about":[{"href":"https:\/\/toolhouse.fi\/sv\/wp-json\/wp\/v2\/types\/product"}],"version-history":[{"count":1,"href":"https:\/\/toolhouse.fi\/sv\/wp-json\/wp\/v2\/product\/32124\/revisions"}],"predecessor-version":[{"id":32127,"href":"https:\/\/toolhouse.fi\/sv\/wp-json\/wp\/v2\/product\/32124\/revisions\/32127"}],"wp:featuredmedia":[{"embeddable":true,"href":"https:\/\/toolhouse.fi\/sv\/wp-json\/wp\/v2\/media\/32132"}],"wp:attachment":[{"href":"https:\/\/toolhouse.fi\/sv\/wp-json\/wp\/v2\/media?parent=32124"}],"wp:term":[{"taxonomy":"product_cat","embeddable":true,"href":"https:\/\/toolhouse.fi\/sv\/wp-json\/wp\/v2\/product_cat?post=32124"},{"taxonomy":"product_tag","embeddable":true,"href":"https:\/\/toolhouse.fi\/sv\/wp-json\/wp\/v2\/product_tag?post=32124"}],"curies":[{"name":"wp","href":"https:\/\/api.w.org\/{rel}","templated":true}]}}