{"id":32151,"date":"2026-03-18T16:22:13","date_gmt":"2026-03-18T14:22:13","guid":{"rendered":"https:\/\/toolhouse.fi\/?post_type=product&#038;p=32151"},"modified":"2026-03-18T17:40:55","modified_gmt":"2026-03-18T15:40:55","slug":"rengoringsset-for-spridarsaten","status":"publish","type":"product","link":"https:\/\/toolhouse.fi\/sv\/produkt\/rengoringsset-for-spridarsaten\/","title":{"rendered":"Reng\u00f6ringsset f\u00f6r spridars\u00e4ten"},"content":{"rendered":"","protected":false},"excerpt":{"rendered":"<div class=\"text-base my-auto mx-auto [--thread-content-margin:var(--thread-content-margin-xs,calc(var(--spacing)*4))] @w-sm\/main:[--thread-content-margin:var(--thread-content-margin-sm,calc(var(--spacing)*6))] @w-lg\/main:[--thread-content-margin:var(--thread-content-margin-lg,calc(var(--spacing)*16))] px-(--thread-content-margin)\">\n<div class=\"[--thread-content-max-width:40rem] @w-lg\/main:[--thread-content-max-width:48rem] mx-auto max-w-(--thread-content-max-width) flex-1 group\/turn-messages focus-visible:outline-hidden relative flex w-full min-w-0 flex-col agent-turn\">\n<div class=\"flex max-w-full flex-col gap-4 grow\">\n<div class=\"min-h-8 text-message relative flex w-full flex-col items-end gap-2 text-start break-words whitespace-normal outline-none keyboard-focused:focus-ring [.text-message+&amp;]:mt-1\" dir=\"auto\" data-message-author-role=\"assistant\" data-message-id=\"d88b29ac-1d12-4dc8-bc67-558fb4080d45\" data-message-model-slug=\"gpt-5-mini\">\n<div class=\"flex w-full flex-col gap-1 empty:hidden\">\n<div class=\"markdown prose dark:prose-invert w-full wrap-break-word light markdown-new-styling\">\n<p data-start=\"0\" data-end=\"289\">Ett set borstar f\u00f6r reng\u00f6ring av injektors\u00e4ten, gl\u00f6dstifts och t\u00e4ndstiftsh\u00e5l. Setet inneh\u00e5ller 18 borstar med olika h\u00e5rdhet och diameter.<\/p>\n<p data-start=\"0\" data-end=\"289\">Alla borstar har 1\/4&#8243; f\u00e4ste, vilket g\u00f6r dem l\u00e4mpliga f\u00f6r anv\u00e4ndning med skruvmejslar och borrmaskiner.<\/p>\n<p data-start=\"291\" data-end=\"319\"><strong data-start=\"291\" data-end=\"317\">Produktens egenskaper:<\/strong><\/p>\n<ul>\n<li data-start=\"322\" data-end=\"403\">Utformad f\u00f6r reng\u00f6ring av injektors\u00e4ten samt gl\u00f6dstifts- och t\u00e4ndstiftsh\u00e5l<\/li>\n<li data-start=\"406\" data-end=\"466\">Setet inneh\u00e5ller 18 borstar med olika h\u00e5rdhet och diameter<\/li>\n<li data-start=\"469\" data-end=\"505\">Borstar av nylon, m\u00e4ssing och st\u00e5l<\/li>\n<li data-start=\"508\" data-end=\"533\">F\u00f6rl\u00e4ngning med handtag<\/li>\n<li data-start=\"536\" data-end=\"629\">Borstar med \u00bc\u201d f\u00e4ste, vilket g\u00f6r att de kan anv\u00e4ndas med b\u00e5de borrmaskiner och skruvmejslar<\/li>\n<\/ul>\n<p data-start=\"631\" data-end=\"662\"><strong data-start=\"631\" data-end=\"660\">Tekniska specifikationer:<\/strong><\/p>\n<ul>\n<li data-start=\"665\" data-end=\"715\">Nylonborstar: diametrar 9, 11, 13, 15, 17, 19 mm<\/li>\n<li data-start=\"718\" data-end=\"770\">M\u00e4ssingborstar: diametrar 9, 11, 13, 15, 17, 19 mm<\/li>\n<li data-start=\"773\" data-end=\"822\">St\u00e5lborstar: diametrar 9, 11, 13, 15, 17, 19 mm<\/li>\n<li data-start=\"825\" data-end=\"836\">F\u00e4ste: 1\/4\u201d<\/li>\n<li data-start=\"825\" data-end=\"836\">Tillverkare: Geko<\/li>\n<\/ul>\n<\/div>\n<\/div>\n<\/div>\n<div class=\"puik-root not-prose not-markdown\" data-theme=\"light\">\n<div class=\"general-agent-cot-root\"><\/div>\n<\/div>\n<\/div>\n<div class=\"z-0 flex min-h-[46px] justify-start\"><\/div>\n<\/div>\n<\/div>\n","protected":false},"featured_media":32159,"template":"","meta":{"_acf_changed":false,"_seopress_robots_primary_cat":"none","_seopress_titles_title":"","_seopress_titles_desc":"","_seopress_robots_index":""},"product_cat":[338,582,21],"product_tag":[],"class_list":{"0":"post-32151","1":"product","2":"type-product","3":"status-publish","4":"has-post-thumbnail","6":"product_cat-fordonsverktyg","7":"product_cat-motorverktyg","8":"product_cat-verkstadsutrustning","10":"first","11":"instock","12":"taxable","13":"shipping-taxable","14":"purchasable","15":"product-type-simple","swatches":"rey-swatches","show_selected":""},"acf":[],"_links":{"self":[{"href":"https:\/\/toolhouse.fi\/sv\/wp-json\/wp\/v2\/product\/32151","targetHints":{"allow":["GET"]}}],"collection":[{"href":"https:\/\/toolhouse.fi\/sv\/wp-json\/wp\/v2\/product"}],"about":[{"href":"https:\/\/toolhouse.fi\/sv\/wp-json\/wp\/v2\/types\/product"}],"version-history":[{"count":0,"href":"https:\/\/toolhouse.fi\/sv\/wp-json\/wp\/v2\/product\/32151\/revisions"}],"wp:featuredmedia":[{"embeddable":true,"href":"https:\/\/toolhouse.fi\/sv\/wp-json\/wp\/v2\/media\/32159"}],"wp:attachment":[{"href":"https:\/\/toolhouse.fi\/sv\/wp-json\/wp\/v2\/media?parent=32151"}],"wp:term":[{"taxonomy":"product_cat","embeddable":true,"href":"https:\/\/toolhouse.fi\/sv\/wp-json\/wp\/v2\/product_cat?post=32151"},{"taxonomy":"product_tag","embeddable":true,"href":"https:\/\/toolhouse.fi\/sv\/wp-json\/wp\/v2\/product_tag?post=32151"}],"curies":[{"name":"wp","href":"https:\/\/api.w.org\/{rel}","templated":true}]}}