{"id":32237,"date":"2026-03-20T15:01:58","date_gmt":"2026-03-20T13:01:58","guid":{"rendered":"https:\/\/toolhouse.fi\/?post_type=product&#038;p=32237"},"modified":"2026-03-25T21:03:01","modified_gmt":"2026-03-25T19:03:01","slug":"bordsvag-40-kg","status":"publish","type":"product","link":"https:\/\/toolhouse.fi\/sv\/produkt\/bordsvag-40-kg\/","title":{"rendered":"Bordsv\u00e5g 40 kg"},"content":{"rendered":"<p data-start=\"45\" data-end=\"373\">Modern plattformsv\u00e5g, med displayer p\u00e5 b\u00e5de fram och baksidan.<\/p>\n<p data-start=\"375\" data-end=\"478\">Tack vare drift via b\u00e5de n\u00e4tstr\u00f6m och batteri kan v\u00e5gen anv\u00e4ndas b\u00e5de station\u00e4rt och vid mobilt arbete.<\/p>\n<h3 data-section-id=\"1hq7kwr\" data-start=\"480\" data-end=\"504\">F\u00f6rdelar<\/h3>\n<ul>\n<li data-start=\"507\" data-end=\"542\">Maximal kapacitet upp till 40 kg<\/li>\n<li data-start=\"507\" data-end=\"542\">Noggrannhet: 2 g<\/li>\n<li data-start=\"545\" data-end=\"573\">Plattform: 24 \u00d7 33 cm<\/li>\n<li data-start=\"604\" data-end=\"634\">Tydlig LED-display<\/li>\n<li>Minnesfunktion f\u00f6r 7 styckpriser<\/li>\n<li data-start=\"671\" data-end=\"712\">Summeringsfunktion upp till 99 artiklar<\/li>\n<li data-start=\"715\" data-end=\"748\">Batteridrift upp till 60 timmar<\/li>\n<li data-start=\"715\" data-end=\"748\">N\u00e4tstr\u00f6mkabel 230V medf\u00f6ljer<\/li>\n<li>Justerbara f\u00f6tter f\u00f6r perfekt balans<\/li>\n<\/ul>\n<h3 data-section-id=\"z1tadl\" data-start=\"700\" data-end=\"735\"><\/h3>\n<h3 data-section-id=\"z1tadl\" data-start=\"700\" data-end=\"735\">Smidig och tydlig anv\u00e4ndning<\/h3>\n<p data-start=\"736\" data-end=\"794\">Tre separata LED-f\u00f6nster g\u00f6r arbetet snabbt och effektivt:<\/p>\n<ul>\n<li data-start=\"797\" data-end=\"803\">Vikt<\/li>\n<li data-start=\"806\" data-end=\"817\">Styckpris<\/li>\n<li data-start=\"820\" data-end=\"831\">Totalpris<\/li>\n<\/ul>\n<p data-start=\"833\" data-end=\"906\">Perfekt b\u00e5de f\u00f6r operat\u00f6r och kund \u2013 all information syns tydligt direkt.<\/p>\n<h3 data-section-id=\"1ooo3ev\" data-start=\"908\" data-end=\"932\"><\/h3>\n<h3 data-section-id=\"1ooo3ev\" data-start=\"908\" data-end=\"932\">Smarta funktioner<\/h3>\n<ul>\n<li data-start=\"935\" data-end=\"981\">Snabbval (M1\u2013M7) f\u00f6r ofta anv\u00e4nda priser<\/li>\n<li data-start=\"984\" data-end=\"1037\">Summering (ADD) \u2013 r\u00e4kna ihop flera varor enkelt<\/li>\n<li data-start=\"1040\" data-end=\"1090\">TARA\/NOLL \u2013 exakt v\u00e4gning \u00e4ven med emballage<\/li>\n<\/ul>\n<h3 data-section-id=\"1gv37mi\" data-start=\"1092\" data-end=\"1113\"><\/h3>\n<h3 data-section-id=\"1gv37mi\" data-start=\"1092\" data-end=\"1113\">Flexibel anv\u00e4ndning<\/h3>\n<p data-start=\"1114\" data-end=\"1146\">Anv\u00e4nd v\u00e5gen d\u00e4r du beh\u00f6ver den:<\/p>\n<ul>\n<li data-start=\"1149\" data-end=\"1164\">N\u00e4tanslutning<\/li>\n<li data-start=\"1167\" data-end=\"1216\">Inbyggt batteri (upp till 60 timmars drift)<\/li>\n<\/ul>\n<h3 data-section-id=\"1enll0\" data-start=\"1218\" data-end=\"1249\"><\/h3>\n<h3 data-section-id=\"1enll0\" data-start=\"1218\" data-end=\"1249\">Tekniska specifikationer<\/h3>\n<ul>\n<li data-start=\"1252\" data-end=\"1273\">Maxvikt: 40 kg<\/li>\n<li data-start=\"1276\" data-end=\"1303\">Plattform: 24 \u00d7 33 cm<\/li>\n<li data-start=\"1306\" data-end=\"1333\">M\u00e5tt: 33 \u00d7 34 \u00d7 11 cm<\/li>\n<li data-start=\"1306\" data-end=\"1333\">Noggrannhet: 2 g<\/li>\n<li>Vikt: 2,5 kg<\/li>\n<li data-start=\"1336\" data-end=\"1350\">Display: LED<\/li>\n<li data-start=\"1353\" data-end=\"1375\">Prisminne: 7 platser<\/li>\n<li data-start=\"1378\" data-end=\"1411\">Summering: upp till 99 artiklar<\/li>\n<li data-start=\"1378\" data-end=\"1411\">Material: plast och metall<\/li>\n<li data-start=\"1898\" data-end=\"1924\">Tillverkare: Geko<\/li>\n<\/ul>\n","protected":false},"excerpt":{"rendered":"<p>Modern plattformsv\u00e5g, med displayer p\u00e5 b\u00e5de fram och baksidan. Tack vare drift via b\u00e5de n\u00e4tstr\u00f6m och batteri kan v\u00e5gen anv\u00e4ndas b\u00e5de station\u00e4rt och vid mobilt arbete. F\u00f6rdelar Maximal kapacitet upp till 40 kg Noggrannhet: 2 g Plattform: 24 \u00d7 33 cm Tydlig LED-display Minnesfunktion f\u00f6r 7 styckpriser Summeringsfunktion upp till 99 artiklar Batteridrift upp till [&hellip;]<\/p>\n","protected":false},"featured_media":32247,"template":"","meta":{"_acf_changed":false,"_seopress_robots_primary_cat":"none","_seopress_titles_title":"","_seopress_titles_desc":"","_seopress_robots_index":""},"product_cat":[577,349,21],"product_tag":[],"class_list":{"0":"post-32237","1":"product","2":"type-product","3":"status-publish","4":"has-post-thumbnail","6":"product_cat-matverktyg","7":"product_cat-ovrigt","8":"product_cat-verkstadsutrustning","10":"first","11":"instock","12":"taxable","13":"shipping-taxable","14":"purchasable","15":"product-type-simple","swatches":"rey-swatches","show_selected":""},"acf":[],"_links":{"self":[{"href":"https:\/\/toolhouse.fi\/sv\/wp-json\/wp\/v2\/product\/32237","targetHints":{"allow":["GET"]}}],"collection":[{"href":"https:\/\/toolhouse.fi\/sv\/wp-json\/wp\/v2\/product"}],"about":[{"href":"https:\/\/toolhouse.fi\/sv\/wp-json\/wp\/v2\/types\/product"}],"version-history":[{"count":0,"href":"https:\/\/toolhouse.fi\/sv\/wp-json\/wp\/v2\/product\/32237\/revisions"}],"wp:featuredmedia":[{"embeddable":true,"href":"https:\/\/toolhouse.fi\/sv\/wp-json\/wp\/v2\/media\/32247"}],"wp:attachment":[{"href":"https:\/\/toolhouse.fi\/sv\/wp-json\/wp\/v2\/media?parent=32237"}],"wp:term":[{"taxonomy":"product_cat","embeddable":true,"href":"https:\/\/toolhouse.fi\/sv\/wp-json\/wp\/v2\/product_cat?post=32237"},{"taxonomy":"product_tag","embeddable":true,"href":"https:\/\/toolhouse.fi\/sv\/wp-json\/wp\/v2\/product_tag?post=32237"}],"curies":[{"name":"wp","href":"https:\/\/api.w.org\/{rel}","templated":true}]}}