{"id":32319,"date":"2026-03-26T14:33:11","date_gmt":"2026-03-26T12:33:11","guid":{"rendered":"https:\/\/toolhouse.fi\/?post_type=product&#038;p=32319"},"modified":"2026-05-07T14:24:18","modified_gmt":"2026-05-07T11:24:18","slug":"dackjarn-300mm","status":"publish","type":"product","link":"https:\/\/toolhouse.fi\/sv\/produkt\/dackjarn-300mm\/","title":{"rendered":"D\u00e4ckj\u00e4rn 300mm"},"content":{"rendered":"","protected":false},"excerpt":{"rendered":"<p>D\u00e4ckj\u00e4rn med smidiga och slimmade \u00e4ndar.<\/p>\n<ul>\n<li>L\u00e4ngd: 300 mm<\/li>\n<li>Material: h\u00e4rdat, f\u00f6rkromat st\u00e5l<\/li>\n<li>Tillverkare: Geko<\/li>\n<\/ul>\n","protected":false},"featured_media":32325,"template":"","meta":{"_acf_changed":false,"_seopress_robots_primary_cat":"none","_seopress_titles_title":"","_seopress_titles_desc":"","_seopress_robots_index":"","_seopress_analysis_target_kw":""},"product_cat":[593,160],"product_tag":[],"class_list":{"0":"post-32319","1":"product","2":"type-product","3":"status-publish","4":"has-post-thumbnail","6":"product_cat-tillbehor-och-reservdelar","7":"product_cat-tillbehor-verktyg","8":"product_shipping_class-tillbehor-790","10":"first","11":"instock","12":"taxable","13":"shipping-taxable","14":"purchasable","15":"product-type-simple","swatches":"rey-swatches","show_selected":""},"acf":[],"_links":{"self":[{"href":"https:\/\/toolhouse.fi\/sv\/wp-json\/wp\/v2\/product\/32319","targetHints":{"allow":["GET"]}}],"collection":[{"href":"https:\/\/toolhouse.fi\/sv\/wp-json\/wp\/v2\/product"}],"about":[{"href":"https:\/\/toolhouse.fi\/sv\/wp-json\/wp\/v2\/types\/product"}],"version-history":[{"count":1,"href":"https:\/\/toolhouse.fi\/sv\/wp-json\/wp\/v2\/product\/32319\/revisions"}],"predecessor-version":[{"id":32864,"href":"https:\/\/toolhouse.fi\/sv\/wp-json\/wp\/v2\/product\/32319\/revisions\/32864"}],"wp:featuredmedia":[{"embeddable":true,"href":"https:\/\/toolhouse.fi\/sv\/wp-json\/wp\/v2\/media\/32325"}],"wp:attachment":[{"href":"https:\/\/toolhouse.fi\/sv\/wp-json\/wp\/v2\/media?parent=32319"}],"wp:term":[{"taxonomy":"product_cat","embeddable":true,"href":"https:\/\/toolhouse.fi\/sv\/wp-json\/wp\/v2\/product_cat?post=32319"},{"taxonomy":"product_tag","embeddable":true,"href":"https:\/\/toolhouse.fi\/sv\/wp-json\/wp\/v2\/product_tag?post=32319"}],"curies":[{"name":"wp","href":"https:\/\/api.w.org\/{rel}","templated":true}]}}