{"id":32327,"date":"2026-03-26T16:11:31","date_gmt":"2026-03-26T14:11:31","guid":{"rendered":"https:\/\/toolhouse.fi\/?post_type=product&#038;p=32327"},"modified":"2026-03-31T15:48:26","modified_gmt":"2026-03-31T12:48:26","slug":"inspektionskamera-usb-c","status":"publish","type":"product","link":"https:\/\/toolhouse.fi\/sv\/produkt\/inspektionskamera-usb-c\/","title":{"rendered":"Inspektionskamera USB-C"},"content":{"rendered":"","protected":false},"excerpt":{"rendered":"<p>Vattent\u00e4t endoskopkamera med LED-belysning, perfekt till fels\u00f6kning av fordon.<\/p>\n<p>Endoskopet \u00e4r kompatibelt med smartphones och surfplattor med Android 6.0 eller senare som st\u00f6der OTG. F\u00f6r enkel anv\u00e4ndning medf\u00f6ljer ett komplett tillbeh\u00f6rspaket med krok, magnet och spegel.<\/p>\n<p>&nbsp;<\/p>\n<p data-start=\"542\" data-end=\"563\">Specifikationer<\/p>\n<p>&nbsp;<\/p>\n<ul data-start=\"564\" data-end=\"860\">\n<li data-section-id=\"w3fqbi\" data-start=\"592\" data-end=\"624\">Uppl\u00f6sning: 640 x 480 px (30 fps)<\/li>\n<li data-section-id=\"iwksfo\" data-start=\"625\" data-end=\"654\">Bildvinkel: 70\u00b0<\/li>\n<li data-section-id=\"iwksfo\" data-start=\"625\" data-end=\"654\">Videoformat: Avi<\/li>\n<li data-section-id=\"iwksfo\" data-start=\"625\" data-end=\"654\">Bildformat: JPEG<\/li>\n<li data-section-id=\"1n90bq9\" data-start=\"655\" data-end=\"694\">Kameraskaftets diameter: 5,5 mm<\/li>\n<li data-section-id=\"b9f0sn\" data-start=\"695\" data-end=\"724\">Sk\u00e4rpedjup: fr\u00e5n 4 cm<\/li>\n<li data-section-id=\"bqqp82\" data-start=\"725\" data-end=\"748\">Vattent\u00e4t: IP67<\/li>\n<li data-section-id=\"1t2ml8q\" data-start=\"749\" data-end=\"773\">Total l\u00e4ngd: 2 m<\/li>\n<li data-section-id=\"7k1wvt\" data-start=\"774\" data-end=\"816\">Belysning: 6 justerbara LED-lampor<\/li>\n<li data-section-id=\"1y9nds6\" data-start=\"817\" data-end=\"860\">Str\u00f6mf\u00f6rs\u00f6rjning: via USB-C<\/li>\n<li data-section-id=\"1y9nds6\" data-start=\"817\" data-end=\"860\">Adapter USB-C till USB-A medf\u00f6ljer<\/li>\n<li data-section-id=\"1y9nds6\" data-start=\"817\" data-end=\"860\">Anv\u00e4nd appen &#8221;USB CAMERA&#8221; fr\u00e5n playstore. Kr\u00e4ver OTG-kompatibel telefon med Android 6.0 eller senare<\/li>\n<\/ul>\n","protected":false},"featured_media":32336,"template":"","meta":{"_acf_changed":false,"_seopress_robots_primary_cat":"none","_seopress_titles_title":"","_seopress_titles_desc":"","_seopress_robots_index":""},"product_cat":[349,336],"product_tag":[],"class_list":{"0":"post-32327","1":"product","2":"type-product","3":"status-publish","4":"has-post-thumbnail","6":"product_cat-ovrigt","7":"product_cat-verktyg","9":"first","10":"instock","11":"taxable","12":"shipping-taxable","13":"purchasable","14":"product-type-simple","swatches":"rey-swatches","show_selected":""},"acf":[],"_links":{"self":[{"href":"https:\/\/toolhouse.fi\/sv\/wp-json\/wp\/v2\/product\/32327","targetHints":{"allow":["GET"]}}],"collection":[{"href":"https:\/\/toolhouse.fi\/sv\/wp-json\/wp\/v2\/product"}],"about":[{"href":"https:\/\/toolhouse.fi\/sv\/wp-json\/wp\/v2\/types\/product"}],"version-history":[{"count":0,"href":"https:\/\/toolhouse.fi\/sv\/wp-json\/wp\/v2\/product\/32327\/revisions"}],"wp:featuredmedia":[{"embeddable":true,"href":"https:\/\/toolhouse.fi\/sv\/wp-json\/wp\/v2\/media\/32336"}],"wp:attachment":[{"href":"https:\/\/toolhouse.fi\/sv\/wp-json\/wp\/v2\/media?parent=32327"}],"wp:term":[{"taxonomy":"product_cat","embeddable":true,"href":"https:\/\/toolhouse.fi\/sv\/wp-json\/wp\/v2\/product_cat?post=32327"},{"taxonomy":"product_tag","embeddable":true,"href":"https:\/\/toolhouse.fi\/sv\/wp-json\/wp\/v2\/product_tag?post=32327"}],"curies":[{"name":"wp","href":"https:\/\/api.w.org\/{rel}","templated":true}]}}