{"id":32342,"date":"2026-03-26T18:31:26","date_gmt":"2026-03-26T16:31:26","guid":{"rendered":"https:\/\/toolhouse.fi\/?post_type=product&#038;p=32342"},"modified":"2026-03-26T19:00:44","modified_gmt":"2026-03-26T17:00:44","slug":"skarmvals","status":"publish","type":"product","link":"https:\/\/toolhouse.fi\/sv\/produkt\/skarmvals\/","title":{"rendered":"Sk\u00e4rmvals"},"content":{"rendered":"<p>Stabil sk\u00e4rmvals fr\u00e5n Geko, anv\u00e4nds till att p\u00e5 ett kontrollerat s\u00e4tt valsa sk\u00e4rmkanter, perfekt f\u00f6r att f\u00e5 plats med bredare d\u00e4ck eller f\u00f6r riktning av bucklor.<\/p>\n<ul>\n<li data-section-id=\"1yiwvos\" data-start=\"234\" data-end=\"266\">Justering av rullens lutning<\/li>\n<li data-section-id=\"jgp8hm\" data-start=\"267\" data-end=\"297\">2 lutningsniv\u00e5er p\u00e5 armen<\/li>\n<li>Justerbar arml\u00e4ngd<\/li>\n<li>Kullagrad rulle<\/li>\n<li>Rullens m\u00e5tt: 75&#215;68 mm<\/li>\n<li data-section-id=\"7c3k8h\" data-start=\"298\" data-end=\"334\">Passar nav med 4 och 5 bultar<\/li>\n<li data-section-id=\"7c3k8h\" data-start=\"298\" data-end=\"334\">Centrumh\u00e5l: 72,2 mm<\/li>\n<li data-section-id=\"7c3k8h\" data-start=\"298\" data-end=\"334\">Bultdelning: 98 &#8211; 120 mm<\/li>\n<li data-section-id=\"ljpuum\" data-start=\"335\" data-end=\"363\">Tillverkare: Geko<\/li>\n<\/ul>\n","protected":false},"excerpt":{"rendered":"<p>Stabil sk\u00e4rmvals fr\u00e5n Geko, anv\u00e4nds till att p\u00e5 ett kontrollerat s\u00e4tt valsa sk\u00e4rmkanter, perfekt f\u00f6r att f\u00e5 plats med bredare d\u00e4ck eller f\u00f6r riktning av bucklor. Justering av rullens lutning 2 lutningsniv\u00e5er p\u00e5 armen Justerbar arml\u00e4ngd Kullagrad rulle Rullens m\u00e5tt: 75&#215;68 mm Passar nav med 4 och 5 bultar Centrumh\u00e5l: 72,2 mm Bultdelning: 98 &#8211; [&hellip;]<\/p>\n","protected":false},"featured_media":32362,"template":"","meta":{"_acf_changed":false,"_seopress_robots_primary_cat":"none","_seopress_titles_title":"","_seopress_titles_desc":"","_seopress_robots_index":""},"product_cat":[338,583,21],"product_tag":[],"class_list":{"0":"post-32342","1":"product","2":"type-product","3":"status-publish","4":"has-post-thumbnail","6":"product_cat-fordonsverktyg","7":"product_cat-karosseriverktyg","8":"product_cat-verkstadsutrustning","10":"first","11":"instock","12":"taxable","13":"shipping-taxable","14":"purchasable","15":"product-type-simple","swatches":"rey-swatches","show_selected":""},"acf":[],"_links":{"self":[{"href":"https:\/\/toolhouse.fi\/sv\/wp-json\/wp\/v2\/product\/32342","targetHints":{"allow":["GET"]}}],"collection":[{"href":"https:\/\/toolhouse.fi\/sv\/wp-json\/wp\/v2\/product"}],"about":[{"href":"https:\/\/toolhouse.fi\/sv\/wp-json\/wp\/v2\/types\/product"}],"version-history":[{"count":0,"href":"https:\/\/toolhouse.fi\/sv\/wp-json\/wp\/v2\/product\/32342\/revisions"}],"wp:featuredmedia":[{"embeddable":true,"href":"https:\/\/toolhouse.fi\/sv\/wp-json\/wp\/v2\/media\/32362"}],"wp:attachment":[{"href":"https:\/\/toolhouse.fi\/sv\/wp-json\/wp\/v2\/media?parent=32342"}],"wp:term":[{"taxonomy":"product_cat","embeddable":true,"href":"https:\/\/toolhouse.fi\/sv\/wp-json\/wp\/v2\/product_cat?post=32342"},{"taxonomy":"product_tag","embeddable":true,"href":"https:\/\/toolhouse.fi\/sv\/wp-json\/wp\/v2\/product_tag?post=32342"}],"curies":[{"name":"wp","href":"https:\/\/api.w.org\/{rel}","templated":true}]}}