{"id":32373,"date":"2026-03-27T11:49:25","date_gmt":"2026-03-27T09:49:25","guid":{"rendered":"https:\/\/toolhouse.fi\/?post_type=product&#038;p=32373"},"modified":"2026-03-31T15:32:11","modified_gmt":"2026-03-31T12:32:11","slug":"falstang-set-3st","status":"publish","type":"product","link":"https:\/\/toolhouse.fi\/sv\/produkt\/falstang-set-3st\/","title":{"rendered":"Falst\u00e5ng set 3st"},"content":{"rendered":"","protected":false},"excerpt":{"rendered":"<p data-start=\"60\" data-end=\"296\"><strong data-start=\"60\" data-end=\"155\">Ett set med robusta t\u00e4nger f\u00f6r noggrann manuell bockning av pl\u00e5t, vinklade i 180\u00b0, 90\u00b0 och 45\u00b0.<\/strong><\/p>\n<p data-start=\"60\" data-end=\"296\">Falst\u00e4ngerna \u00e4r tillverkade av h\u00f6gkvalitativt CrV-verktygsst\u00e5l. Handtagen \u00e4r f\u00f6rsedda med halkfritt grepp som ger s\u00e4ker och bekv\u00e4m anv\u00e4ndning<\/p>\n<p data-start=\"298\" data-end=\"322\"><strong data-start=\"298\" data-end=\"320\">Produktegenskaper:<\/strong><\/p>\n<ul data-start=\"323\" data-end=\"503\">\n<li data-section-id=\"1etdv4y\" data-start=\"323\" data-end=\"392\">Material: Cr-V\u00a0 st\u00e5l<\/li>\n<li data-section-id=\"1lrtket\" data-start=\"393\" data-end=\"445\">Utformade f\u00f6r exakt bockning i 180\u00b0, 90\u00b0 och 45\u00b0<\/li>\n<li data-section-id=\"1lrtket\" data-start=\"393\" data-end=\"445\">L\u00e4ngd: 275 mm<\/li>\n<li data-section-id=\"ds8hhs\" data-start=\"446\" data-end=\"468\">60 mm breda k\u00e4ftar<\/li>\n<li data-section-id=\"1qbhrrb\" data-start=\"469\" data-end=\"503\">Handtag med halkfri bel\u00e4ggning<\/li>\n<li data-section-id=\"1qbhrrb\" data-start=\"469\" data-end=\"503\">Tillverkare: Geko<\/li>\n<\/ul>\n","protected":false},"featured_media":32383,"template":"","meta":{"_acf_changed":false,"_seopress_robots_primary_cat":"none","_seopress_titles_title":"","_seopress_titles_desc":"","_seopress_robots_index":""},"product_cat":[578,583,599],"product_tag":[],"class_list":{"0":"post-32373","1":"product","2":"type-product","3":"status-publish","4":"has-post-thumbnail","6":"product_cat-handverktyg","7":"product_cat-karosseriverktyg","8":"product_cat-tillbehor-metallbearbetning","10":"first","11":"instock","12":"taxable","13":"shipping-taxable","14":"purchasable","15":"product-type-simple","swatches":"rey-swatches","show_selected":""},"acf":[],"_links":{"self":[{"href":"https:\/\/toolhouse.fi\/sv\/wp-json\/wp\/v2\/product\/32373","targetHints":{"allow":["GET"]}}],"collection":[{"href":"https:\/\/toolhouse.fi\/sv\/wp-json\/wp\/v2\/product"}],"about":[{"href":"https:\/\/toolhouse.fi\/sv\/wp-json\/wp\/v2\/types\/product"}],"version-history":[{"count":0,"href":"https:\/\/toolhouse.fi\/sv\/wp-json\/wp\/v2\/product\/32373\/revisions"}],"wp:featuredmedia":[{"embeddable":true,"href":"https:\/\/toolhouse.fi\/sv\/wp-json\/wp\/v2\/media\/32383"}],"wp:attachment":[{"href":"https:\/\/toolhouse.fi\/sv\/wp-json\/wp\/v2\/media?parent=32373"}],"wp:term":[{"taxonomy":"product_cat","embeddable":true,"href":"https:\/\/toolhouse.fi\/sv\/wp-json\/wp\/v2\/product_cat?post=32373"},{"taxonomy":"product_tag","embeddable":true,"href":"https:\/\/toolhouse.fi\/sv\/wp-json\/wp\/v2\/product_tag?post=32373"}],"curies":[{"name":"wp","href":"https:\/\/api.w.org\/{rel}","templated":true}]}}