{"id":32394,"date":"2026-03-27T15:51:36","date_gmt":"2026-03-27T13:51:36","guid":{"rendered":"https:\/\/toolhouse.fi\/?post_type=product&#038;p=32394"},"modified":"2026-03-31T15:42:32","modified_gmt":"2026-03-31T12:42:32","slug":"lasringstang-lang-90","status":"publish","type":"product","link":"https:\/\/toolhouse.fi\/sv\/produkt\/lasringstang-lang-90\/","title":{"rendered":"L\u00e5sringst\u00e5ng l\u00e5ng 90\u00b0"},"content":{"rendered":"","protected":false},"excerpt":{"rendered":"<p data-start=\"81\" data-end=\"130\"><strong data-start=\"81\" data-end=\"128\">90\u00b0 inv\u00e4ndig l\u00e5sringst\u00e5ng med l\u00e5ng r\u00e4ckvidd<\/strong><\/p>\n<p data-start=\"132\" data-end=\"369\">Perfekt f\u00f6r montering och demontering av inv\u00e4ndiga l\u00e5sringar p\u00e5 sv\u00e5r\u00e5tkomliga st\u00e4llen. Anv\u00e4nds ofta vid arbete med huvudcylindrar, v\u00e4xell\u00e5dor, lagerinf\u00e4stningar samt l\u00e5sringar f\u00f6r oljet\u00e4tningar.<\/p>\n<p data-start=\"371\" data-end=\"388\"><strong data-start=\"371\" data-end=\"386\">Egenskaper:<\/strong><\/p>\n<ul data-start=\"389\" data-end=\"533\">\n<li data-section-id=\"1n29tgb\" data-start=\"389\" data-end=\"441\">Speciellt utformad f\u00f6r att n\u00e5 djupt in i huvudbromscylindrar<\/li>\n<li data-section-id=\"10hueom\" data-start=\"442\" data-end=\"476\">L\u00e4ngd: 184 mm<\/li>\n<li data-section-id=\"10hueom\" data-start=\"442\" data-end=\"476\">L\u00e4ngd p\u00e5 k\u00e4ftar: 53 mm<\/li>\n<li data-section-id=\"10hueom\" data-start=\"442\" data-end=\"476\">Grovlek p\u00e5 Piggar: 1,5 mm<\/li>\n<li data-section-id=\"10hueom\" data-start=\"442\" data-end=\"476\">\u00d6ppnar: 0-25 mm<\/li>\n<li data-section-id=\"qlc2kh\" data-start=\"477\" data-end=\"533\">PVC-belagda handtag f\u00f6r b\u00e4ttre grepp och h\u00f6g komfort<\/li>\n<li data-section-id=\"qlc2kh\" data-start=\"477\" data-end=\"533\">Tillverkare: Geko<\/li>\n<\/ul>\n","protected":false},"featured_media":32423,"template":"","meta":{"_acf_changed":false,"_seopress_robots_primary_cat":"none","_seopress_titles_title":"","_seopress_titles_desc":"","_seopress_robots_index":""},"product_cat":[584,578,336,21],"product_tag":[],"class_list":{"0":"post-32394","1":"product","2":"type-product","3":"status-publish","4":"has-post-thumbnail","6":"product_cat-bromsverktyg","7":"product_cat-handverktyg","8":"product_cat-verktyg","9":"product_cat-verkstadsutrustning","11":"first","12":"instock","13":"taxable","14":"shipping-taxable","15":"purchasable","16":"product-type-simple","swatches":"rey-swatches","show_selected":""},"acf":[],"_links":{"self":[{"href":"https:\/\/toolhouse.fi\/sv\/wp-json\/wp\/v2\/product\/32394","targetHints":{"allow":["GET"]}}],"collection":[{"href":"https:\/\/toolhouse.fi\/sv\/wp-json\/wp\/v2\/product"}],"about":[{"href":"https:\/\/toolhouse.fi\/sv\/wp-json\/wp\/v2\/types\/product"}],"version-history":[{"count":0,"href":"https:\/\/toolhouse.fi\/sv\/wp-json\/wp\/v2\/product\/32394\/revisions"}],"wp:featuredmedia":[{"embeddable":true,"href":"https:\/\/toolhouse.fi\/sv\/wp-json\/wp\/v2\/media\/32423"}],"wp:attachment":[{"href":"https:\/\/toolhouse.fi\/sv\/wp-json\/wp\/v2\/media?parent=32394"}],"wp:term":[{"taxonomy":"product_cat","embeddable":true,"href":"https:\/\/toolhouse.fi\/sv\/wp-json\/wp\/v2\/product_cat?post=32394"},{"taxonomy":"product_tag","embeddable":true,"href":"https:\/\/toolhouse.fi\/sv\/wp-json\/wp\/v2\/product_tag?post=32394"}],"curies":[{"name":"wp","href":"https:\/\/api.w.org\/{rel}","templated":true}]}}