{"id":32430,"date":"2026-03-31T10:54:07","date_gmt":"2026-03-31T07:54:07","guid":{"rendered":"https:\/\/toolhouse.fi\/?post_type=product&#038;p=32430"},"modified":"2026-03-31T15:58:57","modified_gmt":"2026-03-31T12:58:57","slug":"jordmagnet-500a","status":"publish","type":"product","link":"https:\/\/toolhouse.fi\/sv\/produkt\/jordmagnet-500a\/","title":{"rendered":"Jordmagnet 500A"},"content":{"rendered":"","protected":false},"excerpt":{"rendered":"<p>Den magnetiska svetsjordkl\u00e4mman g\u00f6r det snabbt och enkelt att ansluta jordkabeln till arbetsstycket utan behov av kl\u00e4mning eller fastskruvning. Tack vare den starka magneten sitter kl\u00e4mman stadigt p\u00e5 plats.<\/p>\n<ul>\n<li data-section-id=\"xjkhmg\" data-start=\"537\" data-end=\"610\">Snabb och enkel anslutning av jordkabel utan kl\u00e4mning eller skruvning<\/li>\n<li data-section-id=\"grl2ih\" data-start=\"611\" data-end=\"671\">Stark magnet ger s\u00e4kert f\u00e4ste \u00e4ven p\u00e5 sv\u00e5r\u00e5tkomliga ytor<\/li>\n<li data-section-id=\"17vp46y\" data-start=\"672\" data-end=\"691\">Diameter: 87 mm<\/li>\n<li data-section-id=\"16vkdk6\" data-start=\"692\" data-end=\"717\">Handtagsl\u00e4ngd: 120 mm<\/li>\n<li data-section-id=\"cqywid\" data-start=\"718\" data-end=\"757\">Passar svetsmaskiner upp till 500 A<\/li>\n<\/ul>\n","protected":false},"featured_media":32439,"template":"","meta":{"_acf_changed":false,"_seopress_robots_primary_cat":"none","_seopress_titles_title":"","_seopress_titles_desc":"","_seopress_robots_index":"","_seopress_analysis_target_kw":""},"product_cat":[597,55,615],"product_tag":[],"class_list":{"0":"post-32430","1":"product","2":"type-product","3":"status-publish","4":"has-post-thumbnail","6":"product_cat-mig-tillbehor","7":"product_cat-svets-metallarbete","8":"product_cat-svetstillbehor","10":"first","11":"instock","12":"taxable","13":"shipping-taxable","14":"purchasable","15":"product-type-simple","swatches":"rey-swatches","show_selected":""},"acf":[],"_links":{"self":[{"href":"https:\/\/toolhouse.fi\/sv\/wp-json\/wp\/v2\/product\/32430","targetHints":{"allow":["GET"]}}],"collection":[{"href":"https:\/\/toolhouse.fi\/sv\/wp-json\/wp\/v2\/product"}],"about":[{"href":"https:\/\/toolhouse.fi\/sv\/wp-json\/wp\/v2\/types\/product"}],"version-history":[{"count":0,"href":"https:\/\/toolhouse.fi\/sv\/wp-json\/wp\/v2\/product\/32430\/revisions"}],"wp:featuredmedia":[{"embeddable":true,"href":"https:\/\/toolhouse.fi\/sv\/wp-json\/wp\/v2\/media\/32439"}],"wp:attachment":[{"href":"https:\/\/toolhouse.fi\/sv\/wp-json\/wp\/v2\/media?parent=32430"}],"wp:term":[{"taxonomy":"product_cat","embeddable":true,"href":"https:\/\/toolhouse.fi\/sv\/wp-json\/wp\/v2\/product_cat?post=32430"},{"taxonomy":"product_tag","embeddable":true,"href":"https:\/\/toolhouse.fi\/sv\/wp-json\/wp\/v2\/product_tag?post=32430"}],"curies":[{"name":"wp","href":"https:\/\/api.w.org\/{rel}","templated":true}]}}