{"id":32444,"date":"2026-03-31T11:25:30","date_gmt":"2026-03-31T08:25:30","guid":{"rendered":"https:\/\/toolhouse.fi\/?post_type=product&#038;p=32444"},"modified":"2026-03-31T16:01:28","modified_gmt":"2026-03-31T13:01:28","slug":"vindrutereparationskit","status":"publish","type":"product","link":"https:\/\/toolhouse.fi\/sv\/produkt\/vindrutereparationskit\/","title":{"rendered":"Vindrutereparationskit"},"content":{"rendered":"","protected":false},"excerpt":{"rendered":"<p data-start=\"57\" data-end=\"94\"><strong data-start=\"57\" data-end=\"92\">Vindrutereparationskit<\/strong><\/p>\n<p data-start=\"96\" data-end=\"388\">Detta reparationskit g\u00f6r det m\u00f6jligt att snabbt, enkelt och framf\u00f6r allt kostnadseffektivt reparera bilens vindruta och str\u00e5lkastarglas. Perfekt f\u00f6r att \u00e5tg\u00e4rda sprickor och stenskott. Det fungerar \u00e4ven f\u00f6r mindre l\u00e4ngsg\u00e5ende sprickor och f\u00f6rhindrar effektivt att skadan sprider sig vidare.<\/p>\n<p data-start=\"390\" data-end=\"511\">Limmet blir transparent efter applicering och torkning, vilket g\u00f6r att det reparerade omr\u00e5det blir n\u00e4stintill osynligt.<\/p>\n<p data-start=\"513\" data-end=\"537\"><strong data-start=\"513\" data-end=\"535\">Produktegenskaper:<\/strong><\/p>\n<ul data-start=\"538\" data-end=\"817\">\n<li data-section-id=\"mpd21r\" data-start=\"538\" data-end=\"610\">Enkelt, snabbt och prisv\u00e4rt s\u00e4tt att reparera sprickor och stenskott<\/li>\n<li data-section-id=\"1yttkyh\" data-start=\"611\" data-end=\"638\">Setet \u00e4r \u00e5teranv\u00e4ndbart<\/li>\n<li data-section-id=\"1469mp2\" data-start=\"639\" data-end=\"719\">Stoppar effektivt vidare sprickbildning genom att minska sp\u00e4nningen i glaset<\/li>\n<li data-section-id=\"ucmmox\" data-start=\"720\" data-end=\"795\">Limmet blir f\u00e4rgl\u00f6st efter torkning och g\u00f6r reparationen n\u00e4stan osynlig<\/li>\n<li data-section-id=\"1vxq2ok\" data-start=\"796\" data-end=\"817\">S\u00e4ker att anv\u00e4nda<\/li>\n<\/ul>\n<hr data-start=\"819\" data-end=\"822\" \/>\n<p data-start=\"824\" data-end=\"845\"><strong data-start=\"824\" data-end=\"843\">Bruksanvisning:<\/strong><\/p>\n<ol data-start=\"846\" data-end=\"2126\">\n<li data-section-id=\"o86fza\" data-start=\"846\" data-end=\"935\">Anv\u00e4nd det r\u00f6da stiftet f\u00f6r att ta bort glassplitter och reng\u00f6r omr\u00e5det med en trasa.<\/li>\n<li data-section-id=\"8azyt7\" data-start=\"936\" data-end=\"1040\">Ta bort skyddsfilmen och f\u00e4st den sj\u00e4lvh\u00e4ftande t\u00e4tningen p\u00e5 vindrutan, centrera h\u00e5let \u00f6ver skadan.<\/li>\n<li data-section-id=\"8osnd8\" data-start=\"1041\" data-end=\"1117\">Ta bort den fr\u00e4mre skyddsfilmen och placera O-ringen i mitten av h\u00e5let.<\/li>\n<li data-section-id=\"1plzuq4\" data-start=\"1118\" data-end=\"1225\">F\u00e4st basen p\u00e5 t\u00e4tningen med \u00f6ppningen upp\u00e5t och tryck fast den ordentligt f\u00f6r att s\u00e4kerst\u00e4lla t\u00e4tning.<\/li>\n<li data-section-id=\"1ggu0dx\" data-start=\"1226\" data-end=\"1374\">Ta reparationshartset och klipp av toppen p\u00e5 flaskan. Tryck f\u00f6rsiktigt p\u00e5 flaskan 2\u20133 g\u00e5nger (2\u20133 droppar r\u00e4cker, beroende p\u00e5 skadans storlek).<\/li>\n<li data-section-id=\"bla3hc\" data-start=\"1375\" data-end=\"1449\">Kontrollera med en spegel att tillr\u00e4ckligt med harts har applicerats.<\/li>\n<li data-section-id=\"1h8igw3\" data-start=\"1450\" data-end=\"1584\">Skruva fast sprutan p\u00e5 basen, dra upp kolven och l\u00e5s den i det andra l\u00e4get. L\u00e5t st\u00e5 i 10\u201315 minuter f\u00f6r att avl\u00e4gsna luftbubblor.<\/li>\n<li data-section-id=\"wkjhw9\" data-start=\"1585\" data-end=\"1720\">Skruva loss sprutan och s\u00e4tt tillbaka den igen. Tryck tillbaka kolven och l\u00e5s i f\u00f6rsta l\u00e4get. L\u00e5t st\u00e5 i ytterligare 10\u201315 minuter.<\/li>\n<li data-section-id=\"1owewpn\" data-start=\"1721\" data-end=\"1801\">Ta bort sprutan och anv\u00e4nd ett rakblad f\u00f6r att ta bort basen och t\u00e4tningen.<\/li>\n<li data-section-id=\"1t2hpb5\" data-start=\"1802\" data-end=\"1849\">Skrapa bort \u00f6verfl\u00f6digt harts f\u00f6rsiktigt.<\/li>\n<li data-section-id=\"1c99uc0\" data-start=\"1850\" data-end=\"1943\">Applicera 1\u20132 droppar harts p\u00e5 skadan och t\u00e4ck med h\u00e4rdningsfilm. J\u00e4mna ut med rakblad.<\/li>\n<li data-section-id=\"7hyqz9\" data-start=\"1944\" data-end=\"1992\">F\u00e4st filmen vid behov med tejp (ing\u00e5r ej).<\/li>\n<li data-section-id=\"il0l5p\" data-start=\"1993\" data-end=\"2042\">L\u00e5t h\u00e4rda i direkt solljus i 15\u201320 minuter.<\/li>\n<li data-section-id=\"13hsprm\" data-start=\"2043\" data-end=\"2126\">Ta bort filmen och skrapa bort eventuellt \u00f6verskott med rakblad i 45\u00b0 vinkel.<\/li>\n<\/ol>\n","protected":false},"featured_media":32454,"template":"","meta":{"_acf_changed":false,"_seopress_robots_primary_cat":"none","_seopress_titles_title":"","_seopress_titles_desc":"","_seopress_robots_index":""},"product_cat":[338,349,21],"product_tag":[],"class_list":{"0":"post-32444","1":"product","2":"type-product","3":"status-publish","4":"has-post-thumbnail","6":"product_cat-fordonsverktyg","7":"product_cat-ovrigt","8":"product_cat-verkstadsutrustning","10":"first","11":"instock","12":"taxable","13":"shipping-taxable","14":"purchasable","15":"product-type-simple","swatches":"rey-swatches","show_selected":""},"acf":[],"_links":{"self":[{"href":"https:\/\/toolhouse.fi\/sv\/wp-json\/wp\/v2\/product\/32444","targetHints":{"allow":["GET"]}}],"collection":[{"href":"https:\/\/toolhouse.fi\/sv\/wp-json\/wp\/v2\/product"}],"about":[{"href":"https:\/\/toolhouse.fi\/sv\/wp-json\/wp\/v2\/types\/product"}],"version-history":[{"count":0,"href":"https:\/\/toolhouse.fi\/sv\/wp-json\/wp\/v2\/product\/32444\/revisions"}],"wp:featuredmedia":[{"embeddable":true,"href":"https:\/\/toolhouse.fi\/sv\/wp-json\/wp\/v2\/media\/32454"}],"wp:attachment":[{"href":"https:\/\/toolhouse.fi\/sv\/wp-json\/wp\/v2\/media?parent=32444"}],"wp:term":[{"taxonomy":"product_cat","embeddable":true,"href":"https:\/\/toolhouse.fi\/sv\/wp-json\/wp\/v2\/product_cat?post=32444"},{"taxonomy":"product_tag","embeddable":true,"href":"https:\/\/toolhouse.fi\/sv\/wp-json\/wp\/v2\/product_tag?post=32444"}],"curies":[{"name":"wp","href":"https:\/\/api.w.org\/{rel}","templated":true}]}}