{"id":32460,"date":"2026-03-31T14:47:48","date_gmt":"2026-03-31T11:47:48","guid":{"rendered":"https:\/\/toolhouse.fi\/?post_type=product&#038;p=32460"},"modified":"2026-03-31T21:46:20","modified_gmt":"2026-03-31T18:46:20","slug":"oljefilteravdragare-130-mm","status":"publish","type":"product","link":"https:\/\/toolhouse.fi\/sv\/produkt\/oljefilteravdragare-130-mm\/","title":{"rendered":"Oljefilteravdragare 130 mm"},"content":{"rendered":"","protected":false},"excerpt":{"rendered":"<p data-start=\"66\" data-end=\"127\"><strong data-start=\"66\" data-end=\"125\">Oljefilteravdragare med kraftig kedja \u2013 upp till 130 mm<\/strong><\/p>\n<p data-start=\"129\" data-end=\"296\">Robust oljefilteravdragare med extra bred, t\u00e4tl\u00e4nkad kedja som ger ett s\u00e4kert grepp utan att deformera filtret.<\/p>\n<ul data-start=\"316\" data-end=\"543\">\n<li data-section-id=\"1l5lwqf\" data-start=\"316\" data-end=\"366\">Passar oljefilter med diameter upp till 130 mm<\/li>\n<li data-section-id=\"15qcexn\" data-start=\"367\" data-end=\"414\">Extra bred kedja (21 mm) f\u00f6r maximalt grepp<\/li>\n<li data-section-id=\"1icnpme\" data-start=\"415\" data-end=\"452\">Skadar eller bucklar inte filtret<\/li>\n<li data-section-id=\"12nkqt1\" data-start=\"453\" data-end=\"503\">1\/2\u2033 fyrkantsf\u00e4ste samt 24 mm sexkantsfattning<\/li>\n<li data-section-id=\"ffc66a\" data-start=\"504\" data-end=\"521\">Vikt: 0,55 kg<\/li>\n<li data-section-id=\"6p54c5\" data-start=\"522\" data-end=\"543\">Tillverkare: Geko<\/li>\n<\/ul>\n<p>&nbsp;<\/p>\n<p>&nbsp;<\/p>\n","protected":false},"featured_media":32466,"template":"","meta":{"_acf_changed":false,"_seopress_robots_primary_cat":"none","_seopress_titles_title":"","_seopress_titles_desc":"","_seopress_robots_index":""},"product_cat":[338,340,21],"product_tag":[],"class_list":{"0":"post-32460","1":"product","2":"type-product","3":"status-publish","4":"has-post-thumbnail","6":"product_cat-fordonsverktyg","7":"product_cat-oljeverktyg","8":"product_cat-verkstadsutrustning","9":"product_shipping_class-tillbehor-590","11":"first","12":"instock","13":"taxable","14":"shipping-taxable","15":"purchasable","16":"product-type-simple","swatches":"rey-swatches","show_selected":""},"acf":[],"_links":{"self":[{"href":"https:\/\/toolhouse.fi\/sv\/wp-json\/wp\/v2\/product\/32460","targetHints":{"allow":["GET"]}}],"collection":[{"href":"https:\/\/toolhouse.fi\/sv\/wp-json\/wp\/v2\/product"}],"about":[{"href":"https:\/\/toolhouse.fi\/sv\/wp-json\/wp\/v2\/types\/product"}],"version-history":[{"count":3,"href":"https:\/\/toolhouse.fi\/sv\/wp-json\/wp\/v2\/product\/32460\/revisions"}],"predecessor-version":[{"id":32470,"href":"https:\/\/toolhouse.fi\/sv\/wp-json\/wp\/v2\/product\/32460\/revisions\/32470"}],"wp:featuredmedia":[{"embeddable":true,"href":"https:\/\/toolhouse.fi\/sv\/wp-json\/wp\/v2\/media\/32466"}],"wp:attachment":[{"href":"https:\/\/toolhouse.fi\/sv\/wp-json\/wp\/v2\/media?parent=32460"}],"wp:term":[{"taxonomy":"product_cat","embeddable":true,"href":"https:\/\/toolhouse.fi\/sv\/wp-json\/wp\/v2\/product_cat?post=32460"},{"taxonomy":"product_tag","embeddable":true,"href":"https:\/\/toolhouse.fi\/sv\/wp-json\/wp\/v2\/product_tag?post=32460"}],"curies":[{"name":"wp","href":"https:\/\/api.w.org\/{rel}","templated":true}]}}