{"id":32483,"date":"2026-03-31T16:49:08","date_gmt":"2026-03-31T13:49:08","guid":{"rendered":"https:\/\/toolhouse.fi\/?post_type=product&#038;p=32483"},"modified":"2026-04-23T22:34:27","modified_gmt":"2026-04-23T19:34:27","slug":"chuck-for-gangtapp-m13-m19-1-2","status":"publish","type":"product","link":"https:\/\/toolhouse.fi\/sv\/produkt\/chuck-for-gangtapp-m13-m19-1-2\/","title":{"rendered":"Chuck f\u00f6r g\u00e4ngtapp  M13-M19 &#8211; 1\/2&#8243;"},"content":{"rendered":"","protected":false},"excerpt":{"rendered":"<p data-start=\"45\" data-end=\"88\"><strong data-start=\"45\" data-end=\"88\">Adapter f\u00f6r 1\/2&#8243; till M13\u2013M19 g\u00e4ngtappar<\/strong><\/p>\n<p data-start=\"90\" data-end=\"282\">Professionell g\u00e4ngtappsadapter som m\u00f6jligg\u00f6r snabbt och bekv\u00e4mt arbete med g\u00e4ngtappar i omr\u00e5det M13\u2013M19 med verktyg som har 1\/2&#8243; f\u00e4ste. Adaptern m\u00f6jligg\u00f6r s\u00e4ker och stabil montering av g\u00e4ngtappen, vilket ger h\u00f6gre precision och \u00f6kad arbetss\u00e4kerhet.<\/p>\n<p data-section-id=\"1beci0i\" data-start=\"537\" data-end=\"558\"><span role=\"text\"><strong data-start=\"541\" data-end=\"558\">Tekniska data<\/strong><\/span><\/p>\n<ul data-start=\"559\" data-end=\"757\">\n<li data-section-id=\"11u66vw\" data-start=\"592\" data-end=\"607\">F\u00e4ste: 1\/2&#8243;<\/li>\n<li data-section-id=\"1i73qqc\" data-start=\"608\" data-end=\"641\">G\u00e4ngtappsintervall: M13 \u2013 M19<\/li>\n<li data-section-id=\"3791wx\" data-start=\"642\" data-end=\"677\">Material: kromvanadinst\u00e5l (CrV)<\/li>\n<li data-section-id=\"14mkien\" data-start=\"711\" data-end=\"757\">Anv\u00e4ndning: manuell och maskinell g\u00e4ngning<\/li>\n<li data-section-id=\"14mkien\" data-start=\"711\" data-end=\"757\">Tillverkare: Tvardy<\/li>\n<\/ul>\n","protected":false},"featured_media":32497,"template":"","meta":{"_acf_changed":false,"_seopress_robots_primary_cat":"none","_seopress_titles_title":"","_seopress_titles_desc":"","_seopress_robots_index":"","_seopress_analysis_target_kw":""},"product_cat":[580,336,21],"product_tag":[],"class_list":{"0":"post-32483","1":"product","2":"type-product","3":"status-publish","4":"has-post-thumbnail","6":"product_cat-gangverktyg","7":"product_cat-verktyg","8":"product_cat-verkstadsutrustning","10":"first","11":"instock","12":"taxable","13":"shipping-taxable","14":"purchasable","15":"product-type-simple","swatches":"rey-swatches","show_selected":""},"acf":[],"_links":{"self":[{"href":"https:\/\/toolhouse.fi\/sv\/wp-json\/wp\/v2\/product\/32483","targetHints":{"allow":["GET"]}}],"collection":[{"href":"https:\/\/toolhouse.fi\/sv\/wp-json\/wp\/v2\/product"}],"about":[{"href":"https:\/\/toolhouse.fi\/sv\/wp-json\/wp\/v2\/types\/product"}],"version-history":[{"count":0,"href":"https:\/\/toolhouse.fi\/sv\/wp-json\/wp\/v2\/product\/32483\/revisions"}],"wp:featuredmedia":[{"embeddable":true,"href":"https:\/\/toolhouse.fi\/sv\/wp-json\/wp\/v2\/media\/32497"}],"wp:attachment":[{"href":"https:\/\/toolhouse.fi\/sv\/wp-json\/wp\/v2\/media?parent=32483"}],"wp:term":[{"taxonomy":"product_cat","embeddable":true,"href":"https:\/\/toolhouse.fi\/sv\/wp-json\/wp\/v2\/product_cat?post=32483"},{"taxonomy":"product_tag","embeddable":true,"href":"https:\/\/toolhouse.fi\/sv\/wp-json\/wp\/v2\/product_tag?post=32483"}],"curies":[{"name":"wp","href":"https:\/\/api.w.org\/{rel}","templated":true}]}}