{"id":32508,"date":"2026-04-01T15:48:02","date_gmt":"2026-04-01T12:48:02","guid":{"rendered":"https:\/\/toolhouse.fi\/?post_type=product&#038;p=32508"},"modified":"2026-04-02T12:51:04","modified_gmt":"2026-04-02T09:51:04","slug":"pafyllningsnippel-till-luftpafyllare-geko-8mm","status":"publish","type":"product","link":"https:\/\/toolhouse.fi\/sv\/produkt\/pafyllningsnippel-till-luftpafyllare-geko-8mm\/","title":{"rendered":"P\u00e5fyllningsnippel till luftp\u00e5fyllare Geko 8mm"},"content":{"rendered":"","protected":false},"excerpt":{"rendered":"<p>P\u00e5fyllningsnippel av m\u00e4ssing.<\/p>\n<p>Slanganslutning: 8 mm.<\/p>\n<p>Tillverkare: Geko<\/p>\n","protected":false},"featured_media":32514,"template":"","meta":{"_acf_changed":false,"_seopress_robots_primary_cat":"none","_seopress_titles_title":"","_seopress_titles_desc":"","_seopress_robots_index":"","_seopress_analysis_target_kw":""},"product_cat":[319,216],"product_tag":[],"class_list":{"0":"post-32508","1":"product","2":"type-product","3":"status-publish","4":"has-post-thumbnail","6":"product_cat-luftpafyllare","7":"product_cat-tryckluft-och-kompressor","9":"first","10":"instock","11":"taxable","12":"shipping-taxable","13":"purchasable","14":"product-type-simple","swatches":"rey-swatches","show_selected":""},"acf":[],"_links":{"self":[{"href":"https:\/\/toolhouse.fi\/sv\/wp-json\/wp\/v2\/product\/32508","targetHints":{"allow":["GET"]}}],"collection":[{"href":"https:\/\/toolhouse.fi\/sv\/wp-json\/wp\/v2\/product"}],"about":[{"href":"https:\/\/toolhouse.fi\/sv\/wp-json\/wp\/v2\/types\/product"}],"version-history":[{"count":0,"href":"https:\/\/toolhouse.fi\/sv\/wp-json\/wp\/v2\/product\/32508\/revisions"}],"wp:featuredmedia":[{"embeddable":true,"href":"https:\/\/toolhouse.fi\/sv\/wp-json\/wp\/v2\/media\/32514"}],"wp:attachment":[{"href":"https:\/\/toolhouse.fi\/sv\/wp-json\/wp\/v2\/media?parent=32508"}],"wp:term":[{"taxonomy":"product_cat","embeddable":true,"href":"https:\/\/toolhouse.fi\/sv\/wp-json\/wp\/v2\/product_cat?post=32508"},{"taxonomy":"product_tag","embeddable":true,"href":"https:\/\/toolhouse.fi\/sv\/wp-json\/wp\/v2\/product_tag?post=32508"}],"curies":[{"name":"wp","href":"https:\/\/api.w.org\/{rel}","templated":true}]}}