{"id":32534,"date":"2026-04-01T17:19:42","date_gmt":"2026-04-01T14:19:42","guid":{"rendered":"https:\/\/toolhouse.fi\/?post_type=product&#038;p=32534"},"modified":"2026-05-13T16:05:37","modified_gmt":"2026-05-13T13:05:37","slug":"tandspoleavdragare-vag","status":"publish","type":"product","link":"https:\/\/toolhouse.fi\/sv\/produkt\/tandspoleavdragare-vag\/","title":{"rendered":"T\u00e4ndspoleavdragare VAG"},"content":{"rendered":"","protected":false},"excerpt":{"rendered":"<p data-start=\"47\" data-end=\"93\"><strong data-start=\"47\" data-end=\"91\">T\u00e4ndspolesdragare f\u00f6r VAG-gruppens bilar<\/strong><\/p>\n<h3 data-section-id=\"iqilpb\" data-start=\"95\" data-end=\"115\"><span role=\"text\"><strong data-start=\"99\" data-end=\"113\">Anv\u00e4ndning<\/strong><\/span><\/h3>\n<p data-start=\"116\" data-end=\"164\"><strong data-start=\"116\" data-end=\"128\">Motorer:<\/strong> 1.0, 1.2, 1.4 TSI \/ TFSI, 2.0 GTI<\/p>\n<p data-start=\"166\" data-end=\"353\"><strong data-start=\"166\" data-end=\"181\">Volkswagen VW:<\/strong> Up (fr\u00e5n 2011), Polo (fr\u00e5n 2012), Golf (fr\u00e5n 2013), Beetle (fr\u00e5n 2014), Caddy (fr\u00e5n 2015), Passat (fr\u00e5n 2014), Tiguan (fr\u00e5n 2015), Touran (fr\u00e5n 2015), Sharan (fr\u00e5n 2015)<\/p>\n<p data-start=\"355\" data-end=\"399\"><strong data-start=\"355\" data-end=\"364\">Audi:<\/strong> A1 (sedan 2012), A3 (sedan 2013)<\/p>\n<p data-start=\"401\" data-end=\"468\"><strong data-start=\"401\" data-end=\"410\">Seat:<\/strong> Mii (sedan 2011), Ibiza (sedan 2013), Leon (sedan 2013)<\/p>\n<p data-start=\"470\" data-end=\"541\"><strong data-start=\"470\" data-end=\"480\">Skoda:<\/strong> Citigo (fr\u00e5n 2011), Fabia (fr\u00e5n 2014), Octavia (fr\u00e5n 2013)<\/p>\n<p data-start=\"543\" data-end=\"773\"><strong data-start=\"543\" data-end=\"558\">Motorkoder:<\/strong> CJZB, CJZA, CBZB, CJZD, CYVB, CTHD, CTHA, CZCA, CZDB, CZDA, CMBA, CPVA, CPCB, CHPA, CPTA, TA, CAXA, CAVA, CAPB, CAVD, CXSA, CDGA, CXEA, CTHD, CXSB, CMBA, CKMA, CAVE, CHHB, CHHA, CCZB, CPGA, CHZB, CHYB, CHYA, CHZB<\/p>\n","protected":false},"featured_media":32548,"template":"","meta":{"_acf_changed":false,"_seopress_robots_primary_cat":"none","_seopress_titles_title":"","_seopress_titles_desc":"","_seopress_robots_index":""},"product_cat":[338,582],"product_tag":[],"class_list":{"0":"post-32534","1":"product","2":"type-product","3":"status-publish","4":"has-post-thumbnail","6":"product_cat-fordonsverktyg","7":"product_cat-motorverktyg","9":"first","10":"instock","11":"taxable","12":"shipping-taxable","13":"purchasable","14":"product-type-simple","swatches":"rey-swatches","show_selected":""},"acf":[],"_links":{"self":[{"href":"https:\/\/toolhouse.fi\/sv\/wp-json\/wp\/v2\/product\/32534","targetHints":{"allow":["GET"]}}],"collection":[{"href":"https:\/\/toolhouse.fi\/sv\/wp-json\/wp\/v2\/product"}],"about":[{"href":"https:\/\/toolhouse.fi\/sv\/wp-json\/wp\/v2\/types\/product"}],"version-history":[{"count":1,"href":"https:\/\/toolhouse.fi\/sv\/wp-json\/wp\/v2\/product\/32534\/revisions"}],"predecessor-version":[{"id":32974,"href":"https:\/\/toolhouse.fi\/sv\/wp-json\/wp\/v2\/product\/32534\/revisions\/32974"}],"wp:featuredmedia":[{"embeddable":true,"href":"https:\/\/toolhouse.fi\/sv\/wp-json\/wp\/v2\/media\/32548"}],"wp:attachment":[{"href":"https:\/\/toolhouse.fi\/sv\/wp-json\/wp\/v2\/media?parent=32534"}],"wp:term":[{"taxonomy":"product_cat","embeddable":true,"href":"https:\/\/toolhouse.fi\/sv\/wp-json\/wp\/v2\/product_cat?post=32534"},{"taxonomy":"product_tag","embeddable":true,"href":"https:\/\/toolhouse.fi\/sv\/wp-json\/wp\/v2\/product_tag?post=32534"}],"curies":[{"name":"wp","href":"https:\/\/api.w.org\/{rel}","templated":true}]}}