{"id":32752,"date":"2026-05-05T16:11:38","date_gmt":"2026-05-05T13:11:38","guid":{"rendered":"https:\/\/toolhouse.fi\/?post_type=product&#038;p=32752"},"modified":"2026-05-15T20:21:19","modified_gmt":"2026-05-15T17:21:19","slug":"invento-sl-s35-35t","status":"publish","type":"product","link":"https:\/\/toolhouse.fi\/sv\/produkt\/invento-sl-s35-35t\/","title":{"rendered":"INVENTO SL S35 3,5T"},"content":{"rendered":"<table width=\"667\">\n<tbody>\n<tr>\n<td colspan=\"3\" width=\"667\"><strong>Tekniska data<\/strong><\/td>\n<\/tr>\n<tr>\n<td width=\"346\">&nbsp;<\/p>\n<p>Modell<\/td>\n<td colspan=\"2\" width=\"321\">&nbsp;<\/p>\n<p>INVENTO SL S35<\/td>\n<\/tr>\n<tr>\n<td width=\"346\">Lyftkapacitet<\/td>\n<td colspan=\"2\" width=\"321\">3000kg<\/td>\n<\/tr>\n<tr>\n<td width=\"346\">Maximal\u00a0 lyfth\u00f6jd<\/td>\n<td colspan=\"2\" width=\"321\">1000mm<\/td>\n<\/tr>\n<tr>\n<td width=\"346\">Lyft \/ s\u00e4nktid<\/td>\n<td colspan=\"2\" width=\"321\">ca 30sek<\/td>\n<\/tr>\n<tr>\n<td width=\"346\">L\u00e4gsta h\u00f6jd<\/td>\n<td colspan=\"2\" width=\"321\">110mm<\/td>\n<\/tr>\n<tr>\n<td width=\"346\">Bredd<\/td>\n<td colspan=\"2\" width=\"321\">1860mm<\/td>\n<\/tr>\n<tr>\n<td width=\"346\">Plattformsl\u00e4ngd<\/p>\n<p>Plattformsl\u00e4ngd med ramper uppf\u00e4llda<\/td>\n<td colspan=\"2\" width=\"321\">1410 mm<\/p>\n<p>2010 mm<\/td>\n<\/tr>\n<tr>\n<td width=\"346\">Plattformsbredd<\/td>\n<td colspan=\"2\" width=\"321\">535 mm<\/td>\n<\/tr>\n<tr>\n<td width=\"346\">Str\u00f6mk\u00e4lla<\/p>\n<p>Man\u00f6versp\u00e4nning<\/td>\n<td colspan=\"2\" width=\"321\">400v<\/p>\n<p>24v<\/td>\n<\/tr>\n<tr>\n<td width=\"346\">Motoreffekt<\/td>\n<td colspan=\"2\" width=\"321\">2,2 kW<\/td>\n<\/tr>\n<tr>\n<td width=\"346\">Ce m\u00e4rkt:<\/p>\n<p>Garanti:<\/td>\n<td colspan=\"2\" width=\"321\">Ja<\/p>\n<p>12 M\u00e5nader<\/td>\n<\/tr>\n<tr>\n<td width=\"346\">Bullerniv\u00e5<\/p>\n<p>Brukstemperatur:<\/td>\n<td colspan=\"2\" width=\"321\">\u226470 dB(A)<\/p>\n<p>-10\u00b0C till 40\u00b0C.<\/td>\n<\/tr>\n<tr>\n<td width=\"346\">Nettovikt<\/td>\n<td colspan=\"2\" width=\"321\">550kg<\/td>\n<\/tr>\n<\/tbody>\n<\/table>\n","protected":false},"excerpt":{"rendered":"<p>&nbsp;<\/p>\n<ul>\n<li>Hydraulisk<\/li>\n<li>Lyftkapacitet 3500kg<\/li>\n<li>Lyfth\u00f6jd 1000mm<\/li>\n<li>L\u00e4gsta h\u00f6jd 110mm<\/li>\n<li>Bredd 1860mm<\/li>\n<li>L\u00e4ngd 1410 mm &#8211; 2010 mm<\/li>\n<li>Automatiska l\u00e5s<\/li>\n<li>Flyttbar<\/li>\n<li>Beh\u00f6ver ej f\u00e4stas i golvet<\/li>\n<li>Hjulserie medf\u00f6ljer<\/li>\n<li>Ramperna \u00e4r l\u00e5sbara i uppf\u00e4llt l\u00e4ge<\/li>\n<li>Gummidynor inkluderat 4st<\/li>\n<li>400V<\/li>\n<\/ul>\n<p><strong>SL S35 3,5 T<\/strong>, flyttbar l\u00e5glyft som lyfter en meter och 3500kg.<\/p>\n<p>Lyften \u00e4r l\u00e4ttanv\u00e4nd och s\u00e4ker med automatiska el-styrda s\u00e4kerhetsl\u00e5s.<\/p>\n<p>Ramperna \u00e4r l\u00e5sbara i uppf\u00e4llt l\u00e4ge vilket underl\u00e4ttar betydligt n\u00e4r du lyfter l\u00e4ngre fordon.<\/p>\n<p>SL S35 beh\u00f6ver ej f\u00e4stas i golvet och flyttas l\u00e4tt av en person med den medf\u00f6ljande hjulserien.<\/p>\n<p>&nbsp;<\/p>\n<p><strong>L\u00e4tt att installera<\/strong><\/p>\n<p>SL S35 och styrenheten levereras v\u00e4l skyddade i robusta fanerl\u00e5dor.<\/p>\n<p>Installationen \u00e4r smidig och tar ungef\u00e4r en timme. Hydraulslangen kopplas mellan lyften och styrenheten, och ett par elkontakter ansluts.<\/p>\n<p>Ramperna monteras snabbt och s\u00e4kert med hj\u00e4lp av st\u00e5ltappar och l\u00e5sringar. Maskinen kr\u00e4ver cirka 10 liter hydraulolja, som inte ing\u00e5r i leveransen.<\/p>\n<p>Elkabel och kontakt \u00e4r f\u00f6rmonterade f\u00f6r att g\u00f6ra installationen \u00e4nnu enklare.<\/p>\n<p>&nbsp;<\/p>\n<p>&nbsp;<\/p>\n<p><img alt=\"\" fetchpriority=\"high\" decoding=\"async\" class=\"size-medium wp-image-5726 alignright\" src=\"http:\/\/toolhouse.fi\/wp-content\/uploads\/2021\/11\/saksinostin-3500kg-5-300x300.jpg\" alt=\"\" width=\"300\" height=\"300\" srcset=\"https:\/\/toolhouse.fi\/wp-content\/uploads\/2021\/11\/saksinostin-3500kg-5-300x300.jpg 300w, https:\/\/toolhouse.fi\/wp-content\/uploads\/2021\/11\/saksinostin-3500kg-5-100x100.jpg 100w, https:\/\/toolhouse.fi\/wp-content\/uploads\/2021\/11\/saksinostin-3500kg-5-510x510.jpg 510w, https:\/\/toolhouse.fi\/wp-content\/uploads\/2021\/11\/saksinostin-3500kg-5-150x150.jpg 150w, https:\/\/toolhouse.fi\/wp-content\/uploads\/2021\/11\/saksinostin-3500kg-5-768x768.jpg 768w, https:\/\/toolhouse.fi\/wp-content\/uploads\/2021\/11\/saksinostin-3500kg-5-400x400.jpg 400w, https:\/\/toolhouse.fi\/wp-content\/uploads\/2021\/11\/saksinostin-3500kg-5-700x700.jpg 700w, https:\/\/toolhouse.fi\/wp-content\/uploads\/2021\/11\/saksinostin-3500kg-5.jpg 800w\" sizes=\"(max-width: 300px) 100vw, 300px\" \/><\/p>\n<h3>L\u00e5g profil och stor lyftkraft<\/h3>\n<p>Tack vare den geniala designen p\u00e5 lyftl\u00e4nkaget s\u00e5 klarar SL S35 att lyfta med full kapacitet p\u00e5 3500kg, redan fr\u00e5n nerf\u00e4llt l\u00e4ge.<\/p>\n<p>&nbsp;<\/p>\n<p>&nbsp;<\/p>\n<p>&nbsp;<\/p>\n<p>&nbsp;<\/p>\n<p>Lyften \u00e4r CE-godk\u00e4nd och levereras med 12 m\u00e5naders garanti. Alla reservdelar finns tillg\u00e4ngliga.<\/p>\n","protected":false},"featured_media":32763,"template":"","meta":{"_acf_changed":false,"_seopress_robots_primary_cat":"none","_seopress_titles_title":"","_seopress_titles_desc":"","_seopress_robots_index":""},"product_cat":[458,20,280],"product_tag":[],"class_list":{"0":"post-32752","1":"product","2":"type-product","3":"status-publish","4":"has-post-thumbnail","6":"product_cat-fordonslyftar","7":"product_cat-lyftteknik","8":"product_cat-saxlyft-laglyft","10":"first","11":"instock","12":"taxable","13":"shipping-taxable","14":"purchasable","15":"product-type-simple","swatches":"rey-swatches","show_selected":""},"acf":[],"_links":{"self":[{"href":"https:\/\/toolhouse.fi\/sv\/wp-json\/wp\/v2\/product\/32752","targetHints":{"allow":["GET"]}}],"collection":[{"href":"https:\/\/toolhouse.fi\/sv\/wp-json\/wp\/v2\/product"}],"about":[{"href":"https:\/\/toolhouse.fi\/sv\/wp-json\/wp\/v2\/types\/product"}],"version-history":[{"count":2,"href":"https:\/\/toolhouse.fi\/sv\/wp-json\/wp\/v2\/product\/32752\/revisions"}],"predecessor-version":[{"id":32784,"href":"https:\/\/toolhouse.fi\/sv\/wp-json\/wp\/v2\/product\/32752\/revisions\/32784"}],"wp:featuredmedia":[{"embeddable":true,"href":"https:\/\/toolhouse.fi\/sv\/wp-json\/wp\/v2\/media\/32763"}],"wp:attachment":[{"href":"https:\/\/toolhouse.fi\/sv\/wp-json\/wp\/v2\/media?parent=32752"}],"wp:term":[{"taxonomy":"product_cat","embeddable":true,"href":"https:\/\/toolhouse.fi\/sv\/wp-json\/wp\/v2\/product_cat?post=32752"},{"taxonomy":"product_tag","embeddable":true,"href":"https:\/\/toolhouse.fi\/sv\/wp-json\/wp\/v2\/product_tag?post=32752"}],"curies":[{"name":"wp","href":"https:\/\/api.w.org\/{rel}","templated":true}]}}