{"id":32925,"date":"2026-05-12T11:38:36","date_gmt":"2026-05-12T08:38:36","guid":{"rendered":"https:\/\/toolhouse.fi\/?post_type=product&#038;p=32925"},"modified":"2026-05-15T20:27:30","modified_gmt":"2026-05-15T17:27:30","slug":"invento-vbs-250","status":"publish","type":"product","link":"https:\/\/toolhouse.fi\/sv\/produkt\/invento-vbs-250\/","title":{"rendered":"INVENTO VBS 250"},"content":{"rendered":"<table class=\"n54117_dictionary\">\n<tbody>\n<tr>\n<td class=\"n54117_item_a1\">Modell<span class=\"n67256colon\">:<\/span><\/td>\n<td class=\"n54117_item_b1\">\n<div class=\"n54117_item_b_sub\"><span class=\"n54117_name_sub\">Invento vbs 250<\/span><\/div>\n<\/td>\n<\/tr>\n<tr>\n<td class=\"n54117_item_a2\">Typ\u00a0<span class=\"n67256colon\">:<\/span><\/td>\n<td class=\"n54117_item_b2\">\n<div class=\"n54117_item_b_sub\">automatisk<\/div>\n<\/td>\n<\/tr>\n<tr>\n<td class=\"n54117_item_a1\"><\/td>\n<td class=\"n54117_item_b1\">\n<div class=\"n54117_item_b_sub\"><\/div>\n<div><\/div>\n<\/td>\n<\/tr>\n<tr>\n<td class=\"n54117_item_a2\">M\u00e4tningstid\u00a0<span class=\"n67256colon\">:<\/span><\/td>\n<td class=\"n54117_item_b2\">\n<div class=\"n54117_item_b_sub\">8 sekunder<\/div>\n<\/td>\n<\/tr>\n<tr>\n<td class=\"n54117_item_a1\">Ljudniv\u00e5l\u00a0<span class=\"n67256colon\">:<\/span><\/td>\n<td class=\"n54117_item_b1\">\n<div class=\"n54117_item_b_sub\">\u226470dB<\/div>\n<\/td>\n<\/tr>\n<tr>\n<td class=\"n54117_item_a2\">Axel diameter\u00a0<span class=\"n67256colon\">:<\/span><\/td>\n<td class=\"n54117_item_b2\">\n<div class=\"n54117_item_b_sub\">40mm (diameter) x 3mm (g\u00e4ngstigning)<\/div>\n<\/td>\n<\/tr>\n<tr>\n<td class=\"n54117_item_a1\">Program: <span class=\"n67256colon\">:<\/span><\/td>\n<td class=\"n54117_item_b1\">\n<div class=\"n54117_item_b_sub\">8 st (DYN, ALU1, ALU2, ALU3, ALU4, ALU5, ALU-S, ST)<\/div>\n<\/td>\n<\/tr>\n<tr>\n<td class=\"n54117_item_a2\">Maximal hjulvikt <span class=\"n67256colon\">:<\/span><\/td>\n<td class=\"n54117_item_b2\">\n<div class=\"n54117_item_b_sub\">65 kg<\/div>\n<\/td>\n<\/tr>\n<tr>\n<td class=\"n54117_item_a1\">Rotations hastighet\u00a0<span class=\"n67256colon\">:<\/span><\/td>\n<td class=\"n54117_item_b1\">\n<div class=\"n54117_item_b_sub\">200 rpm<\/div>\n<\/td>\n<\/tr>\n<tr>\n<td class=\"n54117_item_a2\">Noggrannhet\u00a0<span class=\"n67256colon\">:<\/span><\/td>\n<td class=\"n54117_item_b2\">\n<div class=\"n54117_item_b_sub\">1g<\/div>\n<\/td>\n<\/tr>\n<tr>\n<td class=\"n54117_item_a1\">F\u00e4lgstorlek\u00a0<span class=\"n67256colon\">:<\/span><\/td>\n<td class=\"n54117_item_b1\">\n<div class=\"n54117_item_b_sub\">10 \u201c- 24\u201d (256 \u2013 610 mm)<\/div>\n<\/td>\n<\/tr>\n<tr>\n<td class=\"n54117_item_a2\">Vikt positionering\u00a0<span class=\"n67256colon\">:<\/span><\/td>\n<td class=\"n54117_item_b2\">\n<div class=\"n54117_item_b_sub\">laser, led lampor, ljudsignal<\/div>\n<\/td>\n<\/tr>\n<tr>\n<td class=\"n54117_item_a1\">Ytterligare funktioner\u00a0<span class=\"n67256colon\">:<\/span><\/td>\n<td class=\"n54117_item_b1\">\n<div class=\"n54117_item_b_sub\">Auto kalibrering,sj\u00e4lvdiagnos, LED-belysning<\/div>\n<\/td>\n<\/tr>\n<tr>\n<td class=\"n54117_item_a2\">Str\u00f6mf\u00f6rbrukning\u00a0<span class=\"n67256colon\">:<\/span><\/td>\n<td class=\"n54117_item_b2\">\n<div class=\"n54117_item_b_sub\">0.2 kW \/ 0.37 kW<\/div>\n<\/td>\n<\/tr>\n<tr>\n<td class=\"n54117_item_a1\">Str\u00f6mf\u00f6rs\u00f6rjning\u00a0<span class=\"n67256colon\">:<\/span><\/td>\n<td class=\"n54117_item_b1\">\n<div class=\"n54117_item_b_sub\">230V 50Hz<\/div>\n<\/td>\n<\/tr>\n<tr>\n<td class=\"n54117_item_a2\">Garanti\u00a0<span class=\"n67256colon\">:<\/span><\/td>\n<td class=\"n54117_item_b2\">\n<div class=\"n54117_item_b_sub\">12 m\u00e5nader<\/div>\n<\/td>\n<\/tr>\n<tr>\n<td class=\"n54117_item_a1\"><span class=\"n67256colon\">Ce-m\u00e4rkt:<\/span><\/td>\n<td class=\"n54117_item_b1\">\n<div class=\"n54117_item_b_sub\">Ja<\/div>\n<\/td>\n<\/tr>\n<\/tbody>\n<\/table>\n","protected":false},"excerpt":{"rendered":"<p>&nbsp;<\/p>\n<h3 data-section-id=\"1hfp656\" data-start=\"0\" data-end=\"45\">Automatisk hjulbalanserare INVENTO VBS 250<\/h3>\n<ul data-start=\"47\" data-end=\"771\">\n<li data-section-id=\"ukjqrg\" data-start=\"47\" data-end=\"147\"><strong data-start=\"49\" data-end=\"77\">Laser f\u00f6r viktplacering:<\/strong> Snabb och noggrann placering av vikter med hj\u00e4lp av laserindikator.<\/li>\n<li><strong>LED-belysning<\/strong>: Underl\u00e4ttar viktplaceringen och t\u00e4nds automatiskt tillsammans med laserindikatorn.<\/li>\n<li data-section-id=\"8hvajs\" data-start=\"148\" data-end=\"302\"><strong data-start=\"150\" data-end=\"175\">Automatisk inm\u00e4tning:<\/strong> F\u00e4lgens diameter och avst\u00e5nd m\u00e4ts automatiskt med m\u00e4tarmen. I automatiskt l\u00e4ge registreras alla m\u00e5tt utan manuell inmatning.<\/li>\n<li data-section-id=\"op4znt\" data-start=\"303\" data-end=\"403\"><strong data-start=\"305\" data-end=\"332\">M\u00e4tarmens m\u00e5ngsidighet:<\/strong> Anv\u00e4nds b\u00e5de f\u00f6r exakt inm\u00e4tning och f\u00f6r placering av klistervikter.<\/li>\n<li data-section-id=\"15g1ip4\" data-start=\"404\" data-end=\"529\"><strong data-start=\"406\" data-end=\"432\">8 balanseringsprogram:<\/strong> Sex l\u00e4gen f\u00f6r aluminiumf\u00e4lgar, normall\u00e4ge, statiskt balanseringsl\u00e4ge samt automatiskt program.<\/li>\n<li data-section-id=\"1cb0hrl\" data-start=\"530\" data-end=\"659\"><strong data-start=\"532\" data-end=\"561\">Optimering och precision:<\/strong> Vid stor obalans anv\u00e4nds OPT-funktionen f\u00f6r att rotera d\u00e4cket p\u00e5 f\u00e4lgen och minimera obalansen.<\/li>\n<li data-section-id=\"btl7p0\" data-start=\"660\" data-end=\"771\"><strong data-start=\"662\" data-end=\"688\">Dolda vikter-funktion:<\/strong> M\u00f6jligg\u00f6r placering av vikter bakom f\u00e4lgens ekrar f\u00f6r ett snyggare slutresultat.<\/li>\n<\/ul>\n<p data-start=\"773\" data-end=\"1193\">INVENTO Silver VBS 250 \u00e4r en professionell hjulbalanserare utvecklad f\u00f6r d\u00e4ckverkst\u00e4der och bilverkst\u00e4der. Utrustad med 2D-m\u00e4tarm (auto-alu), precisionslaser och LED-belysning s\u00e4kerst\u00e4ller den snabb, exakt och smidig balansering f\u00f6r b\u00e5de st\u00e5l- och aluminiumf\u00e4lgar.<\/p>\n<h3 data-section-id=\"e5gxui\" data-start=\"1195\" data-end=\"1223\">Flera balanseringsprogram<\/h3>\n<p data-start=\"1225\" data-end=\"1342\">Maskinen \u00e4r utrustad med sex dedikerade program f\u00f6r aluminiumf\u00e4lgar och st\u00f6der b\u00e5de dynamisk och statisk balansering.<\/p>\n<p data-start=\"1344\" data-end=\"1655\">VBS 250 \u00e4r anpassad f\u00f6r balansering av hjul till personbilar, paketbilar och motorcyklar (MC-adapter finns som tillval). Den har en snabb m\u00e4tningstid p\u00e5 endast 8 sekunder och startar automatiskt n\u00e4r skyddshuven f\u00e4lls ner. N\u00e4r m\u00e4tningen \u00e4r klar stannar maskinen snabbt med hj\u00e4lp av den elektromekaniska bromsen.<\/p>\n<h3 data-section-id=\"1kyyn1b\" data-start=\"1657\" data-end=\"1671\">LED-display<\/h3>\n<p data-start=\"1673\" data-end=\"1797\">Den stora LED-displayen visar tydligt var obalansen finns. Maskinen har \u00e4ven stora och tydliga knappar f\u00f6r enkel anv\u00e4ndning.<\/p>\n<h3 data-section-id=\"1y43gz0\" data-start=\"1799\" data-end=\"1821\">Axeldiameter: 40 mm<\/h3>\n<p data-start=\"1823\" data-end=\"1913\">VBS 250 \u00e4r utrustad med en 40 mm axel och \u00e4r kompatibel med ett brett utbud av tillbeh\u00f6r.<\/p>\n<h3 data-section-id=\"1lwdgw1\" data-start=\"1915\" data-end=\"1949\">Sj\u00e4lvdiagnostik och kalibrering<\/h3>\n<p data-start=\"1951\" data-end=\"2115\">Maskinen \u00e4r enkel att fels\u00f6ka och utrustad med ett anv\u00e4ndarv\u00e4nligt kalibreringssystem, vilket g\u00f6r att anv\u00e4ndaren sj\u00e4lv kan kalibrera maskinen f\u00f6r optimala resultat.<\/p>\n<h3 data-section-id=\"mvtpxt\" data-start=\"2117\" data-end=\"2138\">Standardutrustning<\/h3>\n<ul data-start=\"2140\" data-end=\"2265\" data-is-last-node=\"\" data-is-only-node=\"\">\n<li data-section-id=\"3tsuax\" data-start=\"2140\" data-end=\"2164\">Set med koner (4 st)<\/li>\n<li data-section-id=\"19zushn\" data-start=\"2165\" data-end=\"2180\">Snabbmutter<\/li>\n<li data-section-id=\"87h6fk\" data-start=\"2181\" data-end=\"2189\">T\u00e5ng<\/li>\n<li data-section-id=\"1ehf62r\" data-start=\"2190\" data-end=\"2239\">Verktyg f\u00f6r m\u00e4tning av hjulbredd och diameter<\/li>\n<li data-section-id=\"sb0ug4\" data-start=\"2240\" data-end=\"2265\" data-is-last-node=\"\">Kalibreringsvikt (1 st)<\/li>\n<\/ul>\n","protected":false},"featured_media":32955,"template":"","meta":{"_acf_changed":false,"_seopress_robots_primary_cat":"none","_seopress_titles_title":"","_seopress_titles_desc":"","_seopress_robots_index":""},"product_cat":[185,18,623],"product_tag":[],"class_list":{"0":"post-32925","1":"product","2":"type-product","3":"status-publish","4":"has-post-thumbnail","6":"product_cat-balanseringsmaskiner","7":"product_cat-dackarbete","8":"product_cat-dackbalanserare","10":"first","11":"instock","12":"taxable","13":"shipping-taxable","14":"purchasable","15":"product-type-simple","swatches":"rey-swatches","show_selected":""},"acf":[],"_links":{"self":[{"href":"https:\/\/toolhouse.fi\/sv\/wp-json\/wp\/v2\/product\/32925","targetHints":{"allow":["GET"]}}],"collection":[{"href":"https:\/\/toolhouse.fi\/sv\/wp-json\/wp\/v2\/product"}],"about":[{"href":"https:\/\/toolhouse.fi\/sv\/wp-json\/wp\/v2\/types\/product"}],"version-history":[{"count":3,"href":"https:\/\/toolhouse.fi\/sv\/wp-json\/wp\/v2\/product\/32925\/revisions"}],"predecessor-version":[{"id":32930,"href":"https:\/\/toolhouse.fi\/sv\/wp-json\/wp\/v2\/product\/32925\/revisions\/32930"}],"wp:featuredmedia":[{"embeddable":true,"href":"https:\/\/toolhouse.fi\/sv\/wp-json\/wp\/v2\/media\/32955"}],"wp:attachment":[{"href":"https:\/\/toolhouse.fi\/sv\/wp-json\/wp\/v2\/media?parent=32925"}],"wp:term":[{"taxonomy":"product_cat","embeddable":true,"href":"https:\/\/toolhouse.fi\/sv\/wp-json\/wp\/v2\/product_cat?post=32925"},{"taxonomy":"product_tag","embeddable":true,"href":"https:\/\/toolhouse.fi\/sv\/wp-json\/wp\/v2\/product_tag?post=32925"}],"curies":[{"name":"wp","href":"https:\/\/api.w.org\/{rel}","templated":true}]}}