{"id":32963,"date":"2026-05-13T15:01:02","date_gmt":"2026-05-13T12:01:02","guid":{"rendered":"https:\/\/toolhouse.fi\/?post_type=product&#038;p=32963"},"modified":"2026-05-15T20:12:58","modified_gmt":"2026-05-15T17:12:58","slug":"invento-el-s-40-tl","status":"publish","type":"product","link":"https:\/\/toolhouse.fi\/sv\/produkt\/invento-el-s-40-tl\/","title":{"rendered":"INVENTO EL S 40 TL"},"content":{"rendered":"<table style=\"height: 1005px;\" border=\"0\" width=\"743\" cellspacing=\"0\" cellpadding=\"2\">\n<tbody>\n<tr>\n<td width=\"322\"><b>Lyftkapacitet :<\/b><\/td>\n<td width=\"93\">4000 kg<\/td>\n<\/tr>\n<tr>\n<td bgcolor=\"#f1f1f1\" width=\"322\"><b>Lyfth\u00f6jd:<\/b><\/td>\n<td bgcolor=\"#f1f1f1\" width=\"93\">95 \u20131900mm<\/td>\n<\/tr>\n<tr>\n<td width=\"322\"><b>Automatiska s\u00e4kerhetsl\u00e5s :<\/b><\/td>\n<td width=\"93\">Ja<\/td>\n<\/tr>\n<tr>\n<td bgcolor=\"#f1f1f1\" width=\"322\"><b>Drift\u00a0:<\/b><\/td>\n<td bgcolor=\"#f1f1f1\" width=\"93\">Hydraulisk<\/td>\n<\/tr>\n<tr>\n<td width=\"322\"><b>Lyfttid\u00a0:<\/b><\/td>\n<td width=\"93\">45 sekunder<\/td>\n<\/tr>\n<tr>\n<td bgcolor=\"#f1f1f1\" width=\"322\"><\/td>\n<td bgcolor=\"#f1f1f1\" width=\"93\"><\/td>\n<\/tr>\n<tr>\n<td width=\"322\"><b>Bredd mellan pelare:<\/b><\/p>\n<p><strong>Genomk\u00f6rningsbredd:<\/strong><\/td>\n<td width=\"93\">2815 mm<\/p>\n<p>2560 mm<\/td>\n<\/tr>\n<tr>\n<td bgcolor=\"#f1f1f1\" width=\"322\"><b>H\u00f6jd :<\/b><\/td>\n<td bgcolor=\"#f1f1f1\" width=\"93\">3696 \/ 3798 \/ 3900 mm<\/td>\n<\/tr>\n<tr>\n<td width=\"322\"><b>Bredd\u00a0:<\/b><\/p>\n<p><strong>Vikt:<\/strong><\/td>\n<td width=\"93\">3540 mm<\/p>\n<p>670 kg<\/td>\n<\/tr>\n<tr>\n<td bgcolor=\"#f1f1f1\" width=\"322\"><b>Sp\u00e4nning\u00a0:<\/b><\/td>\n<td bgcolor=\"#f1f1f1\" width=\"93\">400V<\/td>\n<\/tr>\n<tr>\n<td width=\"322\"><b>Garanti\u00a0:<\/b><\/td>\n<td width=\"93\">12 m\u00e5nader<\/td>\n<\/tr>\n<tr>\n<td bgcolor=\"#f1f1f1\" width=\"322\"><strong>Ce m\u00e4rkt\u00a0:<\/strong><\/td>\n<td bgcolor=\"#f1f1f1\" width=\"93\">Ja<\/td>\n<\/tr>\n<tr>\n<td width=\"322\"><strong>Fritt golv:<\/strong><\/td>\n<td width=\"93\">Ja<\/td>\n<\/tr>\n<tr>\n<td bgcolor=\"#f1f1f1\" width=\"322\"><strong>Motoreffekt:<\/strong><\/td>\n<td bgcolor=\"#f1f1f1\" width=\"93\">2,2kw<\/td>\n<\/tr>\n<tr>\n<td width=\"322\"><strong>Man\u00f6versp\u00e4nning<\/strong><\/p>\n<p>&nbsp;<\/p>\n<p><strong>Modell<\/strong><\/td>\n<td width=\"93\">24 v<\/p>\n<p>&nbsp;<\/p>\n<p>EL S 40 TL<\/td>\n<\/tr>\n<\/tbody>\n<\/table>\n","protected":false},"excerpt":{"rendered":"<ul>\n<li>Hydraulisk tv\u00e5pelarlyft.<\/li>\n<li>400V<\/li>\n<li>Golvfri modell<\/li>\n<li>Lyftkapacitet 400kg.<\/li>\n<li>Lyfth\u00f6jd 95 \u2013 1900 mm<\/li>\n<li>Automatiska 24 volts s\u00e4kerhetsl\u00e5s.<\/li>\n<li>Totalh\u00f6jd 3696 \/ 3798 \/ 3900 mm<\/li>\n<\/ul>\n<p>&nbsp;<\/p>\n<p><strong>Tre h\u00f6jdalternativ<\/strong><\/p>\n<p>P\u00e5 EL S 40 TL kan du v\u00e4lja 3 olika totalh\u00f6jder p\u00e5 lyften.<br \/>\nDen kan monteras p\u00e5 h\u00f6jderna 3696 mm, 3798 mm eller 3900 mm, beroende p\u00e5 vad som passar b\u00e4st f\u00f6r utrymmet som lyften ska anv\u00e4ndas i.<\/p>\n<p>&nbsp;<\/p>\n<p><strong>L\u00e5nga lyftarmar<\/strong><\/p>\n<p>L\u00e5nga teleskopiska lyftarmar underl\u00e4ttar n\u00e4r du lyfter l\u00e5nga fordon.<\/p>\n<p>Fr\u00e4mre armarna \u00e4r tv\u00e5delade och l\u00e4ngden kan justeras fr\u00e5n 820 till 1320mm.<\/p>\n<p>Bakre armarna \u00e4r tredelade och l\u00e4ngden kan justeras fr\u00e5n 690 till 1290mm.<\/p>\n<p>Lyftdynorna \u00e4r\u00a0 tillverkade av oljebest\u00e4ndigt gummi, och som tillbeh\u00f6r finns f\u00f6rh\u00f6jningar i tv\u00e5 olika l\u00e4ngder.<\/p>\n<p>&nbsp;<\/p>\n<p><strong>H\u00f6g s\u00e4kerhet<\/strong><\/p>\n<p>P\u00e5 EL S 40 TL aktiveras s\u00e4kerhetsl\u00e5sen automatiskt n\u00e4r bilen lyfts, dessutom stoppas lyftprocessen n\u00e4r bilen n\u00e5r maximal lyfth\u00f6jd vilket garanterar perfekt s\u00e4kerhet vid anv\u00e4ndning. S\u00e4kerhetsl\u00e5sen \u00e4r mycket robusta och designade f\u00f6r att klara p\u00e5frestningen av m\u00e5nga \u00e5rs vardaglig anv\u00e4ndning.<\/p>\n<p>Gummif\u00f6rsett takskydd med brytare om bilen \u00e4r f\u00f6r h\u00f6g.<\/p>\n<p>Standardutrustad med gummiskydd som skyddar bild\u00f6rren vid \u00f6ppning.<\/p>\n<p>Lyften \u00e4r utrustad med n\u00f6dstopp och kl\u00e4mskydd.<\/p>\n<p>&nbsp;<\/p>\n<p><strong>Automatisk<\/strong><\/p>\n<p>F\u00f6rdelen med den automatiska lyften \u00e4r bekv\u00e4m kontroll av lyft och s\u00e4nkprocessen. Med knapparna p\u00e5 kontrollpanelen styrs allt, utan att beh\u00f6va sl\u00e4ppa l\u00e5set manuellt vid varje pelare. P\u00e5 den h\u00e4r modellen har b\u00e5da pelarna 24 volts elektromagneter som automatiskt inaktiverar l\u00e5sen n\u00e4r s\u00e4nkningsknappen p\u00e5 kontrollpanelen trycks in.<\/p>\n","protected":false},"featured_media":32972,"template":"","meta":{"_acf_changed":false,"_seopress_robots_primary_cat":"none","_seopress_titles_title":"","_seopress_titles_desc":"","_seopress_robots_index":""},"product_cat":[278,458,20],"product_tag":[],"class_list":{"0":"post-32963","1":"product","2":"type-product","3":"status-publish","4":"has-post-thumbnail","6":"product_cat-2-pelarlyft","7":"product_cat-fordonslyftar","8":"product_cat-lyftteknik","10":"first","11":"instock","12":"taxable","13":"shipping-taxable","14":"purchasable","15":"product-type-simple","swatches":"rey-swatches","show_selected":""},"acf":[],"_links":{"self":[{"href":"https:\/\/toolhouse.fi\/sv\/wp-json\/wp\/v2\/product\/32963","targetHints":{"allow":["GET"]}}],"collection":[{"href":"https:\/\/toolhouse.fi\/sv\/wp-json\/wp\/v2\/product"}],"about":[{"href":"https:\/\/toolhouse.fi\/sv\/wp-json\/wp\/v2\/types\/product"}],"version-history":[{"count":4,"href":"https:\/\/toolhouse.fi\/sv\/wp-json\/wp\/v2\/product\/32963\/revisions"}],"predecessor-version":[{"id":32970,"href":"https:\/\/toolhouse.fi\/sv\/wp-json\/wp\/v2\/product\/32963\/revisions\/32970"}],"wp:featuredmedia":[{"embeddable":true,"href":"https:\/\/toolhouse.fi\/sv\/wp-json\/wp\/v2\/media\/32972"}],"wp:attachment":[{"href":"https:\/\/toolhouse.fi\/sv\/wp-json\/wp\/v2\/media?parent=32963"}],"wp:term":[{"taxonomy":"product_cat","embeddable":true,"href":"https:\/\/toolhouse.fi\/sv\/wp-json\/wp\/v2\/product_cat?post=32963"},{"taxonomy":"product_tag","embeddable":true,"href":"https:\/\/toolhouse.fi\/sv\/wp-json\/wp\/v2\/product_tag?post=32963"}],"curies":[{"name":"wp","href":"https:\/\/api.w.org\/{rel}","templated":true}]}}