{"id":3623,"date":"2021-06-13T11:25:36","date_gmt":"2021-06-13T08:25:36","guid":{"rendered":"https:\/\/toolhouse.fi\/?post_type=product&#038;p=3623"},"modified":"2026-04-03T18:00:00","modified_gmt":"2026-04-03T15:00:00","slug":"verktyg-borttagning-limvikts-lim","status":"publish","type":"product","link":"https:\/\/toolhouse.fi\/sv\/produkt\/verktyg-borttagning-limvikts-lim\/","title":{"rendered":"Verktyg till borttagning av limrester"},"content":{"rendered":"","protected":false},"excerpt":{"rendered":"<p><span class=\"checkmark\">Avl\u00e4gsnar effektivt rester av klister p\u00e5 aluf\u00e4lgar.<\/span><\/p>\n<ul>\n<li><span class=\"checkmark\">Adapter till borrmaskin ing\u00e5r.<\/span><\/li>\n<li>8mm axel.<\/li>\n<li>Diameter: 90mm.<\/li>\n<li>Tjocklek: 20mm.<\/li>\n<li>Varvtal: max 4000 rpm<\/li>\n<\/ul>\n<p>&nbsp;<\/p>\n<p>&nbsp;<\/p>\n","protected":false},"featured_media":27836,"template":"","meta":{"_acf_changed":false,"_seopress_robots_primary_cat":"none","_seopress_titles_title":"","_seopress_titles_desc":"","_seopress_robots_index":""},"product_cat":[291,595,160],"product_tag":[],"class_list":{"0":"post-3623","1":"product","2":"type-product","3":"status-publish","4":"has-post-thumbnail","6":"product_cat-klistervikt-for-alufalg","7":"product_cat-tillbehor-balanseringsvikter","8":"product_cat-tillbehor-verktyg","9":"product_shipping_class-tillbehor-590","11":"first","12":"outofstock","13":"taxable","14":"shipping-taxable","15":"purchasable","16":"product-type-simple","swatches":"rey-swatches","show_selected":""},"acf":[],"_links":{"self":[{"href":"https:\/\/toolhouse.fi\/sv\/wp-json\/wp\/v2\/product\/3623","targetHints":{"allow":["GET"]}}],"collection":[{"href":"https:\/\/toolhouse.fi\/sv\/wp-json\/wp\/v2\/product"}],"about":[{"href":"https:\/\/toolhouse.fi\/sv\/wp-json\/wp\/v2\/types\/product"}],"version-history":[{"count":3,"href":"https:\/\/toolhouse.fi\/sv\/wp-json\/wp\/v2\/product\/3623\/revisions"}],"predecessor-version":[{"id":28980,"href":"https:\/\/toolhouse.fi\/sv\/wp-json\/wp\/v2\/product\/3623\/revisions\/28980"}],"wp:featuredmedia":[{"embeddable":true,"href":"https:\/\/toolhouse.fi\/sv\/wp-json\/wp\/v2\/media\/27836"}],"wp:attachment":[{"href":"https:\/\/toolhouse.fi\/sv\/wp-json\/wp\/v2\/media?parent=3623"}],"wp:term":[{"taxonomy":"product_cat","embeddable":true,"href":"https:\/\/toolhouse.fi\/sv\/wp-json\/wp\/v2\/product_cat?post=3623"},{"taxonomy":"product_tag","embeddable":true,"href":"https:\/\/toolhouse.fi\/sv\/wp-json\/wp\/v2\/product_tag?post=3623"}],"curies":[{"name":"wp","href":"https:\/\/api.w.org\/{rel}","templated":true}]}}