{"id":4101,"date":"2021-07-31T09:33:33","date_gmt":"2021-07-31T06:33:33","guid":{"rendered":"https:\/\/toolhouse.fi\/?post_type=product&#038;p=4101"},"modified":"2024-10-24T16:03:49","modified_gmt":"2024-10-24T13:03:49","slug":"tiptop-remaxx-exive-limborttagning","status":"publish","type":"product","link":"https:\/\/toolhouse.fi\/sv\/produkt\/tiptop-remaxx-exive-limborttagning\/","title":{"rendered":"Tiptop Remaxx exive. Till borttagning av limrester"},"content":{"rendered":"","protected":false},"excerpt":{"rendered":"<p><strong>Remaxx exive<\/strong> fr\u00e5n Tyska Tiptop \u00e4r speciellt utformad f\u00f6r reng\u00f6ring av limrester fr\u00e5n klistervikter.<\/p>\n<p>Tack vare sina speciella egenskaper l\u00f6ser den snabbt upp det gamla limmet, vilket g\u00f6r det enkelt att skrapa bort limresterna.<\/p>\n<p>Remaxx exive avfettar samtidigt f\u00e4lgens yta f\u00f6r att h\u00e5lla nya vikter.<\/p>\n<p>Tack vare sin unika sammans\u00e4ttning skadar produkten inte f\u00e4lgen och p\u00e5verkar inte dess m\u00e5lade yta.<\/p>\n<p>&nbsp;<\/p>\n<p>Aerosol: 500ml<\/p>\n<p>Tillverkare: \u00a0Rema Tiptop<\/p>\n","protected":false},"featured_media":4110,"template":"","meta":{"_acf_changed":false,"_seopress_robots_primary_cat":"","_seopress_titles_title":"","_seopress_titles_desc":"","_seopress_robots_index":""},"product_cat":[291,595,160],"product_tag":[],"class_list":{"0":"post-4101","1":"product","2":"type-product","3":"status-publish","4":"has-post-thumbnail","6":"product_cat-klistervikt-for-alufalg","7":"product_cat-tillbehor-balanseringsvikter","8":"product_cat-tillbehor-verktyg","9":"product_shipping_class-tillbehor-590","11":"first","12":"instock","13":"taxable","14":"shipping-taxable","15":"purchasable","16":"product-type-simple","swatches":"rey-swatches","show_selected":""},"acf":[],"_links":{"self":[{"href":"https:\/\/toolhouse.fi\/sv\/wp-json\/wp\/v2\/product\/4101","targetHints":{"allow":["GET"]}}],"collection":[{"href":"https:\/\/toolhouse.fi\/sv\/wp-json\/wp\/v2\/product"}],"about":[{"href":"https:\/\/toolhouse.fi\/sv\/wp-json\/wp\/v2\/types\/product"}],"version-history":[{"count":1,"href":"https:\/\/toolhouse.fi\/sv\/wp-json\/wp\/v2\/product\/4101\/revisions"}],"predecessor-version":[{"id":18549,"href":"https:\/\/toolhouse.fi\/sv\/wp-json\/wp\/v2\/product\/4101\/revisions\/18549"}],"wp:featuredmedia":[{"embeddable":true,"href":"https:\/\/toolhouse.fi\/sv\/wp-json\/wp\/v2\/media\/4110"}],"wp:attachment":[{"href":"https:\/\/toolhouse.fi\/sv\/wp-json\/wp\/v2\/media?parent=4101"}],"wp:term":[{"taxonomy":"product_cat","embeddable":true,"href":"https:\/\/toolhouse.fi\/sv\/wp-json\/wp\/v2\/product_cat?post=4101"},{"taxonomy":"product_tag","embeddable":true,"href":"https:\/\/toolhouse.fi\/sv\/wp-json\/wp\/v2\/product_tag?post=4101"}],"curies":[{"name":"wp","href":"https:\/\/api.w.org\/{rel}","templated":true}]}}