{"id":4133,"date":"2021-07-31T16:16:35","date_gmt":"2021-07-31T13:16:35","guid":{"rendered":"https:\/\/toolhouse.fi\/?post_type=product&#038;p=4133"},"modified":"2025-04-28T15:54:02","modified_gmt":"2025-04-28T12:54:02","slug":"skrapa-till-dackreparation","status":"publish","type":"product","link":"https:\/\/toolhouse.fi\/sv\/produkt\/skrapa-till-dackreparation\/","title":{"rendered":"Skrapa till d\u00e4ckreparation"},"content":{"rendered":"","protected":false},"excerpt":{"rendered":"<p>Beh\u00e4ndigt verktyg, anv\u00e4nds f\u00f6r att ta bort oj\u00e4mnheter och rugga upp ytan n\u00e4r du reparerar d\u00e4ck med \u00a0Rema Tip Top UP universal lappar och Redats premium svampplugg\/ kombiplugg.<\/p>\n<p>Rekommenderas att anv\u00e4ndas tillsammans med Tiptop Liquid Buffer Spray.<\/p>\n","protected":false},"featured_media":4138,"template":"","meta":{"_acf_changed":false,"_seopress_robots_primary_cat":"none","_seopress_titles_title":"","_seopress_titles_desc":"","_seopress_robots_index":""},"product_cat":[158],"product_tag":[],"class_list":{"0":"post-4133","1":"product","2":"type-product","3":"status-publish","4":"has-post-thumbnail","6":"product_cat-dackreparation","7":"product_shipping_class-tillbehor-590","9":"first","10":"instock","11":"taxable","12":"shipping-taxable","13":"purchasable","14":"product-type-simple","swatches":"rey-swatches","show_selected":""},"acf":[],"_links":{"self":[{"href":"https:\/\/toolhouse.fi\/sv\/wp-json\/wp\/v2\/product\/4133","targetHints":{"allow":["GET"]}}],"collection":[{"href":"https:\/\/toolhouse.fi\/sv\/wp-json\/wp\/v2\/product"}],"about":[{"href":"https:\/\/toolhouse.fi\/sv\/wp-json\/wp\/v2\/types\/product"}],"version-history":[{"count":1,"href":"https:\/\/toolhouse.fi\/sv\/wp-json\/wp\/v2\/product\/4133\/revisions"}],"predecessor-version":[{"id":18546,"href":"https:\/\/toolhouse.fi\/sv\/wp-json\/wp\/v2\/product\/4133\/revisions\/18546"}],"wp:featuredmedia":[{"embeddable":true,"href":"https:\/\/toolhouse.fi\/sv\/wp-json\/wp\/v2\/media\/4138"}],"wp:attachment":[{"href":"https:\/\/toolhouse.fi\/sv\/wp-json\/wp\/v2\/media?parent=4133"}],"wp:term":[{"taxonomy":"product_cat","embeddable":true,"href":"https:\/\/toolhouse.fi\/sv\/wp-json\/wp\/v2\/product_cat?post=4133"},{"taxonomy":"product_tag","embeddable":true,"href":"https:\/\/toolhouse.fi\/sv\/wp-json\/wp\/v2\/product_tag?post=4133"}],"curies":[{"name":"wp","href":"https:\/\/api.w.org\/{rel}","templated":true}]}}