{"id":4141,"date":"2021-07-31T17:28:37","date_gmt":"2021-07-31T14:28:37","guid":{"rendered":"https:\/\/toolhouse.fi\/?post_type=product&#038;p=4141"},"modified":"2025-10-13T13:48:14","modified_gmt":"2025-10-13T10:48:14","slug":"slipsten-till-dackreparation","status":"publish","type":"product","link":"https:\/\/toolhouse.fi\/sv\/produkt\/slipsten-till-dackreparation\/","title":{"rendered":"Slipsten till d\u00e4ckreparation"},"content":{"rendered":"","protected":false},"excerpt":{"rendered":"<div id=\"ts-body\">\n<div class=\"css-52 ts-pivot-container\">\n<div id=\"ContentContainer\">\n<div role=\"tabpanel\" aria-labelledby=\"Pivot2-Tab0\">\n<div class=\"ts-lookup-pivot\">\n<div id=\"Lookup\" class=\"ts-pivot-lookup-component\">\n<div class=\"ms-Grid ts-grid\">\n<div class=\"ms-Grid-row\">\n<div class=\"ts-textfield-container \" lang=\"sv\">\n<div class=\"ts-alignment-view-container\">\n<div id=\"ts-alignment-view-idtgt\" class=\"ts-alignment-view ms-font-m ts-alignment-view-tgt ts-ltr-left-zero\" tabindex=\"0\" aria-hidden=\"false\">\n<div tabindex=\"0\" role=\"label\"><span id=\"tgtAlignment_0\" class=\"ts-alignment-element\" data-is-focusable=\"true\">Slipsten f\u00f6r<\/span> d\u00e4ckreparation med Rema universal lappar och premium svampplugg\/ kombiplugg.<\/div>\n<ul>\n<li tabindex=\"0\" role=\"label\"><span id=\"tgtAlignment_5\" class=\"ts-alignment-element\" data-is-focusable=\"true\">H\u00f6g<\/span> <span id=\"tgtAlignment_6\" class=\"ts-alignment-element\" data-is-focusable=\"true\">h\u00e5llbarhet.<\/span><\/li>\n<li tabindex=\"0\" role=\"label\">Avverkar material snabbt och l\u00e4mnar en perfekt yta att limma lappar och d\u00e4ckplugg p\u00e5.<\/li>\n<li tabindex=\"0\" role=\"label\"><span id=\"tgtAlignment_11\" class=\"ts-alignment-element\" data-is-focusable=\"true\">Tillverkad av det h\u00f6gkvalitativa<\/span>\u00a0<span id=\"tgtAlignment_12\" class=\"ts-alignment-element\" data-is-focusable=\"true\">materialet<\/span>\u00a0korund vilket ger e<span id=\"tgtAlignment_13\" class=\"ts-alignment-element\" data-is-focusable=\"true\">nast\u00e5ende<\/span> <span id=\"tgtAlignment_14\" class=\"ts-alignment-element\" data-is-focusable=\"true\">h\u00e5llbarhet<\/span><span id=\"tgtAlignment_28\" class=\"ts-alignment-element-highlighted\" data-is-focusable=\"true\">.<\/span><\/li>\n<li tabindex=\"0\" role=\"label\"><span id=\"tgtAlignment_29\" class=\"ts-alignment-element\" data-is-focusable=\"true\">Tack<\/span> <span id=\"tgtAlignment_30\" class=\"ts-alignment-element\" data-is-focusable=\"true\">vare<\/span> <span id=\"tgtAlignment_31\" class=\"ts-alignment-element\" data-is-focusable=\"true\">sin<\/span> <span id=\"tgtAlignment_32\" class=\"ts-alignment-element\" data-is-focusable=\"true\">granularitet<\/span> <span id=\"tgtAlignment_33\" class=\"ts-alignment-element\" data-is-focusable=\"true\">slits<\/span> <span id=\"tgtAlignment_34\" class=\"ts-alignment-element\" data-is-focusable=\"true\">materialet<\/span> <span id=\"tgtAlignment_35\" class=\"ts-alignment-element\" data-is-focusable=\"true\">l\u00e5ngsamt<\/span> <span id=\"tgtAlignment_36\" class=\"ts-alignment-element\" data-is-focusable=\"true\">och<\/span> <span id=\"tgtAlignment_37\" class=\"ts-alignment-element\" data-is-focusable=\"true\">beh\u00e5ller<\/span> <span id=\"tgtAlignment_38\" class=\"ts-alignment-element\" data-is-focusable=\"true\">sin<\/span> <span id=\"tgtAlignment_39\" class=\"ts-alignment-element\" data-is-focusable=\"true\">form<\/span> <span id=\"tgtAlignment_40\" class=\"ts-alignment-element\" data-is-focusable=\"true\">och<\/span> <span id=\"tgtAlignment_41\" class=\"ts-alignment-element\" data-is-focusable=\"true\">dimension<\/span> under l\u00e5ng tid.<\/li>\n<\/ul>\n<div tabindex=\"0\" role=\"label\"><\/div>\n<\/div>\n<div tabindex=\"0\" role=\"label\">Anv\u00e4nds som steg tre efter <a href=\"https:\/\/toolhouse.fi\/produkt\/liquid-buffer-spray-tiptop\/\">Tiptop<\/a><span style=\"color: #282828;\"> Liquid Buffer Spray och <a href=\"https:\/\/toolhouse.fi\/produkt\/skrapa-till-dackreparation\/\">Skrapa till d\u00e4ckreparation.<\/a><\/span><\/div>\n<div tabindex=\"0\" role=\"label\"><\/div>\n<\/div>\n<div tabindex=\"0\" role=\"label\">Diameter 35mm<\/div>\n<div tabindex=\"0\" role=\"label\">Material Korund<\/div>\n<\/div>\n<\/div>\n<\/div>\n<\/div>\n<\/div>\n<\/div>\n<\/div>\n<\/div>\n<\/div>\n","protected":false},"featured_media":4142,"template":"","meta":{"_acf_changed":false,"_seopress_robots_primary_cat":"none","_seopress_titles_title":"","_seopress_titles_desc":"","_seopress_robots_index":""},"product_cat":[158],"product_tag":[],"class_list":{"0":"post-4141","1":"product","2":"type-product","3":"status-publish","4":"has-post-thumbnail","6":"product_cat-dackreparation","7":"product_shipping_class-tillbehor-490","9":"first","10":"instock","11":"taxable","12":"shipping-taxable","13":"purchasable","14":"product-type-simple","swatches":"rey-swatches","show_selected":""},"acf":[],"_links":{"self":[{"href":"https:\/\/toolhouse.fi\/sv\/wp-json\/wp\/v2\/product\/4141","targetHints":{"allow":["GET"]}}],"collection":[{"href":"https:\/\/toolhouse.fi\/sv\/wp-json\/wp\/v2\/product"}],"about":[{"href":"https:\/\/toolhouse.fi\/sv\/wp-json\/wp\/v2\/types\/product"}],"version-history":[{"count":2,"href":"https:\/\/toolhouse.fi\/sv\/wp-json\/wp\/v2\/product\/4141\/revisions"}],"predecessor-version":[{"id":25715,"href":"https:\/\/toolhouse.fi\/sv\/wp-json\/wp\/v2\/product\/4141\/revisions\/25715"}],"wp:featuredmedia":[{"embeddable":true,"href":"https:\/\/toolhouse.fi\/sv\/wp-json\/wp\/v2\/media\/4142"}],"wp:attachment":[{"href":"https:\/\/toolhouse.fi\/sv\/wp-json\/wp\/v2\/media?parent=4141"}],"wp:term":[{"taxonomy":"product_cat","embeddable":true,"href":"https:\/\/toolhouse.fi\/sv\/wp-json\/wp\/v2\/product_cat?post=4141"},{"taxonomy":"product_tag","embeddable":true,"href":"https:\/\/toolhouse.fi\/sv\/wp-json\/wp\/v2\/product_tag?post=4141"}],"curies":[{"name":"wp","href":"https:\/\/api.w.org\/{rel}","templated":true}]}}