{"id":4411,"date":"2021-08-22T21:10:37","date_gmt":"2021-08-22T18:10:37","guid":{"rendered":"https:\/\/toolhouse.fi\/?post_type=product&#038;p=4411"},"modified":"2025-11-11T16:20:22","modified_gmt":"2025-11-11T14:20:22","slug":"skydd-till-spaltbrytare","status":"publish","type":"product","link":"https:\/\/toolhouse.fi\/sv\/produkt\/skydd-till-spaltbrytare\/","title":{"rendered":"Skydd till spaltbrytare. Redats"},"content":{"rendered":"","protected":false},"excerpt":{"rendered":"<p>Skyddar f\u00e4lgkanten fr\u00e5n repor n\u00e4r du pressar loss d\u00e4cket.<\/p>\n<p>Passar till Redats:<\/p>\n<ul>\n<li>M-111<\/li>\n<li>M-201<\/li>\n<li>M-211<\/li>\n<li>M-221<\/li>\n<li>M-250-3D-2<\/li>\n<\/ul>\n<p>Material: Komposit<\/p>\n<p>L\u00e4ngd: 250mm<\/p>\n<p>Bredd: 80 mm<\/p>\n<p>Inv\u00e4ndig h\u00f6jd: 6mm<\/p>\n","protected":false},"featured_media":4416,"template":"","meta":{"_acf_changed":false,"_seopress_robots_primary_cat":"none","_seopress_titles_title":"","_seopress_titles_desc":"","_seopress_robots_index":""},"product_cat":[186,593,160],"product_tag":[],"class_list":{"0":"post-4411","1":"product","2":"type-product","3":"status-publish","4":"has-post-thumbnail","6":"product_cat-dackmaskiner","7":"product_cat-tillbehor-och-reservdelar","8":"product_cat-tillbehor-verktyg","9":"product_shipping_class-tillbehor-590","11":"first","12":"instock","13":"taxable","14":"shipping-taxable","15":"purchasable","16":"product-type-simple","swatches":"rey-swatches","show_selected":""},"acf":[],"_links":{"self":[{"href":"https:\/\/toolhouse.fi\/sv\/wp-json\/wp\/v2\/product\/4411","targetHints":{"allow":["GET"]}}],"collection":[{"href":"https:\/\/toolhouse.fi\/sv\/wp-json\/wp\/v2\/product"}],"about":[{"href":"https:\/\/toolhouse.fi\/sv\/wp-json\/wp\/v2\/types\/product"}],"version-history":[{"count":3,"href":"https:\/\/toolhouse.fi\/sv\/wp-json\/wp\/v2\/product\/4411\/revisions"}],"predecessor-version":[{"id":29525,"href":"https:\/\/toolhouse.fi\/sv\/wp-json\/wp\/v2\/product\/4411\/revisions\/29525"}],"wp:featuredmedia":[{"embeddable":true,"href":"https:\/\/toolhouse.fi\/sv\/wp-json\/wp\/v2\/media\/4416"}],"wp:attachment":[{"href":"https:\/\/toolhouse.fi\/sv\/wp-json\/wp\/v2\/media?parent=4411"}],"wp:term":[{"taxonomy":"product_cat","embeddable":true,"href":"https:\/\/toolhouse.fi\/sv\/wp-json\/wp\/v2\/product_cat?post=4411"},{"taxonomy":"product_tag","embeddable":true,"href":"https:\/\/toolhouse.fi\/sv\/wp-json\/wp\/v2\/product_tag?post=4411"}],"curies":[{"name":"wp","href":"https:\/\/api.w.org\/{rel}","templated":true}]}}