{"id":4432,"date":"2021-08-24T13:22:35","date_gmt":"2021-08-24T10:22:35","guid":{"rendered":"https:\/\/toolhouse.fi\/?post_type=product&#038;p=4432"},"modified":"2025-07-30T11:51:48","modified_gmt":"2025-07-30T08:51:48","slug":"monteringsstod-750kg","status":"publish","type":"product","link":"https:\/\/toolhouse.fi\/sv\/produkt\/monteringsstod-750kg\/","title":{"rendered":"Monteringsst\u00f6d 750kg"},"content":{"rendered":"","protected":false},"excerpt":{"rendered":"<p><strong>Redats monteringsst\u00f6d med trapetsg\u00e4nga.<\/strong><\/p>\n<p>Stadig och l\u00e4ttjusterad, praktisk pedal som h\u00f6jer st\u00f6det med 2 cm.<\/p>\n<p>Anv\u00e4nds bland annat till arbeten med hjulupph\u00e4ngning, avgasr\u00f6r, axlar, drivlina mm.<\/p>\n<p>&nbsp;<\/p>\n<p>&nbsp;<\/p>\n<p>Maxvikt: 750kg<\/p>\n<p>H\u00f6jd: 134 -193cm<\/p>\n<p>Fotplatta: 30cm<\/p>\n<p>Tillverkare: Redats<\/p>\n<p>&nbsp;<\/p>\n<p>&nbsp;<\/p>\n","protected":false},"featured_media":6198,"template":"","meta":{"_acf_changed":false,"_seopress_robots_primary_cat":"none","_seopress_titles_title":"","_seopress_titles_desc":"","_seopress_robots_index":""},"product_cat":[20,281,460],"product_tag":[],"class_list":{"0":"post-4432","1":"product","2":"type-product","3":"status-publish","4":"has-post-thumbnail","6":"product_cat-lyftteknik","7":"product_cat-motorlyft-vaxelladslyft","8":"product_cat-vaxelladslyft","9":"product_shipping_class-k-160","11":"first","12":"instock","13":"taxable","14":"shipping-taxable","15":"purchasable","16":"product-type-simple","swatches":"rey-swatches","show_selected":""},"acf":[],"_links":{"self":[{"href":"https:\/\/toolhouse.fi\/sv\/wp-json\/wp\/v2\/product\/4432","targetHints":{"allow":["GET"]}}],"collection":[{"href":"https:\/\/toolhouse.fi\/sv\/wp-json\/wp\/v2\/product"}],"about":[{"href":"https:\/\/toolhouse.fi\/sv\/wp-json\/wp\/v2\/types\/product"}],"version-history":[{"count":2,"href":"https:\/\/toolhouse.fi\/sv\/wp-json\/wp\/v2\/product\/4432\/revisions"}],"predecessor-version":[{"id":22347,"href":"https:\/\/toolhouse.fi\/sv\/wp-json\/wp\/v2\/product\/4432\/revisions\/22347"}],"wp:featuredmedia":[{"embeddable":true,"href":"https:\/\/toolhouse.fi\/sv\/wp-json\/wp\/v2\/media\/6198"}],"wp:attachment":[{"href":"https:\/\/toolhouse.fi\/sv\/wp-json\/wp\/v2\/media?parent=4432"}],"wp:term":[{"taxonomy":"product_cat","embeddable":true,"href":"https:\/\/toolhouse.fi\/sv\/wp-json\/wp\/v2\/product_cat?post=4432"},{"taxonomy":"product_tag","embeddable":true,"href":"https:\/\/toolhouse.fi\/sv\/wp-json\/wp\/v2\/product_tag?post=4432"}],"curies":[{"name":"wp","href":"https:\/\/api.w.org\/{rel}","templated":true}]}}