{"id":4835,"date":"2021-09-27T15:00:18","date_gmt":"2021-09-27T12:00:18","guid":{"rendered":"https:\/\/toolhouse.fi\/?post_type=product&#038;p=4835"},"modified":"2025-06-05T14:59:31","modified_gmt":"2025-06-05T11:59:31","slug":"mc-adapter-till-balanseringsmaskin","status":"publish","type":"product","link":"https:\/\/toolhouse.fi\/sv\/produkt\/mc-adapter-till-balanseringsmaskin\/","title":{"rendered":"MC adapter till balanseringsmaskin."},"content":{"rendered":"","protected":false},"excerpt":{"rendered":"<p>Monteras p\u00e5 balanseringsmaskinen f\u00f6r att balansera Mc d\u00e4ck.<\/p>\n<p>Passar till:<\/p>\n<ul>\n<li>WK-650 Laser<\/li>\n<li>ATB-100<\/li>\n<li>ATB-700 Laser<\/li>\n<\/ul>\n<p>Inneh\u00e5ller<\/p>\n<ul>\n<li>Mc adapter<\/li>\n<li>Axel med konor<\/li>\n<li>Adapter till m\u00e4tarm<\/li>\n<\/ul>\n<p>36 mm axelh\u00e5l<\/p>\n<p>&nbsp;<\/p>\n","protected":false},"featured_media":26024,"template":"","meta":{"_acf_changed":false,"_seopress_robots_primary_cat":"none","_seopress_titles_title":"","_seopress_titles_desc":"","_seopress_robots_index":""},"product_cat":[185,594],"product_tag":[],"class_list":{"0":"post-4835","1":"product","2":"type-product","3":"status-publish","4":"has-post-thumbnail","6":"product_cat-balanseringsmaskiner","7":"product_cat-tillbehor-och-reservdelar-sv","8":"product_shipping_class-k-160","10":"first","11":"instock","12":"taxable","13":"shipping-taxable","14":"purchasable","15":"product-type-simple","swatches":"rey-swatches","show_selected":""},"acf":[],"_links":{"self":[{"href":"https:\/\/toolhouse.fi\/sv\/wp-json\/wp\/v2\/product\/4835","targetHints":{"allow":["GET"]}}],"collection":[{"href":"https:\/\/toolhouse.fi\/sv\/wp-json\/wp\/v2\/product"}],"about":[{"href":"https:\/\/toolhouse.fi\/sv\/wp-json\/wp\/v2\/types\/product"}],"version-history":[{"count":5,"href":"https:\/\/toolhouse.fi\/sv\/wp-json\/wp\/v2\/product\/4835\/revisions"}],"predecessor-version":[{"id":26402,"href":"https:\/\/toolhouse.fi\/sv\/wp-json\/wp\/v2\/product\/4835\/revisions\/26402"}],"wp:featuredmedia":[{"embeddable":true,"href":"https:\/\/toolhouse.fi\/sv\/wp-json\/wp\/v2\/media\/26024"}],"wp:attachment":[{"href":"https:\/\/toolhouse.fi\/sv\/wp-json\/wp\/v2\/media?parent=4835"}],"wp:term":[{"taxonomy":"product_cat","embeddable":true,"href":"https:\/\/toolhouse.fi\/sv\/wp-json\/wp\/v2\/product_cat?post=4835"},{"taxonomy":"product_tag","embeddable":true,"href":"https:\/\/toolhouse.fi\/sv\/wp-json\/wp\/v2\/product_tag?post=4835"}],"curies":[{"name":"wp","href":"https:\/\/api.w.org\/{rel}","templated":true}]}}