{"id":5691,"date":"2021-11-23T17:20:44","date_gmt":"2021-11-23T15:20:44","guid":{"rendered":"https:\/\/toolhouse.fi\/?post_type=product&#038;p=5691"},"modified":"2026-04-02T20:00:08","modified_gmt":"2026-04-02T17:00:08","slug":"px-3500xe","status":"publish","type":"product","link":"https:\/\/toolhouse.fi\/sv\/produkt\/px-3500xe\/","title":{"rendered":"Px-3500xe"},"content":{"rendered":"<table width=\"667\">\n<tbody>\n<tr>\n<td colspan=\"3\" width=\"667\"><strong>Tekniska data<\/strong><\/td>\n<\/tr>\n<tr>\n<td width=\"346\">&nbsp;<\/p>\n<p>Modell<\/td>\n<td colspan=\"2\" width=\"321\">&nbsp;<\/p>\n<p>Px-3500xe<\/td>\n<\/tr>\n<tr>\n<td width=\"346\">Lyftkapacitet<\/td>\n<td colspan=\"2\" width=\"321\">3500kg<\/td>\n<\/tr>\n<tr>\n<td width=\"346\">Maximal\u00a0 lyfth\u00f6jd<\/td>\n<td colspan=\"2\" width=\"321\">1000mm<\/td>\n<\/tr>\n<tr>\n<td width=\"346\">Lyft \/ s\u00e4nktid<\/td>\n<td colspan=\"2\" width=\"321\">27sek<\/td>\n<\/tr>\n<tr>\n<td width=\"346\">L\u00e4gsta h\u00f6jd<\/td>\n<td colspan=\"2\" width=\"321\">105mm<\/td>\n<\/tr>\n<tr>\n<td width=\"346\">Bredd<\/td>\n<td colspan=\"2\" width=\"321\">1815mm<\/td>\n<\/tr>\n<tr>\n<td width=\"346\">Plattformsl\u00e4ngd<\/p>\n<p>Plattformsl\u00e4ngd med ramper uppf\u00e4llda<\/td>\n<td colspan=\"2\" width=\"321\">1400 mm<\/p>\n<p>2010 mm<\/td>\n<\/tr>\n<tr>\n<td width=\"346\">Plattformsbredd<\/td>\n<td colspan=\"2\" width=\"321\">520 mm<\/td>\n<\/tr>\n<tr>\n<td width=\"346\">Str\u00f6mk\u00e4lla<\/td>\n<td colspan=\"2\" width=\"321\">230v<\/td>\n<\/tr>\n<tr>\n<td width=\"346\">Motoreffekt<\/td>\n<td colspan=\"2\" width=\"321\">2,2 KW<\/td>\n<\/tr>\n<tr>\n<td width=\"346\">Ce m\u00e4rkt:<\/p>\n<p>Garanti:<\/td>\n<td colspan=\"2\" width=\"321\">Ja<\/p>\n<p>12 M\u00e5nader<\/td>\n<\/tr>\n<tr>\n<td width=\"346\">Bullerniv\u00e5<\/td>\n<td colspan=\"2\" width=\"321\">\u226470 dB(A)<\/td>\n<\/tr>\n<tr>\n<td width=\"346\">Nettovikt<\/td>\n<td colspan=\"2\" width=\"321\">570kg<\/td>\n<\/tr>\n<\/tbody>\n<\/table>\n","protected":false},"excerpt":{"rendered":"<h3><\/h3>\n<p><strong>Px-3500xe<\/strong>, flyttbar l\u00e5glyft som lyfter en meter och hela 3500kg.<\/p>\n<p>Lyften \u00e4r l\u00e4ttanv\u00e4nd och s\u00e4ker med automatiska s\u00e4kerhetsl\u00e5s.<\/p>\n<p>Ramperna \u00e4r l\u00e5sbara i uppf\u00e4llt l\u00e4ge vilket underl\u00e4ttar betydligt n\u00e4r du lyfter lite st\u00f6rre fordon.<\/p>\n<p>Px-3500 beh\u00f6ver ej f\u00e4stas i golvet och flyttas l\u00e4tt av en person med den medf\u00f6ljande hjulserien.<\/p>\n<ul>\n<li>F\u00e4rg: r\u00f6d\/ svart<\/li>\n<li>Hydraulisk<\/li>\n<li>Lyftkapacitet 3500kg<\/li>\n<li>Lyfth\u00f6jd 1000mm<\/li>\n<li>L\u00e4gsta h\u00f6jd 105mm<\/li>\n<li>Automatiska l\u00e5s<\/li>\n<li>Flyttbar<\/li>\n<li>Beh\u00f6ver ej f\u00e4stas i golvet<\/li>\n<li>Hjulserie medf\u00f6ljer<\/li>\n<li>Ramperna \u00e4r l\u00e5sbara i uppf\u00e4llt l\u00e4ge<\/li>\n<li>Gummidynor 4st<\/li>\n<li>Alla reservdelar tillg\u00e4ngliga<\/li>\n<li>230V<\/li>\n<li>12 m\u00e5naders garanti<\/li>\n<li>CE-m\u00e4rkt<\/li>\n<\/ul>\n<p><img alt=\"\" fetchpriority=\"high\" decoding=\"async\" class=\"size-medium wp-image-5726 alignright\" src=\"http:\/\/toolhouse.fi\/wp-content\/uploads\/2021\/11\/saksinostin-3500kg-5-300x300.jpg\" alt=\"\" width=\"300\" height=\"300\" srcset=\"https:\/\/toolhouse.fi\/wp-content\/uploads\/2021\/11\/saksinostin-3500kg-5-300x300.jpg 300w, https:\/\/toolhouse.fi\/wp-content\/uploads\/2021\/11\/saksinostin-3500kg-5-100x100.jpg 100w, https:\/\/toolhouse.fi\/wp-content\/uploads\/2021\/11\/saksinostin-3500kg-5-510x510.jpg 510w, https:\/\/toolhouse.fi\/wp-content\/uploads\/2021\/11\/saksinostin-3500kg-5-150x150.jpg 150w, https:\/\/toolhouse.fi\/wp-content\/uploads\/2021\/11\/saksinostin-3500kg-5-768x768.jpg 768w, https:\/\/toolhouse.fi\/wp-content\/uploads\/2021\/11\/saksinostin-3500kg-5-400x400.jpg 400w, https:\/\/toolhouse.fi\/wp-content\/uploads\/2021\/11\/saksinostin-3500kg-5-700x700.jpg 700w, https:\/\/toolhouse.fi\/wp-content\/uploads\/2021\/11\/saksinostin-3500kg-5.jpg 800w\" sizes=\"(max-width: 300px) 100vw, 300px\" \/><\/p>\n<p>&nbsp;<\/p>\n<p>&nbsp;<\/p>\n<h3>\u00a0L\u00e5g profil och stor lyftkraft<\/h3>\n<p>Tack vare den geniala designen p\u00e5 lyftl\u00e4nkaget s\u00e5 klarar Px-3500xe att lyfta med full kapacitet p\u00e5 3,5 ton, redan fr\u00e5n nerf\u00e4llt l\u00e4ge.<\/p>\n<p>&nbsp;<\/p>\n<p>&nbsp;<\/p>\n<p>&nbsp;<\/p>\n","protected":false},"featured_media":8882,"template":"","meta":{"_acf_changed":false,"_seopress_robots_primary_cat":"none","_seopress_titles_title":"","_seopress_titles_desc":"","_seopress_robots_index":""},"product_cat":[20,280],"product_tag":[],"class_list":{"0":"post-5691","1":"product","2":"type-product","3":"status-publish","4":"has-post-thumbnail","6":"product_cat-lyftteknik","7":"product_cat-saxlyft-laglyft","8":"product_shipping_class-frakt149e","10":"first","11":"instock","12":"sale","13":"taxable","14":"shipping-taxable","15":"purchasable","16":"product-type-simple","swatches":"rey-swatches","show_selected":""},"acf":[],"_links":{"self":[{"href":"https:\/\/toolhouse.fi\/sv\/wp-json\/wp\/v2\/product\/5691","targetHints":{"allow":["GET"]}}],"collection":[{"href":"https:\/\/toolhouse.fi\/sv\/wp-json\/wp\/v2\/product"}],"about":[{"href":"https:\/\/toolhouse.fi\/sv\/wp-json\/wp\/v2\/types\/product"}],"version-history":[{"count":5,"href":"https:\/\/toolhouse.fi\/sv\/wp-json\/wp\/v2\/product\/5691\/revisions"}],"predecessor-version":[{"id":26436,"href":"https:\/\/toolhouse.fi\/sv\/wp-json\/wp\/v2\/product\/5691\/revisions\/26436"}],"wp:featuredmedia":[{"embeddable":true,"href":"https:\/\/toolhouse.fi\/sv\/wp-json\/wp\/v2\/media\/8882"}],"wp:attachment":[{"href":"https:\/\/toolhouse.fi\/sv\/wp-json\/wp\/v2\/media?parent=5691"}],"wp:term":[{"taxonomy":"product_cat","embeddable":true,"href":"https:\/\/toolhouse.fi\/sv\/wp-json\/wp\/v2\/product_cat?post=5691"},{"taxonomy":"product_tag","embeddable":true,"href":"https:\/\/toolhouse.fi\/sv\/wp-json\/wp\/v2\/product_tag?post=5691"}],"curies":[{"name":"wp","href":"https:\/\/api.w.org\/{rel}","templated":true}]}}