{"id":5759,"date":"2021-11-26T19:52:35","date_gmt":"2021-11-26T17:52:35","guid":{"rendered":"https:\/\/toolhouse.fi\/?post_type=product&#038;p=5759"},"modified":"2024-10-27T11:31:59","modified_gmt":"2024-10-27T09:31:59","slug":"walter-gk-1400-7-5-500-p","status":"publish","type":"product","link":"https:\/\/toolhouse.fi\/sv\/produkt\/walter-gk-1400-7-5-500-p\/","title":{"rendered":"Walter GK 1400-7.5 \/ 500 P."},"content":{"rendered":"<table>\n<tbody>\n<tr>\n<td><strong><span class=\"\">Tillverkare<\/span><\/strong><\/td>\n<td><strong>Walter kompressortechnik<\/strong><\/td>\n<\/tr>\n<tr>\n<td><strong>Modell<\/strong><\/td>\n<td><strong><span class=\"goog-text-highlight\">GK 1400-7.5 \/ 500 P<\/span><\/strong><\/td>\n<\/tr>\n<tr>\n<td><strong>Sug Fl\u00f6de (L\/Min)<\/strong><\/td>\n<td><strong>1400<\/strong><\/td>\n<\/tr>\n<tr>\n<td><strong>Tryckfl\u00f6de (L\/Min)<\/strong><\/td>\n<td><strong>1100<\/strong><\/td>\n<\/tr>\n<tr>\n<td><strong>Tryck (bar)<\/strong><\/td>\n<td><strong>10<\/strong><\/td>\n<\/tr>\n<tr>\n<td><strong>Effekt (kW\/HP)<\/strong><\/td>\n<td><strong>7.5\/10<\/strong><\/td>\n<\/tr>\n<tr>\n<td><strong>Tankvolym (L)<\/strong><\/td>\n<td><strong>500<\/strong><\/td>\n<\/tr>\n<tr>\n<td><strong>Cylinderantal<\/strong><\/td>\n<td><strong>4<\/strong><\/td>\n<\/tr>\n<tr>\n<td><strong>Varvtal (rpm)<\/strong><\/td>\n<td><strong>1040<\/strong><\/td>\n<\/tr>\n<tr>\n<td><strong>Bredd (mm)<\/strong><\/td>\n<td><strong>610<\/strong><\/td>\n<\/tr>\n<tr>\n<td><strong>H\u00f6jd (mm)<\/strong><\/td>\n<td><strong>1250<\/strong><\/td>\n<\/tr>\n<tr>\n<td><strong>L\u00e4ngd (mm)<\/strong><\/td>\n<td><strong><span class=\"goog-text-highlight\">2000<\/span><\/strong><\/td>\n<\/tr>\n<\/tbody>\n<\/table>\n<table>\n<tbody>\n<tr>\n<td><strong>Vikt (kg)\u00a0 \u00a0<\/strong><\/p>\n<p><strong>Ljudniv\u00e5(db)\u00a0 \u00a0 \u00a0 \u00a0 \u00a0 \u00a0 \u00a0<\/strong><\/td>\n<td><strong>320\u00a0 <\/strong><\/p>\n<p><strong>80\u00a0 \u00a0 \u00a0 \u00a0 \u00a0 \u00a0 \u00a0 \u00a0 \u00a0 \u00a0 \u00a0<\/strong><\/td>\n<\/tr>\n<tr>\n<td><strong>Sp\u00e4nning (V)<\/strong><\/td>\n<td><strong>400<\/strong><\/td>\n<\/tr>\n<tr>\n<td><strong>Tillverkningsland<\/strong><\/td>\n<td><strong>Polen<\/strong><\/td>\n<\/tr>\n<tr>\n<td><strong>Ce-m\u00e4rkt<\/strong><\/td>\n<td><strong>Ja<\/strong><\/td>\n<\/tr>\n<tr>\n<td><strong>Garanti<\/strong><\/td>\n<td><strong>12 M\u00e5nader<\/strong><\/td>\n<\/tr>\n<\/tbody>\n<\/table>\n","protected":false},"excerpt":{"rendered":"<ul>\n<li>Gjutj\u00e4rns kompressor<\/li>\n<li>7,5KW \/ 10HK<\/li>\n<li>Tankvolym 500L<\/li>\n<li>Luftfl\u00f6de 1400 \/ 1100L<\/li>\n<li>10 Bar<\/li>\n<li>Tv\u00e5stegs komprimering<\/li>\n<li>4 cylindrar<\/li>\n<\/ul>\n<p>&nbsp;<\/p>\n<p><strong>Walter GK 1400-7.5 \/ 500 P<\/strong>, \u00e4r en kraftfull tv\u00e5stegs gjutj\u00e4rnskompressor.<\/p>\n<p>Slitstark kompressor med gjutj\u00e4rns pumpblock, cylindrar och cylinderhuvud vilket ger tystare g\u00e5ng, b\u00e4ttre kylning och mycket l\u00e5ng livsl\u00e4ngd.<\/p>\n<p>Tryckstr\u00f6mbrytare fr\u00e5n tyska Condor, med inbyggt motorskydd,<\/p>\n<p>Fyrcylindrig med tv\u00e5stegs komprimering.<\/p>\n<p>L\u00e5ng livsl\u00e4ngd &#8211; pumpens l\u00e5ga hastighet garanterar l\u00e4gre slitage p\u00e5 lager, ringar och andra nyckelelement \u00e4n i kompressorer med h\u00f6g hastighet.<\/p>\n<p>L\u00e4mplig f\u00f6r professionellt bruk.<\/p>\n<p>L\u00e4mplig f\u00f6r professionellt bruk, tillverkad av <span style=\"color: #ff0000;\"><em><a href=\"https:\/\/walterpolska.pl\/home-pl-pl.html\" target=\"_blank\" rel=\"noopener\">Walter kompressortechnik<\/a>, <\/em><span style=\"color: #282828;\">en av europas ledande kompressortillverkare.<\/span><\/span><\/p>\n<h3><em><span style=\"color: #ed1c24;\"><a style=\"color: #ed1c24;\" href=\"https:\/\/www.youtube.com\/channel\/UCo_P0IaSCzrIVU7rcPaavKg\/search?query=1400\" target=\"_blank\" rel=\"noopener\">L\u00e4nk till produktvideor.<\/a><\/span><\/em><\/h3>\n<h3><\/h3>\n<p>&nbsp;<\/p>\n","protected":false},"featured_media":6386,"template":"","meta":{"_acf_changed":false,"_seopress_robots_primary_cat":"","_seopress_titles_title":"","_seopress_titles_desc":"","_seopress_robots_index":""},"product_cat":[317,216],"product_tag":[],"class_list":{"0":"post-5759","1":"product","2":"type-product","3":"status-publish","4":"has-post-thumbnail","6":"product_cat-kompressorer","7":"product_cat-tryckluft-och-kompressor","8":"product_shipping_class-frakt149e","10":"first","11":"outofstock","12":"taxable","13":"shipping-taxable","14":"purchasable","15":"product-type-simple","swatches":"rey-swatches","show_selected":""},"acf":[],"_links":{"self":[{"href":"https:\/\/toolhouse.fi\/sv\/wp-json\/wp\/v2\/product\/5759","targetHints":{"allow":["GET"]}}],"collection":[{"href":"https:\/\/toolhouse.fi\/sv\/wp-json\/wp\/v2\/product"}],"about":[{"href":"https:\/\/toolhouse.fi\/sv\/wp-json\/wp\/v2\/types\/product"}],"version-history":[{"count":0,"href":"https:\/\/toolhouse.fi\/sv\/wp-json\/wp\/v2\/product\/5759\/revisions"}],"wp:featuredmedia":[{"embeddable":true,"href":"https:\/\/toolhouse.fi\/sv\/wp-json\/wp\/v2\/media\/6386"}],"wp:attachment":[{"href":"https:\/\/toolhouse.fi\/sv\/wp-json\/wp\/v2\/media?parent=5759"}],"wp:term":[{"taxonomy":"product_cat","embeddable":true,"href":"https:\/\/toolhouse.fi\/sv\/wp-json\/wp\/v2\/product_cat?post=5759"},{"taxonomy":"product_tag","embeddable":true,"href":"https:\/\/toolhouse.fi\/sv\/wp-json\/wp\/v2\/product_tag?post=5759"}],"curies":[{"name":"wp","href":"https:\/\/api.w.org\/{rel}","templated":true}]}}