{"id":5816,"date":"2021-11-30T13:54:26","date_gmt":"2021-11-30T11:54:26","guid":{"rendered":"https:\/\/toolhouse.fi\/?post_type=product&#038;p=5816"},"modified":"2025-11-21T13:48:10","modified_gmt":"2025-11-21T11:48:10","slug":"teleskopisk-vaxelladslyft","status":"publish","type":"product","link":"https:\/\/toolhouse.fi\/sv\/produkt\/teleskopisk-vaxelladslyft\/","title":{"rendered":"V\u00e4xell\u00e5dslyft teleskopisk"},"content":{"rendered":"","protected":false},"excerpt":{"rendered":"<p>&nbsp;<\/p>\n<p>Stadig och rej\u00e4l lyft med tv\u00e5stegs teleskopcylinder och l\u00e5ng slagl\u00e4ngd.<\/p>\n<p>Utrustad med sv\u00e4ng och tiltbar adapter.<\/p>\n<p>Anv\u00e4nds till att bland annat lyfta motor, v\u00e4xell\u00e5da, hjulupph\u00e4ngningsarbete med mera.<\/p>\n<p>&nbsp;<\/p>\n<p>&nbsp;<\/p>\n<ul>\n<li>Minsta h\u00f6jd 850 mm, f\u00e5r plats under 1 meters saxlyft.<\/li>\n<li>Sv\u00e4ng och tiltbar adapter.<\/li>\n<li>Teleskopcylinder med l\u00e5ng slagl\u00e4ngd.<\/li>\n<li>Fotpedal.<\/li>\n<li>Inbyggd s\u00e4kerhetsventil skyddar mot \u00f6verbelastning.<\/li>\n<li>H\u00e5rdf\u00f6rkromad kolvst\u00e5ng och pumpkolv s\u00e4krar l\u00e5ng livstid.<\/li>\n<li>Kapacitet 500 kg.<\/li>\n<li>Minsta h\u00f6jd 850 mm.<\/li>\n<li>Maximal h\u00f6jd 1750 mm<\/li>\n<li>Bredd 800 mm<\/li>\n<li>Vikt 42 kg<\/li>\n<li>Ce m\u00e4rkt<\/li>\n<li>Garanti 12 m\u00e5nader<\/li>\n<\/ul>\n<p>&nbsp;<\/p>\n","protected":false},"featured_media":6190,"template":"","meta":{"_acf_changed":false,"_seopress_robots_primary_cat":"none","_seopress_titles_title":"","_seopress_titles_desc":"","_seopress_robots_index":""},"product_cat":[20,281,460],"product_tag":[],"class_list":{"0":"post-5816","1":"product","2":"type-product","3":"status-publish","4":"has-post-thumbnail","6":"product_cat-lyftteknik","7":"product_cat-motorlyft-vaxelladslyft","8":"product_cat-vaxelladslyft","9":"product_shipping_class-frakt-1980","11":"first","12":"instock","13":"taxable","14":"shipping-taxable","15":"purchasable","16":"product-type-simple","swatches":"rey-swatches","show_selected":""},"acf":[],"_links":{"self":[{"href":"https:\/\/toolhouse.fi\/sv\/wp-json\/wp\/v2\/product\/5816","targetHints":{"allow":["GET"]}}],"collection":[{"href":"https:\/\/toolhouse.fi\/sv\/wp-json\/wp\/v2\/product"}],"about":[{"href":"https:\/\/toolhouse.fi\/sv\/wp-json\/wp\/v2\/types\/product"}],"version-history":[{"count":1,"href":"https:\/\/toolhouse.fi\/sv\/wp-json\/wp\/v2\/product\/5816\/revisions"}],"predecessor-version":[{"id":17666,"href":"https:\/\/toolhouse.fi\/sv\/wp-json\/wp\/v2\/product\/5816\/revisions\/17666"}],"wp:featuredmedia":[{"embeddable":true,"href":"https:\/\/toolhouse.fi\/sv\/wp-json\/wp\/v2\/media\/6190"}],"wp:attachment":[{"href":"https:\/\/toolhouse.fi\/sv\/wp-json\/wp\/v2\/media?parent=5816"}],"wp:term":[{"taxonomy":"product_cat","embeddable":true,"href":"https:\/\/toolhouse.fi\/sv\/wp-json\/wp\/v2\/product_cat?post=5816"},{"taxonomy":"product_tag","embeddable":true,"href":"https:\/\/toolhouse.fi\/sv\/wp-json\/wp\/v2\/product_tag?post=5816"}],"curies":[{"name":"wp","href":"https:\/\/api.w.org\/{rel}","templated":true}]}}