{"id":6097,"date":"2021-12-17T21:59:50","date_gmt":"2021-12-17T19:59:50","guid":{"rendered":"https:\/\/toolhouse.fi\/?post_type=product&#038;p=6097"},"modified":"2024-10-23T16:09:37","modified_gmt":"2024-10-23T13:09:37","slug":"monteringshuvud-for-mc-atv-dack","status":"publish","type":"product","link":"https:\/\/toolhouse.fi\/sv\/produkt\/monteringshuvud-for-mc-atv-dack\/","title":{"rendered":"Monteringshuvud f\u00f6r mc\/atv d\u00e4ck"},"content":{"rendered":"","protected":false},"excerpt":{"rendered":"<p>Monteringshuvud med slimmad design som \u00e4r anpassad f\u00f6r mc, atv, mopedd\u00e4ck och liknande.<\/p>\n<p>Monteringsh\u00e5l 29mm.<\/p>\n<p>Fyra st l\u00e5sskruvar.<\/p>\n<p>Passar bland annat till Redats:<\/p>\n<p>M-111<\/p>\n<p>M-130<\/p>\n<p>M-201<\/p>\n<p>M-205<\/p>\n<p>M-211<\/p>\n<p>M-221<\/p>\n<p>M-250<\/p>\n<p>Passar inte till Redats M-230 och M-120<\/p>\n<p>&nbsp;<\/p>\n<p>&nbsp;<\/p>\n","protected":false},"featured_media":6102,"template":"","meta":{"_acf_changed":false,"_seopress_robots_primary_cat":"","_seopress_titles_title":"","_seopress_titles_desc":"","_seopress_robots_index":""},"product_cat":[186,593,160],"product_tag":[],"class_list":{"0":"post-6097","1":"product","2":"type-product","3":"status-publish","4":"has-post-thumbnail","6":"product_cat-dackmaskiner","7":"product_cat-tillbehor-och-reservdelar","8":"product_cat-tillbehor-verktyg","9":"product_shipping_class-tillbehor-590","11":"first","12":"instock","13":"taxable","14":"shipping-taxable","15":"purchasable","16":"product-type-simple","swatches":"rey-swatches","show_selected":""},"acf":[],"_links":{"self":[{"href":"https:\/\/toolhouse.fi\/sv\/wp-json\/wp\/v2\/product\/6097","targetHints":{"allow":["GET"]}}],"collection":[{"href":"https:\/\/toolhouse.fi\/sv\/wp-json\/wp\/v2\/product"}],"about":[{"href":"https:\/\/toolhouse.fi\/sv\/wp-json\/wp\/v2\/types\/product"}],"version-history":[{"count":0,"href":"https:\/\/toolhouse.fi\/sv\/wp-json\/wp\/v2\/product\/6097\/revisions"}],"wp:featuredmedia":[{"embeddable":true,"href":"https:\/\/toolhouse.fi\/sv\/wp-json\/wp\/v2\/media\/6102"}],"wp:attachment":[{"href":"https:\/\/toolhouse.fi\/sv\/wp-json\/wp\/v2\/media?parent=6097"}],"wp:term":[{"taxonomy":"product_cat","embeddable":true,"href":"https:\/\/toolhouse.fi\/sv\/wp-json\/wp\/v2\/product_cat?post=6097"},{"taxonomy":"product_tag","embeddable":true,"href":"https:\/\/toolhouse.fi\/sv\/wp-json\/wp\/v2\/product_tag?post=6097"}],"curies":[{"name":"wp","href":"https:\/\/api.w.org\/{rel}","templated":true}]}}