{"id":6520,"date":"2022-02-05T22:42:05","date_gmt":"2022-02-05T20:42:05","guid":{"rendered":"https:\/\/toolhouse.fi\/?post_type=product&#038;p=6520"},"modified":"2024-10-27T11:37:16","modified_gmt":"2024-10-27T09:37:16","slug":"spiralslang-10m-8x12mm","status":"publish","type":"product","link":"https:\/\/toolhouse.fi\/sv\/produkt\/spiralslang-10m-8x12mm\/","title":{"rendered":"Spiralslang 10m 8x12mm"},"content":{"rendered":"","protected":false},"excerpt":{"rendered":"<p>Flexibel spiralslang av polyuretan med fabriksmonterade snabbkopplingar.<\/p>\n<p>Brytskydd med st\u00e5lfj\u00e4der och snabbkopplingar av h\u00f6g kvalitet garanterar l\u00e5ng livsl\u00e4ngd.<\/p>\n<p>Polyuretanslang (pur) har bra motst\u00e5nd mot slitage, oljor och l\u00f6sningsmedel.<\/p>\n<p>&nbsp;<\/p>\n<ul>\n<li>Tillverkare: Redats<\/li>\n<li>Inv\u00e4ndig diameter 8 mm<\/li>\n<li>Utv\u00e4ndig diameter 12 mm<\/li>\n<li>L\u00e4ngd 10 m<\/li>\n<li>Max arbetstryck 10 bar<\/li>\n<li>Arbetstemperatur: fr\u00e5n -20C\u00b0 till +75C\u00b0<\/li>\n<\/ul>\n","protected":false},"featured_media":6521,"template":"","meta":{"_acf_changed":false,"_seopress_robots_primary_cat":"","_seopress_titles_title":"","_seopress_titles_desc":"","_seopress_robots_index":""},"product_cat":[216,320],"product_tag":[],"class_list":{"0":"post-6520","1":"product","2":"type-product","3":"status-publish","4":"has-post-thumbnail","6":"product_cat-tryckluft-och-kompressor","7":"product_cat-tryckluftslang","8":"product_shipping_class-tillbehor-590","10":"first","11":"instock","12":"taxable","13":"shipping-taxable","14":"purchasable","15":"product-type-simple","swatches":"rey-swatches","show_selected":""},"acf":[],"_links":{"self":[{"href":"https:\/\/toolhouse.fi\/sv\/wp-json\/wp\/v2\/product\/6520","targetHints":{"allow":["GET"]}}],"collection":[{"href":"https:\/\/toolhouse.fi\/sv\/wp-json\/wp\/v2\/product"}],"about":[{"href":"https:\/\/toolhouse.fi\/sv\/wp-json\/wp\/v2\/types\/product"}],"version-history":[{"count":1,"href":"https:\/\/toolhouse.fi\/sv\/wp-json\/wp\/v2\/product\/6520\/revisions"}],"predecessor-version":[{"id":18523,"href":"https:\/\/toolhouse.fi\/sv\/wp-json\/wp\/v2\/product\/6520\/revisions\/18523"}],"wp:featuredmedia":[{"embeddable":true,"href":"https:\/\/toolhouse.fi\/sv\/wp-json\/wp\/v2\/media\/6521"}],"wp:attachment":[{"href":"https:\/\/toolhouse.fi\/sv\/wp-json\/wp\/v2\/media?parent=6520"}],"wp:term":[{"taxonomy":"product_cat","embeddable":true,"href":"https:\/\/toolhouse.fi\/sv\/wp-json\/wp\/v2\/product_cat?post=6520"},{"taxonomy":"product_tag","embeddable":true,"href":"https:\/\/toolhouse.fi\/sv\/wp-json\/wp\/v2\/product_tag?post=6520"}],"curies":[{"name":"wp","href":"https:\/\/api.w.org\/{rel}","templated":true}]}}