{"id":6532,"date":"2022-02-06T12:46:35","date_gmt":"2022-02-06T10:46:35","guid":{"rendered":"https:\/\/toolhouse.fi\/?post_type=product&#038;p=6532"},"modified":"2025-12-10T19:20:53","modified_gmt":"2025-12-10T17:20:53","slug":"magnetskal","status":"publish","type":"product","link":"https:\/\/toolhouse.fi\/sv\/produkt\/magnetskal\/","title":{"rendered":"Magnetsk\u00e5l"},"content":{"rendered":"","protected":false},"excerpt":{"rendered":"<p>&nbsp;<\/p>\n<p>Beh\u00e4ndig magnetsk\u00e5l i slagt\u00e5lig abs plast med vinylkl\u00e4dd magnetfot.<\/p>\n<p>Kan f\u00e4stas p\u00e5 t.ex. bilen utan att repa lacken.<\/p>\n<p>Kan anv\u00e4ndas p\u00e5 b\u00e5de horisontala och vertikala ytor, f\u00f6r s\u00e4ker f\u00f6rvaring av hjulbultar, skruvar, muttrar m.m.<\/p>\n<p>Sk\u00e5len \u00e4r magnetisk p\u00e5 b\u00e5de insidan och undertill.<\/p>\n<p>&nbsp;<\/p>\n<p>V\u00e4lj antal fr\u00e5n listan.<\/p>\n<p>1 st 8,50\u20ac<\/p>\n<p>4 st 29\u20ac<\/p>\n<p>&nbsp;<\/p>\n<ul>\n<li>Tillverkare: Redats<\/li>\n<li>Material: abs plast<\/li>\n<li>M\u00e5tt: 150 x 125 x 160 mm<\/li>\n<\/ul>\n","protected":false},"featured_media":6640,"template":"","meta":{"_acf_changed":false,"_seopress_robots_primary_cat":"","_seopress_titles_title":"","_seopress_titles_desc":"","_seopress_robots_index":""},"product_cat":[349,336,21,587],"product_tag":[],"class_list":{"0":"post-6532","1":"product","2":"type-product","3":"status-publish","4":"has-post-thumbnail","6":"product_cat-ovrigt","7":"product_cat-verktyg","8":"product_cat-verkstadsutrustning","9":"product_cat-verktygsvagnar-forvaring","10":"product_shipping_class-tillbehor-590","12":"first","13":"instock","14":"taxable","15":"shipping-taxable","16":"purchasable","17":"product-type-variable","swatches":"rey-swatches","show_selected":""},"acf":[],"_links":{"self":[{"href":"https:\/\/toolhouse.fi\/sv\/wp-json\/wp\/v2\/product\/6532","targetHints":{"allow":["GET"]}}],"collection":[{"href":"https:\/\/toolhouse.fi\/sv\/wp-json\/wp\/v2\/product"}],"about":[{"href":"https:\/\/toolhouse.fi\/sv\/wp-json\/wp\/v2\/types\/product"}],"version-history":[{"count":1,"href":"https:\/\/toolhouse.fi\/sv\/wp-json\/wp\/v2\/product\/6532\/revisions"}],"predecessor-version":[{"id":18522,"href":"https:\/\/toolhouse.fi\/sv\/wp-json\/wp\/v2\/product\/6532\/revisions\/18522"}],"wp:featuredmedia":[{"embeddable":true,"href":"https:\/\/toolhouse.fi\/sv\/wp-json\/wp\/v2\/media\/6640"}],"wp:attachment":[{"href":"https:\/\/toolhouse.fi\/sv\/wp-json\/wp\/v2\/media?parent=6532"}],"wp:term":[{"taxonomy":"product_cat","embeddable":true,"href":"https:\/\/toolhouse.fi\/sv\/wp-json\/wp\/v2\/product_cat?post=6532"},{"taxonomy":"product_tag","embeddable":true,"href":"https:\/\/toolhouse.fi\/sv\/wp-json\/wp\/v2\/product_tag?post=6532"}],"curies":[{"name":"wp","href":"https:\/\/api.w.org\/{rel}","templated":true}]}}