{"id":6659,"date":"2022-02-12T13:24:33","date_gmt":"2022-02-12T11:24:33","guid":{"rendered":"https:\/\/toolhouse.fi\/?post_type=product&#038;p=6659"},"modified":"2025-12-11T15:09:19","modified_gmt":"2025-12-11T13:09:19","slug":"pk-4000g-golvfri-tvapelarlyft","status":"publish","type":"product","link":"https:\/\/toolhouse.fi\/sv\/produkt\/pk-4000g-golvfri-tvapelarlyft\/","title":{"rendered":"PK-4000G Golvfri tv\u00e5pelarlyft."},"content":{"rendered":"<table style=\"height: 485px;\" border=\"0\" width=\"436\" cellspacing=\"0\" cellpadding=\"2\">\n<tbody>\n<tr>\n<td width=\"322\"><b>H\u00f6gsta till\u00e5tna vikt\u00a0:<\/b><\/td>\n<td width=\"93\">4000 kg<\/td>\n<\/tr>\n<tr>\n<td bgcolor=\"#f1f1f1\" width=\"322\"><b>Lyfth\u00f6jd:<\/b><\/td>\n<td bgcolor=\"#f1f1f1\" width=\"93\">100 \u20131900mm<\/td>\n<\/tr>\n<tr>\n<td width=\"322\"><b>Automatiska s\u00e4kerhetsl\u00e5s :<\/b><\/td>\n<td width=\"93\">Ja<\/td>\n<\/tr>\n<tr>\n<td bgcolor=\"#f1f1f1\" width=\"322\"><b>Drift\u00a0:<\/b><\/td>\n<td bgcolor=\"#f1f1f1\" width=\"93\">Hydraulisk<\/td>\n<\/tr>\n<tr>\n<td width=\"322\"><b>Lyfttid\u00a0:<\/b><\/td>\n<td width=\"93\">35 sekunder<\/td>\n<\/tr>\n<tr>\n<td bgcolor=\"#f1f1f1\" width=\"322\"><b>230V elutag :<\/b><\/td>\n<td bgcolor=\"#f1f1f1\" width=\"93\">ja<\/td>\n<\/tr>\n<tr>\n<td width=\"322\"><b>Bredd mellan pelare:<\/b><\/p>\n<p><strong>Genomk\u00f6rningsbredd:<\/strong><\/td>\n<td width=\"93\">2900 mm<\/p>\n<p>2640 mm<\/td>\n<\/tr>\n<tr>\n<td bgcolor=\"#f1f1f1\" width=\"322\"><b>H\u00f6jd :<\/b><\/td>\n<td bgcolor=\"#f1f1f1\" width=\"93\">3880 mm<\/td>\n<\/tr>\n<tr>\n<td width=\"322\"><b>Bredd\u00a0:<\/b><\/p>\n<p><strong>Vikt:<\/strong><\/td>\n<td width=\"93\">3445 mm<\/p>\n<p>660kg<\/td>\n<\/tr>\n<tr>\n<td bgcolor=\"#f1f1f1\" width=\"322\"><b>Sp\u00e4nning\u00a0:<\/b><\/td>\n<td bgcolor=\"#f1f1f1\" width=\"93\">400V<\/td>\n<\/tr>\n<tr>\n<td width=\"322\"><b>Garanti\u00a0:<\/b><\/td>\n<td width=\"93\">12 m\u00e5nader<\/td>\n<\/tr>\n<tr>\n<td bgcolor=\"#f1f1f1\" width=\"322\"><strong>Ce m\u00e4rkt\u00a0:<\/strong><\/td>\n<td bgcolor=\"#f1f1f1\" width=\"93\"><strong>Ja<\/strong><\/td>\n<\/tr>\n<tr>\n<td width=\"322\"><strong>Fritt golv:<\/strong><\/td>\n<td width=\"93\"><strong>Ja<\/strong><\/td>\n<\/tr>\n<tr>\n<td bgcolor=\"#f1f1f1\" width=\"322\"><strong>Motoreffekt:<\/strong><\/td>\n<td bgcolor=\"#f1f1f1\" width=\"93\"><strong>2,2kw<\/strong><\/td>\n<\/tr>\n<tr>\n<td width=\"322\"><strong>Man\u00f6versp\u00e4nning<\/strong><\/p>\n<p>&nbsp;<\/p>\n<p><strong>Modell<\/strong><\/td>\n<td width=\"93\"><strong>24 v<\/strong><\/p>\n<p>&nbsp;<\/p>\n<p><strong>Pk-4000g<\/strong><\/td>\n<\/tr>\n<\/tbody>\n<\/table>\n","protected":false},"excerpt":{"rendered":"<ul>\n<li>Hydraulisk tv\u00e5pelarlyft.<\/li>\n<li>400V<\/li>\n<li>Golvfri modell<\/li>\n<li>Lyftkapacitet 4000kg.<\/li>\n<li>Lyfth\u00f6jd 100 \u2013 1900 mm<\/li>\n<li>Automatiska 24 volts s\u00e4kerhetsl\u00e5s.<\/li>\n<li>Totalh\u00f6jd 3880mm<\/li>\n<li>230V eluttag<\/li>\n<\/ul>\n<p>PK-4000G \u00e4r h\u00f6gre och bredare \u00e4n\u00a0 andra motsvarande lyftar vilket ger dig m\u00f6jlighet att lyfta st\u00f6rre fordon.<\/p>\n<p>L\u00e5nga teleskopiska lyftarmar underl\u00e4ttar n\u00e4r du lyfter l\u00e5nga fordon och bilar med lyftpunkt l\u00e5ngt in tex bilar med ram.<\/p>\n<p>Lyftdynorna \u00e4r\u00a0 tillverkade av oljebest\u00e4ndigt gummi, och som tillbeh\u00f6r finns f\u00f6rh\u00f6jningar i tv\u00e5 olika l\u00e4ngder.<\/p>\n<p>&nbsp;<\/p>\n<p><strong>H\u00f6g s\u00e4kerhet<\/strong><\/p>\n<p>P\u00e5 PK-4000G aktiveras s\u00e4kerhetssp\u00e4rrsystemet automatiskt n\u00e4r bilen lyfts, dessutom stoppas lyftprocessen n\u00e4r bilen n\u00e5r maximal lyfth\u00f6jd vilket garanterar perfekt s\u00e4kerhet vid anv\u00e4ndning.<\/p>\n<p>Gummif\u00f6rsett takskydd med brytare om bilen \u00e4r f\u00f6r h\u00f6g.<\/p>\n<p>Standardutrustad med gummiskydd som skyddar bild\u00f6rren vid \u00f6ppning.<\/p>\n<p>Lyften \u00e4r utrustad med n\u00f6dstopp och kl\u00e4mskydd.<\/p>\n<p>&nbsp;<\/p>\n<p><strong>Automatisk<\/strong><\/p>\n<p><img alt=\"\" fetchpriority=\"high\" decoding=\"async\" class=\"wp-image-8851 size-medium alignleft\" src=\"http:\/\/toolhouse.fi\/wp-content\/uploads\/2022\/02\/4T-2-pilari-2-300x225.jpg\" alt=\"\" width=\"300\" height=\"225\" srcset=\"https:\/\/toolhouse.fi\/wp-content\/uploads\/2022\/02\/4T-2-pilari-2-300x225.jpg 300w, https:\/\/toolhouse.fi\/wp-content\/uploads\/2022\/02\/4T-2-pilari-2-510x383.jpg 510w, https:\/\/toolhouse.fi\/wp-content\/uploads\/2022\/02\/4T-2-pilari-2-768x576.jpg 768w, https:\/\/toolhouse.fi\/wp-content\/uploads\/2022\/02\/4T-2-pilari-2-400x300.jpg 400w, https:\/\/toolhouse.fi\/wp-content\/uploads\/2022\/02\/4T-2-pilari-2-700x525.jpg 700w, https:\/\/toolhouse.fi\/wp-content\/uploads\/2022\/02\/4T-2-pilari-2.jpg 1000w\" sizes=\"(max-width: 300px) 100vw, 300px\" \/>F\u00f6rdelen med den automatiska lyften \u00e4r bekv\u00e4m kontroll av lyft och s\u00e4nkprocessen. Med knapparna p\u00e5 kontrollpanelen styrs allt, utan att beh\u00f6va sl\u00e4ppa l\u00e5set manuellt vid varje pelare. P\u00e5 den h\u00e4r modellen har b\u00e5da pelarna 24 volts elektromagneter som automatiskt inaktiverar l\u00e5sen n\u00e4r s\u00e4nkningsknappen p\u00e5 kontrollpanelen trycks in.<\/p>\n<p>&nbsp;<\/p>\n","protected":false},"featured_media":8859,"template":"","meta":{"_acf_changed":false,"_seopress_robots_primary_cat":"none","_seopress_titles_title":"","_seopress_titles_desc":"","_seopress_robots_index":""},"product_cat":[278,458,20],"product_tag":[],"class_list":{"0":"post-6659","1":"product","2":"type-product","3":"status-publish","4":"has-post-thumbnail","6":"product_cat-2-pelarlyft","7":"product_cat-fordonslyftar","8":"product_cat-lyftteknik","9":"product_shipping_class-frakt149e","11":"first","12":"instock","13":"sale","14":"taxable","15":"shipping-taxable","16":"purchasable","17":"product-type-simple","swatches":"rey-swatches","show_selected":""},"acf":[],"_links":{"self":[{"href":"https:\/\/toolhouse.fi\/sv\/wp-json\/wp\/v2\/product\/6659","targetHints":{"allow":["GET"]}}],"collection":[{"href":"https:\/\/toolhouse.fi\/sv\/wp-json\/wp\/v2\/product"}],"about":[{"href":"https:\/\/toolhouse.fi\/sv\/wp-json\/wp\/v2\/types\/product"}],"version-history":[{"count":3,"href":"https:\/\/toolhouse.fi\/sv\/wp-json\/wp\/v2\/product\/6659\/revisions"}],"predecessor-version":[{"id":28660,"href":"https:\/\/toolhouse.fi\/sv\/wp-json\/wp\/v2\/product\/6659\/revisions\/28660"}],"wp:featuredmedia":[{"embeddable":true,"href":"https:\/\/toolhouse.fi\/sv\/wp-json\/wp\/v2\/media\/8859"}],"wp:attachment":[{"href":"https:\/\/toolhouse.fi\/sv\/wp-json\/wp\/v2\/media?parent=6659"}],"wp:term":[{"taxonomy":"product_cat","embeddable":true,"href":"https:\/\/toolhouse.fi\/sv\/wp-json\/wp\/v2\/product_cat?post=6659"},{"taxonomy":"product_tag","embeddable":true,"href":"https:\/\/toolhouse.fi\/sv\/wp-json\/wp\/v2\/product_tag?post=6659"}],"curies":[{"name":"wp","href":"https:\/\/api.w.org\/{rel}","templated":true}]}}