{"id":6707,"date":"2022-02-15T19:30:56","date_gmt":"2022-02-15T17:30:56","guid":{"rendered":"https:\/\/toolhouse.fi\/?post_type=product&#038;p=6707"},"modified":"2026-02-25T15:51:32","modified_gmt":"2026-02-25T13:51:32","slug":"induktionsvarmare-sherman-2000w","status":"publish","type":"product","link":"https:\/\/toolhouse.fi\/sv\/produkt\/induktionsvarmare-sherman-2000w\/","title":{"rendered":"Induktionsv\u00e4rmare Sherman 2000W"},"content":{"rendered":"<table class=\"compare_featured_fields shop_attributes product_table\">\n<tbody>\n<tr>\n<th style=\"text-align: left;\">\n<p class=\"lead\"><span class=\"compare_featured_name\" style=\"font-size: 75%; color: #282828;\">Tillverkare<\/span><\/p>\n<\/th>\n<td style=\"text-align: left;\" width=\"40%\">\n<p class=\"lead\"><span class=\"compare_featured_name\" style=\"font-size: 75%; color: #282828;\">Sherman\u00a0<\/span><\/p>\n<\/td>\n<\/tr>\n<tr>\n<th style=\"text-align: left;\">\n<p class=\"lead\"><span style=\"font-size: 75%; color: #282828;\"><span class=\"compare_featured_name\">Sp\u00e4nning <\/span><span class=\"compare_featured_unit\">[V]<\/span><\/span><\/p>\n<\/th>\n<td>\n<p class=\"lead\"><span class=\"compare_featured_value\" style=\"font-size: 75%; color: #282828;\">AC 230 50Hz<\/span><\/p>\n<\/td>\n<\/tr>\n<tr>\n<th style=\"text-align: left;\">\n<p class=\"lead\"><span style=\"font-size: 75%; color: #282828;\"><span class=\"compare_featured_name\">Effekt <\/span><span class=\"compare_featured_unit\">[kVA]<\/span><\/span><\/p>\n<\/th>\n<td>\n<p class=\"lead\"><span class=\"compare_featured_value\" style=\"font-size: 75%; color: #282828;\">2.0<\/span><\/p>\n<\/td>\n<\/tr>\n<tr>\n<th style=\"text-align: left;\"><\/th>\n<td style=\"text-align: left;\">\n<p class=\"lead\">\n<\/td>\n<\/tr>\n<tr>\n<th style=\"text-align: left;\">\n<p class=\"lead\"><span style=\"font-size: 75%; color: #282828;\"><span class=\"compare_featured_name\">Induktionsfrekvens <\/span><span class=\"compare_featured_unit\">[kHz]<\/span><\/span><\/p>\n<\/th>\n<td>\n<p class=\"lead\"><span class=\"compare_featured_value\" style=\"font-size: 75%; color: #282828;\">100<\/span><\/p>\n<\/td>\n<\/tr>\n<tr>\n<th style=\"text-align: left;\">\n<p class=\"lead\"><span style=\"font-size: 75%; color: #282828;\"><span class=\"compare_featured_name\">L\u00e4ngd p\u00e5 elkabel <\/span><span class=\"compare_featured_unit\">[m]<\/span><\/span><\/p>\n<\/th>\n<td>\n<p class=\"lead\">\n<\/td>\n<\/tr>\n<tr>\n<th style=\"text-align: left;\">\n<p class=\"lead\"><span style=\"font-size: 75%; color: #282828;\"><span class=\"compare_featured_name\">L\u00e4ngd p\u00e5 slangpaket <\/span><span class=\"compare_featured_unit\">[m]<\/span><\/span><\/p>\n<\/th>\n<td style=\"text-align: left;\">\n<p class=\"lead\"><span class=\"compare_featured_value\" style=\"font-size: 75%; color: #282828;\">2.0<\/span><\/p>\n<\/td>\n<\/tr>\n<tr>\n<th style=\"text-align: left;\">\n<p class=\"lead\"><span style=\"font-size: 75%; color: #282828;\"><span class=\"compare_featured_name\">Vikt <\/span><span class=\"compare_featured_unit\">[kg]<\/span><\/span><\/p>\n<\/th>\n<td>\n<p class=\"lead\"><span class=\"compare_featured_value\" style=\"font-size: 75%; color: #282828;\">4.5<\/span><\/p>\n<\/td>\n<\/tr>\n<tr>\n<th>\n<p class=\"lead\"><span style=\"font-size: 75%; color: #282828;\"><span class=\"compare_featured_name\">M\u00e5tt handtag (L x B x H) <\/span><span class=\"compare_featured_unit\">[mm]<\/span><\/span><\/p>\n<\/th>\n<td><\/td>\n<\/tr>\n<\/tbody>\n<\/table>\n<table class=\"compare_featured_fields shop_attributes product_table\" style=\"height: 804px;\" width=\"368\">\n<tbody>\n<tr>\n<th style=\"text-align: left;\">\n<p class=\"lead\"><span style=\"font-size: 75%; color: #282828;\">M\u00e5tt <span class=\"compare_featured_name\"> (L x B x H) <\/span><span class=\"compare_featured_unit\">[mm]<\/span><\/span><\/p>\n<\/th>\n<td width=\"40%\">\n<p class=\"lead\"><span style=\"font-size: 75%; color: #282828;\">365 x 140 x 200<\/span><\/p>\n<\/td>\n<\/tr>\n<tr>\n<th style=\"text-align: left;\">\n<p class=\"lead\"><span style=\"font-size: 75%; color: #282828;\">Medf\u00f6ljande tillbeh\u00f6r<\/span><\/p>\n<\/th>\n<td>\n<table id=\"tblObj\" class=\"table table-bordered\" style=\"height: 260px;\" width=\"135\">\n<tbody>\n<tr>\n<td><\/td>\n<\/tr>\n<tr>\n<td><\/td>\n<\/tr>\n<tr>\n<td>\n<p class=\"lead\"><span style=\"font-size: 75%; color: #282828;\">1st spole 17mm<\/span><\/p>\n<p class=\"lead\"><span style=\"font-size: 75%; color: #282828;\">1st spole 20mm<\/span><\/p>\n<p class=\"lead\"><span style=\"font-size: 75%; color: #282828;\">1st spole 24mm<\/span><\/p>\n<p class=\"lead\"><span style=\"font-size: 75%; color: #282828;\">1st spole 28mm<\/span><\/p>\n<p class=\"lead\"><span style=\"font-size: 75%; color: #282828;\">1st flat\u00a0 55mm<\/span><\/p>\n<\/td>\n<\/tr>\n<tr>\n<td>\n<p class=\"lead\"><span style=\"font-size: 75%; color: #282828;\">1st flexibel spole<\/span><\/p>\n<p class=\"lead\"><span style=\"font-size: 75%; color: #282828;\">1st punktv\u00e4rmare<\/span><\/p>\n<\/td>\n<\/tr>\n<\/tbody>\n<\/table>\n<\/td>\n<\/tr>\n<tr>\n<th style=\"text-align: left;\"><span style=\"font-size: 110%; color: #282828;\">Garanti<\/span><\/th>\n<td><span style=\"font-size: 110%; color: #282828;\">12 m\u00e5nader<\/span><\/td>\n<\/tr>\n<tr>\n<th style=\"text-align: left;\"><span style=\"font-size: 110%; color: #282828;\">Ce m\u00e4rkt<\/span><\/th>\n<td><span style=\"font-size: 110%; color: #282828;\">Ja<\/span><\/td>\n<\/tr>\n<tr>\n<th style=\"text-align: left;\"><\/th>\n<td><\/td>\n<\/tr>\n<tr>\n<th><\/th>\n<td><\/td>\n<\/tr>\n<tr>\n<th style=\"text-align: left;\">\n<p class=\"lead\">\n<\/th>\n<td><\/td>\n<\/tr>\n<tr>\n<th style=\"text-align: left;\">\n<p class=\"lead\">\n<\/th>\n<td><\/td>\n<\/tr>\n<tr>\n<th style=\"text-align: left;\">\n<p class=\"lead\">\n<\/th>\n<td style=\"text-align: left;\">\n<p class=\"lead\">\n<\/td>\n<\/tr>\n<\/tbody>\n<\/table>\n","protected":false},"excerpt":{"rendered":"<ul>\n<li>2000W<\/li>\n<li>230V<\/li>\n<li>Slangpaket 200cm<\/li>\n<li>Kompakt handtag<\/li>\n<li>Sju olika tillbeh\u00f6r medf\u00f6ljer<\/li>\n<li>B\u00e4rbar<\/li>\n<\/ul>\n<p>&nbsp;<\/p>\n<p>&nbsp;<\/p>\n<p><strong>Sherman Indi-1<\/strong><\/p>\n<p>Effektiv induktionsv\u00e4rmare fr\u00e5n Sherman, med effekt p\u00e5 2000w s\u00e5 lossar den \u00e4ven gr\u00f6vre fastrostade bultar snabbt och enkelt.<\/p>\n<p>&nbsp;<\/p>\n<p>Smidigt handtag ger dig bra \u00e5tkomlighet \u00e4ven p\u00e5 riktigt tr\u00e5nga platser, maskindelen \u00e4r kompakt byggd och v\u00e4ger endast 4,5kg, levereras med slangpaket p\u00e5 200cm.<\/p>\n<p>&nbsp;<\/p>\n<p>Anv\u00e4nds f\u00f6r att v\u00e4rma upp till exempel bultar, muttrar, styrleder och \u00f6vriga elektriskt ledande material.<\/p>\n<p>Skadar inte omgivande detaljer genom att v\u00e4rmen \u00e4r koncentrerad och \u00e4r l\u00e4tt att styra.<\/p>\n<p>&nbsp;<\/p>\n<p>Rikligt med tillbeh\u00f6r f\u00f6ljer med, fyra olika induktionsspiraler, en flat 55 mm spiral, flexibel spiral f\u00f6r tex avgasr\u00f6r och punktv\u00e4rmare.<\/p>\n<p>&nbsp;<\/p>\n<p>&nbsp;<\/p>\n","protected":false},"featured_media":6869,"template":"","meta":{"_acf_changed":false,"_seopress_robots_primary_cat":"none","_seopress_titles_title":"","_seopress_titles_desc":"","_seopress_robots_index":""},"product_cat":[338,304,55,21],"product_tag":[],"class_list":{"0":"post-6707","1":"product","2":"type-product","3":"status-publish","4":"has-post-thumbnail","6":"product_cat-fordonsverktyg","7":"product_cat-induktionsvarmare","8":"product_cat-svets-metallarbete","9":"product_cat-verkstadsutrustning","10":"product_shipping_class-k-160","12":"first","13":"outofstock","14":"taxable","15":"shipping-taxable","16":"purchasable","17":"product-type-simple","swatches":"rey-swatches","show_selected":""},"acf":[],"_links":{"self":[{"href":"https:\/\/toolhouse.fi\/sv\/wp-json\/wp\/v2\/product\/6707","targetHints":{"allow":["GET"]}}],"collection":[{"href":"https:\/\/toolhouse.fi\/sv\/wp-json\/wp\/v2\/product"}],"about":[{"href":"https:\/\/toolhouse.fi\/sv\/wp-json\/wp\/v2\/types\/product"}],"version-history":[{"count":2,"href":"https:\/\/toolhouse.fi\/sv\/wp-json\/wp\/v2\/product\/6707\/revisions"}],"predecessor-version":[{"id":31042,"href":"https:\/\/toolhouse.fi\/sv\/wp-json\/wp\/v2\/product\/6707\/revisions\/31042"}],"wp:featuredmedia":[{"embeddable":true,"href":"https:\/\/toolhouse.fi\/sv\/wp-json\/wp\/v2\/media\/6869"}],"wp:attachment":[{"href":"https:\/\/toolhouse.fi\/sv\/wp-json\/wp\/v2\/media?parent=6707"}],"wp:term":[{"taxonomy":"product_cat","embeddable":true,"href":"https:\/\/toolhouse.fi\/sv\/wp-json\/wp\/v2\/product_cat?post=6707"},{"taxonomy":"product_tag","embeddable":true,"href":"https:\/\/toolhouse.fi\/sv\/wp-json\/wp\/v2\/product_tag?post=6707"}],"curies":[{"name":"wp","href":"https:\/\/api.w.org\/{rel}","templated":true}]}}