{"id":6780,"date":"2022-02-20T10:20:24","date_gmt":"2022-02-20T08:20:24","guid":{"rendered":"https:\/\/toolhouse.fi\/?post_type=product&#038;p=6780"},"modified":"2026-03-17T14:02:09","modified_gmt":"2026-03-17T12:02:09","slug":"sherman-cutter-70","status":"publish","type":"product","link":"https:\/\/toolhouse.fi\/sv\/produkt\/sherman-cutter-70\/","title":{"rendered":"Sherman Cutter 70"},"content":{"rendered":"<p>Tillverkare Sherman<\/p>\n<p>Modell Cutter 70 VERSION 4<\/p>\n<p>Sp\u00e4nning [V] AC 3\u00d7400 50Hz<\/p>\n<p>IGBT-teknologi<\/p>\n<p>Nominell effekt [A] 65<\/p>\n<p>Arbetscykel [%] 60<\/p>\n<p>Max sk\u00e4rtjocklek [mm] 23<\/p>\n<p>Max str\u00f6mf\u00f6rbrukning [A] 12<\/p>\n<p>Max str\u00f6mf\u00f6rbrukning [kVA] 6.9<\/p>\n<p>Luftf\u00f6rbrukning [m3 \/ min] 0,25<\/p>\n<p>Inbyggd tryckregulator och vattenavskiljare med automatisk avtappning.<\/p>\n<p>HF-t\u00e4ndning med Pilot arc<\/p>\n<p>Vikt [kg] 19,4<\/p>\n<p>M\u00e5tt (L x B x H) [mm] 570 x 255 x 490<\/p>\n<p>HF, 2T \/ 4T, Pilot Arc, TEST-funktion<\/p>\n<p>Stegl\u00f6s str\u00f6m justering<\/p>\n<p>Slangpaket [mm] 6000<\/p>\n<p>A-81 sk\u00e4rhantag<\/p>\n<p>Garanti 12 m\u00e5nader<\/p>\n<p>Ce-godk\u00e4nd<\/p>\n","protected":false},"excerpt":{"rendered":"<ul>\n<li>Version 4<\/li>\n<li>Sk\u00e4rkapacitet 23mm<\/li>\n<li>400V<\/li>\n<li>65A<\/li>\n<li>HF, 2T \/ 4T, Pilot arc, TEST<\/li>\n<li><span style=\"color: #282828;\">Slangpaket A-81\u00a0 6m<\/span><\/li>\n<\/ul>\n<h3><span style=\"color: #ffffff; background-color: #ff0000;\"><strong>Erbjudande<\/strong><\/span><\/h3>\n<p>Tillbeh\u00f6rs set p\u00e5 k\u00f6pet n\u00e4r du k\u00f6per en Sherman plasmask\u00e4rare, inneh\u00e5ller: 3st munstycken och 3st elektroder. (V\u00e4rde 27\u20ac)<\/p>\n<p>&nbsp;<\/p>\n<p><strong>Cutter 70 V4<\/strong> h\u00f6r till den nya generationens plasmas\u00e4rare med IGBT teknik, den klarar att sk\u00e4ra i alla elektriskt ledande material som st\u00e5l, rostfritt, galvaniserat, aluminium, koppar och m\u00e4ssing.<\/p>\n<p>&nbsp;<\/p>\n<p><strong>HF t\u00e4ndning med Pilot arc<\/strong>, ger en ber\u00f6ringsfri start och g\u00f6r det m\u00f6jligt att sk\u00e4ra i rostig och m\u00e5lad metall, pilot arc f\u00f6rl\u00e4nger \u00e4ven livsl\u00e4ngden p\u00e5 sk\u00e4rmunstycket.<\/p>\n<p>&nbsp;<\/p>\n<p><strong>Test<\/strong> funktion f\u00f6r kontroll av luftfl\u00f6de och f\u00f6r att ta bort kondens.<\/p>\n<p>&nbsp;<\/p>\n<p>Slangpaket p\u00e5 6 meter med A81 sk\u00e4rhandtag.<\/p>\n<p>2T \/ 4T brytare.<\/p>\n<p>Justering av luftfl\u00f6det p\u00e5 kontrollpanelen.<\/p>\n<p>Inbyggd tryckregulator och vattenavskiljare med automatisk avtappning.<\/p>\n<p>&nbsp;<\/p>\n<p><a href=\"https:\/\/www.youtube.com\/watch?v=4X6bAVm03mo\" target=\"_blank\" rel=\"noopener\"><em><span style=\"color: #ff0000;\">L\u00e4nk till produktvideo<\/span><\/em>\u00a0(p\u00e5 polska)<\/a><\/p>\n","protected":false},"featured_media":32086,"template":"","meta":{"_acf_changed":false,"_seopress_robots_primary_cat":"none","_seopress_titles_title":"","_seopress_titles_desc":"","_seopress_robots_index":""},"product_cat":[254,55],"product_tag":[],"class_list":{"0":"post-6780","1":"product","2":"type-product","3":"status-publish","4":"has-post-thumbnail","6":"product_cat-plasmaskarare","7":"product_cat-svets-metallarbete","8":"product_shipping_class-frakt-1390","10":"first","11":"instock","12":"taxable","13":"shipping-taxable","14":"purchasable","15":"product-type-simple","swatches":"rey-swatches","show_selected":""},"acf":[],"_links":{"self":[{"href":"https:\/\/toolhouse.fi\/sv\/wp-json\/wp\/v2\/product\/6780","targetHints":{"allow":["GET"]}}],"collection":[{"href":"https:\/\/toolhouse.fi\/sv\/wp-json\/wp\/v2\/product"}],"about":[{"href":"https:\/\/toolhouse.fi\/sv\/wp-json\/wp\/v2\/types\/product"}],"version-history":[{"count":3,"href":"https:\/\/toolhouse.fi\/sv\/wp-json\/wp\/v2\/product\/6780\/revisions"}],"predecessor-version":[{"id":32081,"href":"https:\/\/toolhouse.fi\/sv\/wp-json\/wp\/v2\/product\/6780\/revisions\/32081"}],"wp:featuredmedia":[{"embeddable":true,"href":"https:\/\/toolhouse.fi\/sv\/wp-json\/wp\/v2\/media\/32086"}],"wp:attachment":[{"href":"https:\/\/toolhouse.fi\/sv\/wp-json\/wp\/v2\/media?parent=6780"}],"wp:term":[{"taxonomy":"product_cat","embeddable":true,"href":"https:\/\/toolhouse.fi\/sv\/wp-json\/wp\/v2\/product_cat?post=6780"},{"taxonomy":"product_tag","embeddable":true,"href":"https:\/\/toolhouse.fi\/sv\/wp-json\/wp\/v2\/product_tag?post=6780"}],"curies":[{"name":"wp","href":"https:\/\/api.w.org\/{rel}","templated":true}]}}