{"id":6836,"date":"2022-02-22T21:13:37","date_gmt":"2022-02-22T19:13:37","guid":{"rendered":"https:\/\/toolhouse.fi\/?post_type=product&#038;p=6836"},"modified":"2026-04-21T14:50:47","modified_gmt":"2026-04-21T11:50:47","slug":"delar-till-plasma-70-och-90","status":"publish","type":"product","link":"https:\/\/toolhouse.fi\/sv\/produkt\/delar-till-plasma-70-och-90\/","title":{"rendered":"Delar till plasma 70 och 90"},"content":{"rendered":"","protected":false},"excerpt":{"rendered":"<p>&nbsp;<\/p>\n<p>Originaldelar till Sherman cutter 70 och 90 med A81 sk\u00e4rhandtag.<\/p>\n<p>&nbsp;<\/p>\n<ol>\n<li>Diffusor<\/li>\n<li>Elektrod<\/li>\n<li>Munstycke<\/li>\n<li>Gasring<\/li>\n<li>Skyddsk\u00e5pa<\/li>\n<li>Sk\u00e5rst\u00f6d smal<\/li>\n<li>Sk\u00e4rst\u00f6d fj\u00e4der<\/li>\n<li>Sk\u00e4rst\u00f6d bred<\/li>\n<\/ol>\n<p>V\u00e4lj tillbeh\u00f6r fr\u00e5n listan.<\/p>\n","protected":false},"featured_media":6878,"template":"","meta":{"_acf_changed":false,"_seopress_robots_primary_cat":"none","_seopress_titles_title":"","_seopress_titles_desc":"","_seopress_robots_index":"","_seopress_analysis_target_kw":""},"product_cat":[602,601],"product_tag":[],"class_list":{"0":"post-6836","1":"product","2":"type-product","3":"status-publish","4":"has-post-thumbnail","6":"product_cat-plasma-tillbehor","7":"product_cat-plasmaskarning","8":"product_shipping_class-tillbehor-590","10":"first","11":"instock","12":"taxable","13":"shipping-taxable","14":"purchasable","15":"product-type-variable","swatches":"rey-swatches","show_selected":""},"acf":[],"_links":{"self":[{"href":"https:\/\/toolhouse.fi\/sv\/wp-json\/wp\/v2\/product\/6836","targetHints":{"allow":["GET"]}}],"collection":[{"href":"https:\/\/toolhouse.fi\/sv\/wp-json\/wp\/v2\/product"}],"about":[{"href":"https:\/\/toolhouse.fi\/sv\/wp-json\/wp\/v2\/types\/product"}],"version-history":[{"count":0,"href":"https:\/\/toolhouse.fi\/sv\/wp-json\/wp\/v2\/product\/6836\/revisions"}],"wp:featuredmedia":[{"embeddable":true,"href":"https:\/\/toolhouse.fi\/sv\/wp-json\/wp\/v2\/media\/6878"}],"wp:attachment":[{"href":"https:\/\/toolhouse.fi\/sv\/wp-json\/wp\/v2\/media?parent=6836"}],"wp:term":[{"taxonomy":"product_cat","embeddable":true,"href":"https:\/\/toolhouse.fi\/sv\/wp-json\/wp\/v2\/product_cat?post=6836"},{"taxonomy":"product_tag","embeddable":true,"href":"https:\/\/toolhouse.fi\/sv\/wp-json\/wp\/v2\/product_tag?post=6836"}],"curies":[{"name":"wp","href":"https:\/\/api.w.org\/{rel}","templated":true}]}}