{"id":695,"date":"2020-06-14T12:59:59","date_gmt":"2020-06-14T09:59:59","guid":{"rendered":"https:\/\/toolhouse.fi\/?post_type=product&#038;p=695"},"modified":"2025-03-02T08:36:47","modified_gmt":"2025-03-02T06:36:47","slug":"k-160-momentomvandlare","status":"publish","type":"product","link":"https:\/\/toolhouse.fi\/sv\/produkt\/k-160-momentomvandlare\/","title":{"rendered":"K-160 Momentomvandlare"},"content":{"rendered":"<ul>\n<li><span style=\"font-family: Arial, sans-serif;\">Momentomr\u00e5de: Max 7000 Nm<\/span><\/li>\n<li><span style=\"font-family: Arial, sans-serif;\">Fyrkantf\u00e4ste: 1&#8243;<\/span><\/li>\n<li><span style=\"font-family: Arial, sans-serif;\">Utv\u00e4xlingsf\u00f6rh\u00e5llanden: 1:64 \/ 1:4,2 \/ 1:1<\/span><\/li>\n<li><span style=\"font-family: Arial, sans-serif;\">Vikt: 9,2kg<\/span><\/li>\n<li><span style=\"font-family: Arial, sans-serif;\">ing\u00e5r 32 och 33mm hylsa.<\/span><\/li>\n<li><span style=\"font-family: Arial, sans-serif;\">Garanti: 12m\u00e5nader<\/span><\/li>\n<\/ul>\n","protected":false},"excerpt":{"rendered":"<p><span style=\"font-family: Arial, sans-serif;\">Max moment 7000nm!<\/span><\/p>\n<p><span style=\"font-family: Arial, sans-serif;\">M\u00e5ngsidig momentomvandlare f\u00f6r tyngre fordon.<\/span><\/p>\n<p><span style=\"font-family: Arial, sans-serif;\">Lossar enkelt de h\u00e5rdast dragna bultarna tack vare utv\u00e4xlingen.<\/span><\/p>\n<p><span style=\"font-family: Arial, sans-serif;\">Idealisk f\u00f6r tex lastbils hjulmuttrar.<\/span><\/p>\n<p><span style=\"font-family: Arial, sans-serif;\">Planetv\u00e4xeln \u00e4ndras l\u00e4tt mellan 3 olika utv\u00e4xlingar f\u00f6r snabbare arbete.<\/span><\/p>\n<p><span style=\"font-family: Arial, sans-serif;\">Bra justerm\u00e5n p\u00e5 det l\u00e5sbara moth\u00e5llet.<\/span><\/p>\n<p><span style=\"font-family: Arial, sans-serif;\">Bra hj\u00e4lpmedel vid punktering p\u00e5 v\u00e4gen.<\/span><\/p>\n<p><span style=\"font-family: Arial, sans-serif;\">I satsen ing\u00e5r 32 och 33mm hylsa.<\/span><\/p>\n","protected":false},"featured_media":7072,"template":"","meta":{"_acf_changed":false,"_seopress_robots_primary_cat":"none","_seopress_titles_title":"","_seopress_titles_desc":"","_seopress_robots_index":""},"product_cat":[579,160,336,21],"product_tag":[],"class_list":{"0":"post-695","1":"product","2":"type-product","3":"status-publish","4":"has-post-thumbnail","6":"product_cat-momentomvandlare","7":"product_cat-tillbehor-verktyg","8":"product_cat-verktyg","9":"product_cat-verkstadsutrustning","10":"product_shipping_class-tillbehor-590","12":"first","13":"instock","14":"taxable","15":"shipping-taxable","16":"purchasable","17":"product-type-simple","swatches":"rey-swatches","show_selected":""},"acf":[],"_links":{"self":[{"href":"https:\/\/toolhouse.fi\/sv\/wp-json\/wp\/v2\/product\/695","targetHints":{"allow":["GET"]}}],"collection":[{"href":"https:\/\/toolhouse.fi\/sv\/wp-json\/wp\/v2\/product"}],"about":[{"href":"https:\/\/toolhouse.fi\/sv\/wp-json\/wp\/v2\/types\/product"}],"version-history":[{"count":1,"href":"https:\/\/toolhouse.fi\/sv\/wp-json\/wp\/v2\/product\/695\/revisions"}],"predecessor-version":[{"id":18625,"href":"https:\/\/toolhouse.fi\/sv\/wp-json\/wp\/v2\/product\/695\/revisions\/18625"}],"wp:featuredmedia":[{"embeddable":true,"href":"https:\/\/toolhouse.fi\/sv\/wp-json\/wp\/v2\/media\/7072"}],"wp:attachment":[{"href":"https:\/\/toolhouse.fi\/sv\/wp-json\/wp\/v2\/media?parent=695"}],"wp:term":[{"taxonomy":"product_cat","embeddable":true,"href":"https:\/\/toolhouse.fi\/sv\/wp-json\/wp\/v2\/product_cat?post=695"},{"taxonomy":"product_tag","embeddable":true,"href":"https:\/\/toolhouse.fi\/sv\/wp-json\/wp\/v2\/product_tag?post=695"}],"curies":[{"name":"wp","href":"https:\/\/api.w.org\/{rel}","templated":true}]}}