{"id":7047,"date":"2022-03-01T13:35:15","date_gmt":"2022-03-01T11:35:15","guid":{"rendered":"https:\/\/toolhouse.fi\/?post_type=product&#038;p=7047"},"modified":"2025-12-04T13:07:48","modified_gmt":"2025-12-04T11:07:48","slug":"cirkelskarare-for-plasmaskarare","status":"publish","type":"product","link":"https:\/\/toolhouse.fi\/sv\/produkt\/cirkelskarare-for-plasmaskarare\/","title":{"rendered":"Cirkelsk\u00e4rare f\u00f6r plasmask\u00e4rare"},"content":{"rendered":"","protected":false},"excerpt":{"rendered":"<p>Cirkelsk\u00e4rare f\u00f6r plasmask\u00e4rare. Passar till Sherman cutter 70, 90 och andra sk\u00e4rare med A81 sk\u00e4rhandtag.<\/p>\n<p>Satsen inkluderar bland annat magnetf\u00e4ste, f\u00e4ste med spets samt f\u00f6r genomg\u00e5ende h\u00e5l.<\/p>\n<p>Tv\u00e5 stycken st\u00e4nger 250mm och 400mm.<\/p>\n<p>&nbsp;<\/p>\n","protected":false},"featured_media":7054,"template":"","meta":{"_acf_changed":false,"_seopress_robots_primary_cat":"none","_seopress_titles_title":"","_seopress_titles_desc":"","_seopress_robots_index":""},"product_cat":[602,254,601],"product_tag":[],"class_list":{"0":"post-7047","1":"product","2":"type-product","3":"status-publish","4":"has-post-thumbnail","6":"product_cat-plasma-tillbehor","7":"product_cat-plasmaskarare","8":"product_cat-plasmaskarning","9":"product_shipping_class-tillbehor-790","11":"first","12":"outofstock","13":"taxable","14":"shipping-taxable","15":"purchasable","16":"product-type-simple","swatches":"rey-swatches","show_selected":""},"acf":[],"_links":{"self":[{"href":"https:\/\/toolhouse.fi\/sv\/wp-json\/wp\/v2\/product\/7047","targetHints":{"allow":["GET"]}}],"collection":[{"href":"https:\/\/toolhouse.fi\/sv\/wp-json\/wp\/v2\/product"}],"about":[{"href":"https:\/\/toolhouse.fi\/sv\/wp-json\/wp\/v2\/types\/product"}],"version-history":[{"count":1,"href":"https:\/\/toolhouse.fi\/sv\/wp-json\/wp\/v2\/product\/7047\/revisions"}],"predecessor-version":[{"id":18512,"href":"https:\/\/toolhouse.fi\/sv\/wp-json\/wp\/v2\/product\/7047\/revisions\/18512"}],"wp:featuredmedia":[{"embeddable":true,"href":"https:\/\/toolhouse.fi\/sv\/wp-json\/wp\/v2\/media\/7054"}],"wp:attachment":[{"href":"https:\/\/toolhouse.fi\/sv\/wp-json\/wp\/v2\/media?parent=7047"}],"wp:term":[{"taxonomy":"product_cat","embeddable":true,"href":"https:\/\/toolhouse.fi\/sv\/wp-json\/wp\/v2\/product_cat?post=7047"},{"taxonomy":"product_tag","embeddable":true,"href":"https:\/\/toolhouse.fi\/sv\/wp-json\/wp\/v2\/product_tag?post=7047"}],"curies":[{"name":"wp","href":"https:\/\/api.w.org\/{rel}","templated":true}]}}