{"id":7336,"date":"2022-03-18T10:09:40","date_gmt":"2022-03-18T08:09:40","guid":{"rendered":"https:\/\/toolhouse.fi\/?post_type=product&#038;p=7336"},"modified":"2025-10-16T16:26:09","modified_gmt":"2025-10-16T13:26:09","slug":"dackmonteringspasta","status":"publish","type":"product","link":"https:\/\/toolhouse.fi\/sv\/produkt\/dackmonteringspasta\/","title":{"rendered":"D\u00e4ckmonteringspasta"},"content":{"rendered":"","protected":false},"excerpt":{"rendered":"<p>Redats monteringspasta \u00e4r en petroleumfri produkt.<\/p>\n<p>Rost och korrosionsskyddande<\/p>\n<p>T\u00e4tar mellan f\u00e4lg och d\u00e4ck<\/p>\n<p>Anv\u00e4ndningstemperatur -15 \u00b0C \u2013\u00a0 +50 \u00b0C<\/p>\n<p>5L<\/p>\n","protected":false},"featured_media":7337,"template":"","meta":{"_acf_changed":false,"_seopress_robots_primary_cat":"none","_seopress_titles_title":"","_seopress_titles_desc":"","_seopress_robots_index":""},"product_cat":[593,160],"product_tag":[],"class_list":{"0":"post-7336","1":"product","2":"type-product","3":"status-publish","4":"has-post-thumbnail","6":"product_cat-tillbehor-och-reservdelar","7":"product_cat-tillbehor-verktyg","8":"product_shipping_class-tillbehor-590","10":"first","11":"instock","12":"taxable","13":"shipping-taxable","14":"purchasable","15":"product-type-simple","swatches":"rey-swatches","show_selected":""},"acf":[],"_links":{"self":[{"href":"https:\/\/toolhouse.fi\/sv\/wp-json\/wp\/v2\/product\/7336","targetHints":{"allow":["GET"]}}],"collection":[{"href":"https:\/\/toolhouse.fi\/sv\/wp-json\/wp\/v2\/product"}],"about":[{"href":"https:\/\/toolhouse.fi\/sv\/wp-json\/wp\/v2\/types\/product"}],"version-history":[{"count":1,"href":"https:\/\/toolhouse.fi\/sv\/wp-json\/wp\/v2\/product\/7336\/revisions"}],"predecessor-version":[{"id":18509,"href":"https:\/\/toolhouse.fi\/sv\/wp-json\/wp\/v2\/product\/7336\/revisions\/18509"}],"wp:featuredmedia":[{"embeddable":true,"href":"https:\/\/toolhouse.fi\/sv\/wp-json\/wp\/v2\/media\/7337"}],"wp:attachment":[{"href":"https:\/\/toolhouse.fi\/sv\/wp-json\/wp\/v2\/media?parent=7336"}],"wp:term":[{"taxonomy":"product_cat","embeddable":true,"href":"https:\/\/toolhouse.fi\/sv\/wp-json\/wp\/v2\/product_cat?post=7336"},{"taxonomy":"product_tag","embeddable":true,"href":"https:\/\/toolhouse.fi\/sv\/wp-json\/wp\/v2\/product_tag?post=7336"}],"curies":[{"name":"wp","href":"https:\/\/api.w.org\/{rel}","templated":true}]}}