{"id":7342,"date":"2022-03-18T10:34:10","date_gmt":"2022-03-18T08:34:10","guid":{"rendered":"https:\/\/toolhouse.fi\/?post_type=product&#038;p=7342"},"modified":"2026-04-12T20:33:32","modified_gmt":"2026-04-12T17:33:32","slug":"borste-for-dackpasta","status":"publish","type":"product","link":"https:\/\/toolhouse.fi\/sv\/produkt\/borste-for-dackpasta\/","title":{"rendered":"Borste f\u00f6r d\u00e4ckpasta"},"content":{"rendered":"","protected":false},"excerpt":{"rendered":"<p>Borste f\u00f6r att applicera d\u00e4ckpasta.<\/p>\n<p>L\u00e4ngd 400mm.<\/p>\n","protected":false},"featured_media":7345,"template":"","meta":{"_acf_changed":false,"_seopress_robots_primary_cat":"none","_seopress_titles_title":"","_seopress_titles_desc":"","_seopress_robots_index":"","_seopress_analysis_target_kw":""},"product_cat":[593,160],"product_tag":[],"class_list":{"0":"post-7342","1":"product","2":"type-product","3":"status-publish","4":"has-post-thumbnail","6":"product_cat-tillbehor-och-reservdelar","7":"product_cat-tillbehor-verktyg","8":"product_shipping_class-tillbehor-490","10":"first","11":"instock","12":"taxable","13":"shipping-taxable","14":"purchasable","15":"product-type-simple","swatches":"rey-swatches","show_selected":""},"acf":[],"_links":{"self":[{"href":"https:\/\/toolhouse.fi\/sv\/wp-json\/wp\/v2\/product\/7342","targetHints":{"allow":["GET"]}}],"collection":[{"href":"https:\/\/toolhouse.fi\/sv\/wp-json\/wp\/v2\/product"}],"about":[{"href":"https:\/\/toolhouse.fi\/sv\/wp-json\/wp\/v2\/types\/product"}],"version-history":[{"count":0,"href":"https:\/\/toolhouse.fi\/sv\/wp-json\/wp\/v2\/product\/7342\/revisions"}],"wp:featuredmedia":[{"embeddable":true,"href":"https:\/\/toolhouse.fi\/sv\/wp-json\/wp\/v2\/media\/7345"}],"wp:attachment":[{"href":"https:\/\/toolhouse.fi\/sv\/wp-json\/wp\/v2\/media?parent=7342"}],"wp:term":[{"taxonomy":"product_cat","embeddable":true,"href":"https:\/\/toolhouse.fi\/sv\/wp-json\/wp\/v2\/product_cat?post=7342"},{"taxonomy":"product_tag","embeddable":true,"href":"https:\/\/toolhouse.fi\/sv\/wp-json\/wp\/v2\/product_tag?post=7342"}],"curies":[{"name":"wp","href":"https:\/\/api.w.org\/{rel}","templated":true}]}}